{"id":24916,"date":"2023-05-06T22:16:54","date_gmt":"2023-05-06T20:16:54","guid":{"rendered":"https:\/\/printagram.com\/?post_type=product&#038;p=24916"},"modified":"2025-01-26T20:04:03","modified_gmt":"2025-01-26T19:04:03","slug":"wizytowki-lakier-uv-wypukly-usmiech-jak-z-obrazka-1019","status":"publish","type":"product","link":"https:\/\/printagram.com\/pl\/produkt\/wizytowki-lakier-uv-wypukly-usmiech-jak-z-obrazka-1019\/","title":{"rendered":"Wizyt\u00f3wki lakier UV wypuk\u0142y &#8220;U\u015bmiech jak z obrazka&#8221; #1019"},"content":{"rendered":"<p>Wizyt\u00f3wki pe\u0142nokolorowe z elementami projektu pokrytymi wypuk\u0142ym przezroczystym lakierem. Lakier UV nadaje blasku wyr\u00f3\u017cnionym na wizyt\u00f3wce elementom (na przyk\u0142ad logo). Pokryte nim obiekty wydaj\u0105 si\u0119 jakby &#8220;namalowane&#8221; g\u0119st\u0105, plastyczn\u0105, b\u0142yszcz\u0105c\u0105 farb\u0105. Promienie \u015bwiat\u0142a odbijaj\u0105c si\u0119 podkre\u015blaj\u0105 wypuk\u0142o\u015b\u0107, kt\u00f3r\u0105 \u0142atwo wyczu\u0107. Przy dotykaniu wyczuwa si\u0119 \u015blisko\u015b\u0107 i g\u0142adko\u015b\u0107 lakieru UV, kt\u00f3ry kontrastuje z aksamitn\u0105 &#8220;mi\u0119kk\u0105&#8221; powierzchni\u0105 papieru pokrytego foli\u0105 soft-touch.<\/p>\n<p class=\"szukasz\"><strong>Szukasz innych opcji?<\/strong> Je\u015bli chcesz mo\u017cesz skonfigurowa\u0107 w\u0142asne wizyt\u00f3wki tego typu z wszystkimi mo\u017cliwymi opcjami korzystaj\u0105c z <a href=\"\/pl\/produkt\/konfigurator-wizytowki-lakier-uv-wypukly\/\">konfiguratora wizyt\u00f3wek UV wypuk\u0142ych<\/a><\/p>\n<h5>Lakierowanie UV wybi\u00f3rcze<\/h5>\n<p>Lakier na\u0142o\u017cony na matow\u0105 powierzchni\u0119 powoduje \u017ce wybrane elementy takie jak logo, grafika, nazwisko itp s\u0105 b\u0142yszcz\u0105ce i \u0142adnie uwydatnione. Mo\u017cna te\u017c utworzy\u0107 nowe elementy graficzne widoczne pod odpowiednim k\u0105tem wzbogacaj\u0105ce projekt. Dzi\u0119ki temu mo\u017cna stosowa\u0107 lakierowane t\u0142a, \"znaki wodne\", desenie, tekstury itp. Wi\u0119cej o samej technice mo\u017cna przeczyta\u0107 w <a href=\"\/pl\/lakier-uv-selektywny\/\">artykule o lakierowaniu UV<\/a>.<\/p>\n\n","protected":false},"excerpt":{"rendered":"<p>Wizyt\u00f3wki o gramaturze 350, pe\u0142nokolorowe, laminowane soft-touch (mi\u0142e w dotyku). Z przodu lakier UV wypuk\u0142y.<\/p>\n","protected":false},"featured_media":24497,"template":"","meta":{"_seopress_robots_primary_cat":"","_seopress_titles_title":"","_seopress_titles_desc":"","_seopress_robots_index":""},"product_brand":[],"product_cat":[412],"product_tag":[444,448,437,446],"class_list":{"0":"post-24916","1":"product","2":"type-product","3":"status-publish","4":"has-post-thumbnail","6":"product_cat-wizytowki-lakier-uv","7":"product_tag-firma-biuro","8":"product_tag-konferencje-kursy-szkolenia","9":"product_tag-lakier-uv-selektywny","10":"product_tag-promowanie","12":"first","13":"instock","14":"taxable","15":"shipping-taxable","16":"purchasable","17":"product-type-simple"},"_links":{"self":[{"href":"https:\/\/printagram.com\/pl\/wp-json\/wp\/v2\/product\/24916","targetHints":{"allow":["GET"]}}],"collection":[{"href":"https:\/\/printagram.com\/pl\/wp-json\/wp\/v2\/product"}],"about":[{"href":"https:\/\/printagram.com\/pl\/wp-json\/wp\/v2\/types\/product"}],"wp:featuredmedia":[{"embeddable":true,"href":"https:\/\/printagram.com\/pl\/wp-json\/wp\/v2\/media\/24497"}],"wp:attachment":[{"href":"https:\/\/printagram.com\/pl\/wp-json\/wp\/v2\/media?parent=24916"}],"wp:term":[{"taxonomy":"product_brand","embeddable":true,"href":"https:\/\/printagram.com\/pl\/wp-json\/wp\/v2\/product_brand?post=24916"},{"taxonomy":"product_cat","embeddable":true,"href":"https:\/\/printagram.com\/pl\/wp-json\/wp\/v2\/product_cat?post=24916"},{"taxonomy":"product_tag","embeddable":true,"href":"https:\/\/printagram.com\/pl\/wp-json\/wp\/v2\/product_tag?post=24916"}],"curies":[{"name":"wp","href":"https:\/\/api.w.org\/{rel}","templated":true}]}}