{"id":24789,"date":"2023-05-04T14:15:30","date_gmt":"2023-05-04T12:15:30","guid":{"rendered":"https:\/\/printagram.com\/produkt\/wizytowki-tloczone-czarne-kaszerowane-graphic-guru-1006-copy\/"},"modified":"2025-02-03T22:49:25","modified_gmt":"2025-02-03T21:49:25","slug":"wizytowki-czarny-papier-lakierowane-glosno-i-wyraznie-1004","status":"publish","type":"product","link":"https:\/\/printagram.com\/pl\/produkt\/wizytowki-czarny-papier-lakierowane-glosno-i-wyraznie-1004\/","title":{"rendered":"Wizyt\u00f3wki czarne z lakierem UV 3D &#8220;G\u0142o\u015bno i wyra\u017anie&#8221; #1004"},"content":{"rendered":"<p>Wi\u0119cej informacji mo\u017cesz znale\u017a\u0107 na stronie o <a href=\"\/pl\/category\/technologie\/\">technikach druku i uszlachetniania<\/a>.<\/p>\n<p class=\"szukasz\"><strong>Szukasz czego\u015b innego?<\/strong> Je\u015bli chcesz mo\u017cesz skonfigurowa\u0107 w\u0142asne wizyt\u00f3wki z wszystkimi mo\u017cliwymi opcjami i dowolnymi papierami korzystaj\u0105c z <a href=\"\/pl\/produkt\/wizytowki-ekskluzywne-konfigurator\/\">konfiguratora wizyt\u00f3wek ekskluzywnych<\/a>.<\/p>\n\n","protected":false},"excerpt":{"rendered":"<p>Wizyt\u00f3wki na papierze czarnym matowym Sirio color nero 290g. Sitodruk na jednej stronie. Na drugiej lakier UV wypuk\u0142y.<\/p>\n","protected":false},"featured_media":21865,"template":"","meta":{"_seopress_robots_primary_cat":"","_seopress_titles_title":"","_seopress_titles_desc":"","_seopress_robots_index":""},"product_brand":[],"product_cat":[412],"product_tag":[444,448,437,446,443],"class_list":{"0":"post-24789","1":"product","2":"type-product","3":"status-publish","4":"has-post-thumbnail","6":"product_cat-wizytowki-lakier-uv","7":"product_tag-firma-biuro","8":"product_tag-konferencje-kursy-szkolenia","9":"product_tag-lakier-uv-selektywny","10":"product_tag-promowanie","11":"product_tag-sitodruk","13":"first","14":"instock","15":"taxable","16":"shipping-taxable","17":"purchasable","18":"product-type-simple"},"_links":{"self":[{"href":"https:\/\/printagram.com\/pl\/wp-json\/wp\/v2\/product\/24789","targetHints":{"allow":["GET"]}}],"collection":[{"href":"https:\/\/printagram.com\/pl\/wp-json\/wp\/v2\/product"}],"about":[{"href":"https:\/\/printagram.com\/pl\/wp-json\/wp\/v2\/types\/product"}],"wp:featuredmedia":[{"embeddable":true,"href":"https:\/\/printagram.com\/pl\/wp-json\/wp\/v2\/media\/21865"}],"wp:attachment":[{"href":"https:\/\/printagram.com\/pl\/wp-json\/wp\/v2\/media?parent=24789"}],"wp:term":[{"taxonomy":"product_brand","embeddable":true,"href":"https:\/\/printagram.com\/pl\/wp-json\/wp\/v2\/product_brand?post=24789"},{"taxonomy":"product_cat","embeddable":true,"href":"https:\/\/printagram.com\/pl\/wp-json\/wp\/v2\/product_cat?post=24789"},{"taxonomy":"product_tag","embeddable":true,"href":"https:\/\/printagram.com\/pl\/wp-json\/wp\/v2\/product_tag?post=24789"}],"curies":[{"name":"wp","href":"https:\/\/api.w.org\/{rel}","templated":true}]}}