{"id":24785,"date":"2023-05-04T14:09:07","date_gmt":"2023-05-04T12:09:07","guid":{"rendered":"https:\/\/printagram.com\/produkt\/wizytowki-tloczone-wklesle-kaszerowane-iluzja-w-twojej-kieszeni-1013-copy\/"},"modified":"2025-01-26T20:24:14","modified_gmt":"2025-01-26T19:24:14","slug":"wizytowki-tloczone-czarne-kaszerowane-graphic-guru-1006","status":"publish","type":"product","link":"https:\/\/printagram.com\/pl\/produkt\/wizytowki-tloczone-czarne-kaszerowane-graphic-guru-1006\/","title":{"rendered":"Wizyt\u00f3wki t\u0142oczone czarne kaszerowane &#8220;Graphic Guru&#8221; #1006"},"content":{"rendered":"<p><strong><i>Wizyt\u00f3wki kaszerowane<\/i><\/strong> z\u0142o\u017cone s\u0105 z wi\u0119cej ni\u017c jednej warstwy papieru. Ich podstawow\u0105 cech\u0105 jest to, \u017ce s\u0105 grubsze ni\u017c standardowe wizyt\u00f3wki.<br \/>\n<strong><i>Hot-stamping<\/i><\/strong> to t\u0142oczona na gor\u0105co folia idealnie kontrastuj\u0105ca z powierzchni\u0105 wizyt\u00f3wki, tworz\u0105c atrakcyjny efekt wizualny.<br \/>\n<strong><i>T\u0142oczenie<\/i><\/strong> to uwypuklenie dowolnego elementu indywidualnie przygotowan\u0105 matryc\u0105. Mo\u017ce to by\u0107 logo, tekst, ornament itd.<br \/>\n<p>Wi\u0119cej informacji mo\u017cesz znale\u017a\u0107 na stronie o <a href=\"\/pl\/category\/technologie\/\">technikach druku i uszlachetniania<\/a>.<\/p>\n<p class=\"szukasz\"><strong>Szukasz czego\u015b innego?<\/strong> Je\u015bli chcesz mo\u017cesz skonfigurowa\u0107 w\u0142asne wizyt\u00f3wki z wszystkimi mo\u017cliwymi opcjami i dowolnymi papierami korzystaj\u0105c z <a href=\"\/pl\/produkt\/wizytowki-ekskluzywne-konfigurator\/\">konfiguratora wizyt\u00f3wek ekskluzywnych<\/a>.<\/p>\n<\/p>\n","protected":false},"excerpt":{"rendered":"<p>Wizyt\u00f3wka kaszerowana 2-warstwowa na czarnym papierze typu soft-touch Plike black 330 g\/m2 (razem 660 g\/m2), czarnym hot-stampingiem i t\u0142oczeniem wkl\u0119s\u0142ym z przodu i 1-kolorowym nadrukiem po obu stronach.<\/p>\n","protected":false},"featured_media":22473,"template":"","meta":{"_seopress_robots_primary_cat":"","_seopress_titles_title":"","_seopress_titles_desc":"","_seopress_robots_index":""},"product_brand":[],"product_cat":[413,415,414],"product_tag":[444,438,439,448,441,446,443],"class_list":{"0":"post-24785","1":"product","2":"type-product","3":"status-publish","4":"has-post-thumbnail","6":"product_cat-wizytowki-hot-stamping","7":"product_cat-wizytowki-kaszerowane","8":"product_cat-wizytowki-tloczone","9":"product_tag-firma-biuro","10":"product_tag-hot-stamping","11":"product_tag-kaszerowanie","12":"product_tag-konferencje-kursy-szkolenia","13":"product_tag-letterpress","14":"product_tag-promowanie","15":"product_tag-sitodruk","17":"first","18":"instock","19":"taxable","20":"shipping-taxable","21":"purchasable","22":"product-type-simple"},"_links":{"self":[{"href":"https:\/\/printagram.com\/pl\/wp-json\/wp\/v2\/product\/24785","targetHints":{"allow":["GET"]}}],"collection":[{"href":"https:\/\/printagram.com\/pl\/wp-json\/wp\/v2\/product"}],"about":[{"href":"https:\/\/printagram.com\/pl\/wp-json\/wp\/v2\/types\/product"}],"wp:featuredmedia":[{"embeddable":true,"href":"https:\/\/printagram.com\/pl\/wp-json\/wp\/v2\/media\/22473"}],"wp:attachment":[{"href":"https:\/\/printagram.com\/pl\/wp-json\/wp\/v2\/media?parent=24785"}],"wp:term":[{"taxonomy":"product_brand","embeddable":true,"href":"https:\/\/printagram.com\/pl\/wp-json\/wp\/v2\/product_brand?post=24785"},{"taxonomy":"product_cat","embeddable":true,"href":"https:\/\/printagram.com\/pl\/wp-json\/wp\/v2\/product_cat?post=24785"},{"taxonomy":"product_tag","embeddable":true,"href":"https:\/\/printagram.com\/pl\/wp-json\/wp\/v2\/product_tag?post=24785"}],"curies":[{"name":"wp","href":"https:\/\/api.w.org\/{rel}","templated":true}]}}