{"id":24732,"date":"2023-04-28T12:19:41","date_gmt":"2023-04-28T10:19:41","guid":{"rendered":"https:\/\/printagram.com\/?post_type=product&#038;p=24732"},"modified":"2024-09-09T14:26:57","modified_gmt":"2024-09-09T12:26:57","slug":"wizytowki-plastikowe-grube-sztywne","status":"publish","type":"product","link":"https:\/\/printagram.com\/pl\/produkt\/wizytowki-plastikowe-grube-sztywne\/","title":{"rendered":"Wizyt\u00f3wki karty plastikowe grube sztywne"},"content":{"rendered":"<p>Karty plastikowe wykonane w specyfikacji ISO 7810. Jest to specyfikacja okre\u015blaj\u0105ca parametry powszechnie u\u017cywanych kart p\u0142atniczych i kredytowych. Druk offsetowy &#8211; najwy\u017csza jako\u015b\u0107 druku. Wymiary wg ISO 7810 (85,72 x 54,03 x 0,76 mm), naro\u017cniki zaokr\u0105glone, druk dwustronny w pe\u0142nym kolorze. Laminowane specjalnym twardym laminatem b\u0142yszcz\u0105cym na gor\u0105co. Plastikowe karty \u015bwietnie nadaj\u0105 si\u0119 jako karty p\u0142atnicze, bankowe, do program\u00f3w lojalno\u015bciowych, klubowe, rabatowe, upominkowe, sta\u0142ego klienta itp. Bardzo szeroki wachlarz uszlachetnie\u0144 i personalizacji:<\/p>\n<ul>\n<li>numerowanie i kod kreskowy<\/li>\n<li>pasek magnetyczny i kodowanie danych<\/li>\n<li>electroniczne chipy + kodowanie danych<\/li>\n<li>t\u0142oczenie cyfr i liter<\/li>\n<li>paski do podpis\u00f3w<\/li>\n<li>podk\u0142ad kolorem metalizowanym,<\/li>\n<li>hot-stamping, hologramy<\/li>\n<\/ul>\n","protected":false},"excerpt":{"rendered":"<p>Wizyt\u00f3wki karty plastikowe grube o specyfikacji kart kredytowych. Druk offsetowy &#8211; najwy\u017csza jako\u015b\u0107 druku i trwa\u0142o\u015b\u0107.<\/p>\n","protected":false},"featured_media":28651,"template":"","meta":{"_seopress_robots_primary_cat":"","_seopress_titles_title":"","_seopress_titles_desc":"","_seopress_robots_index":""},"product_brand":[],"product_cat":[416],"product_tag":[444,448,446],"class_list":{"0":"post-24732","1":"product","2":"type-product","3":"status-publish","4":"has-post-thumbnail","6":"product_cat-wizytowki-plastikowe","7":"product_tag-firma-biuro","8":"product_tag-konferencje-kursy-szkolenia","9":"product_tag-promowanie","11":"first","12":"instock","13":"taxable","14":"shipping-taxable","15":"purchasable","16":"product-type-simple"},"_links":{"self":[{"href":"https:\/\/printagram.com\/pl\/wp-json\/wp\/v2\/product\/24732","targetHints":{"allow":["GET"]}}],"collection":[{"href":"https:\/\/printagram.com\/pl\/wp-json\/wp\/v2\/product"}],"about":[{"href":"https:\/\/printagram.com\/pl\/wp-json\/wp\/v2\/types\/product"}],"wp:featuredmedia":[{"embeddable":true,"href":"https:\/\/printagram.com\/pl\/wp-json\/wp\/v2\/media\/28651"}],"wp:attachment":[{"href":"https:\/\/printagram.com\/pl\/wp-json\/wp\/v2\/media?parent=24732"}],"wp:term":[{"taxonomy":"product_brand","embeddable":true,"href":"https:\/\/printagram.com\/pl\/wp-json\/wp\/v2\/product_brand?post=24732"},{"taxonomy":"product_cat","embeddable":true,"href":"https:\/\/printagram.com\/pl\/wp-json\/wp\/v2\/product_cat?post=24732"},{"taxonomy":"product_tag","embeddable":true,"href":"https:\/\/printagram.com\/pl\/wp-json\/wp\/v2\/product_tag?post=24732"}],"curies":[{"name":"wp","href":"https:\/\/api.w.org\/{rel}","templated":true}]}}