{"id":24730,"date":"2023-04-28T12:16:38","date_gmt":"2023-04-28T10:16:38","guid":{"rendered":"https:\/\/printagram.com\/?post_type=product&#038;p=24730"},"modified":"2023-12-12T12:03:37","modified_gmt":"2023-12-12T11:03:37","slug":"wizytowki-plastikowe-standardowe-035-mm","status":"publish","type":"product","link":"https:\/\/printagram.com\/pl\/produkt\/wizytowki-plastikowe-standardowe-035-mm\/","title":{"rendered":"Wizyt\u00f3wki karty plastikowe standardowe"},"content":{"rendered":"<p>Karty wykonane na pod\u0142o\u017cu PET. Wymiary to 85 x 54 mm, naro\u017cniki proste lub zaokr\u0105glone. Druk cyfrowy. Zakres kolor\u00f3w &#8211; paleta CMYK. Druk na plastiku (bia\u0142e tworzywo PET 450 g\/m2) o grubo\u015bci 0,35 mm.<\/p>\n<p>Karty plastikowe s\u0105 \u015bwietn\u0105 alternatyw\u0105 dla zwyk\u0142ych wizyt\u00f3wek, dzi\u0119ki zastosowaniu sztucznego tworzywa PET s\u0105 one bardziej wytrzyma\u0142e od kartonowej wizyt\u00f3wki, jednocze\u015bnie zachowuj\u0105c wymagane proporcje. Nasz produkt \u015bwietnie nadaje si\u0119 jako karty rabatowe, wizyt\u00f3wki firmowe, kalendarzyki, karty wst\u0119pu czy lojalno\u015bciowe. Sprawdzona forma reklamy.<\/p>\n","protected":false},"excerpt":{"rendered":"<p>Elastyczne karty na pod\u0142o\u017cu plastikowym (bia\u0142e tworzywo PET) o grubo\u015bci 0,35 mm. Pe\u0142ny kolor obustronnie.<\/p>\n","protected":false},"featured_media":21966,"template":"","meta":{"_seopress_robots_primary_cat":"","_seopress_titles_title":"","_seopress_titles_desc":"","_seopress_robots_index":""},"product_brand":[],"product_cat":[416],"product_tag":[444,448,446],"class_list":{"0":"post-24730","1":"product","2":"type-product","3":"status-publish","4":"has-post-thumbnail","6":"product_cat-wizytowki-plastikowe","7":"product_tag-firma-biuro","8":"product_tag-konferencje-kursy-szkolenia","9":"product_tag-promowanie","11":"first","12":"instock","13":"taxable","14":"shipping-taxable","15":"purchasable","16":"product-type-simple"},"_links":{"self":[{"href":"https:\/\/printagram.com\/pl\/wp-json\/wp\/v2\/product\/24730","targetHints":{"allow":["GET"]}}],"collection":[{"href":"https:\/\/printagram.com\/pl\/wp-json\/wp\/v2\/product"}],"about":[{"href":"https:\/\/printagram.com\/pl\/wp-json\/wp\/v2\/types\/product"}],"wp:featuredmedia":[{"embeddable":true,"href":"https:\/\/printagram.com\/pl\/wp-json\/wp\/v2\/media\/21966"}],"wp:attachment":[{"href":"https:\/\/printagram.com\/pl\/wp-json\/wp\/v2\/media?parent=24730"}],"wp:term":[{"taxonomy":"product_brand","embeddable":true,"href":"https:\/\/printagram.com\/pl\/wp-json\/wp\/v2\/product_brand?post=24730"},{"taxonomy":"product_cat","embeddable":true,"href":"https:\/\/printagram.com\/pl\/wp-json\/wp\/v2\/product_cat?post=24730"},{"taxonomy":"product_tag","embeddable":true,"href":"https:\/\/printagram.com\/pl\/wp-json\/wp\/v2\/product_tag?post=24730"}],"curies":[{"name":"wp","href":"https:\/\/api.w.org\/{rel}","templated":true}]}}