{"id":24728,"date":"2023-04-28T12:14:10","date_gmt":"2023-04-28T10:14:10","guid":{"rendered":"https:\/\/printagram.com\/?post_type=product&#038;p=24728"},"modified":"2026-02-12T13:28:39","modified_gmt":"2026-02-12T12:28:39","slug":"wizytowki-plastikowe-przezroczyste","status":"publish","type":"product","link":"https:\/\/printagram.com\/pl\/produkt\/wizytowki-plastikowe-przezroczyste\/","title":{"rendered":"Wizyt\u00f3wki plastikowe przezroczyste"},"content":{"rendered":"<p>Karty plastikowe o grubo\u015bci 0,8 mm drukujemy na tworzywie sztucznym PP, p\u00f3\u0142przezroczystm z faktur\u0105. Zadruk pigmentami utwardzanymi promieniami UV, druk jednostronny w pe\u0142nym kolorze oraz kolor bia\u0142y opcjonalnie. Wizyt\u00f3wki plastikowe przezroczyste charakteryzuj\u0105 si\u0119 wyj\u0105tkow\u0105 trwa\u0142o\u015bci\u0105 i sztywno\u015bci\u0105 por\u00f3wnywaln\u0105 do karty kredytowej. Wymiary 85&#215;54 mm, naro\u017cniki zaokr\u0105glone. \u015awietnie nadaj\u0105 si\u0119 jako wizyt\u00f3wki, karty lojalno\u015bciowe, karty klubowe, karty rabatowe, karty sta\u0142ego klienta itp.<\/p>\n<p class=\"woocommerce-error\">UWAGA! Nie zalecamy projektowania nadruku do kraw\u0119dzi, poniewa\u017c lakier UV jest bardzo twardy i wykrojnik podczas zaokr\u0105glania naro\u017cy od\u0142upuje go przy<br \/>\n&#8220;wychodzeniu&#8221; z karty. Zalecamy zachowanie 3 mm marginesu wok\u00f3\u0142 kraw\u0119dzi. Z uwagi na mo\u017cliw\u0105 1-2 mm tolerancj\u0119 wykrojnika nie zalecamy projektowania ramki.<\/p>\n","protected":false},"excerpt":{"rendered":"<p>Karty plastikowe p\u00f3\u0142-przezroczyste grube 0,8 mm na tworzywie sztucznym PP (polipropylen) ViPrint transparente. Powierzchnia chropowata o strukturze drobnego piasku. Certyfikaty: Toy standard EN 71\/3; 94\/62 Directive: RoHS &#8211; DEEE Directive, REACH, EU N\u00b010\/2011 Directive<\/p>\n","protected":false},"featured_media":28653,"template":"","meta":{"_seopress_robots_primary_cat":"none","_seopress_titles_title":"","_seopress_titles_desc":"","_seopress_robots_index":""},"product_brand":[],"product_cat":[416],"product_tag":[444,448,446],"class_list":{"0":"post-24728","1":"product","2":"type-product","3":"status-publish","4":"has-post-thumbnail","6":"product_cat-wizytowki-plastikowe","7":"product_tag-firma-biuro","8":"product_tag-konferencje-kursy-szkolenia","9":"product_tag-promowanie","11":"first","12":"instock","13":"taxable","14":"shipping-taxable","15":"purchasable","16":"product-type-simple"},"_links":{"self":[{"href":"https:\/\/printagram.com\/pl\/wp-json\/wp\/v2\/product\/24728","targetHints":{"allow":["GET"]}}],"collection":[{"href":"https:\/\/printagram.com\/pl\/wp-json\/wp\/v2\/product"}],"about":[{"href":"https:\/\/printagram.com\/pl\/wp-json\/wp\/v2\/types\/product"}],"wp:featuredmedia":[{"embeddable":true,"href":"https:\/\/printagram.com\/pl\/wp-json\/wp\/v2\/media\/28653"}],"wp:attachment":[{"href":"https:\/\/printagram.com\/pl\/wp-json\/wp\/v2\/media?parent=24728"}],"wp:term":[{"taxonomy":"product_brand","embeddable":true,"href":"https:\/\/printagram.com\/pl\/wp-json\/wp\/v2\/product_brand?post=24728"},{"taxonomy":"product_cat","embeddable":true,"href":"https:\/\/printagram.com\/pl\/wp-json\/wp\/v2\/product_cat?post=24728"},{"taxonomy":"product_tag","embeddable":true,"href":"https:\/\/printagram.com\/pl\/wp-json\/wp\/v2\/product_tag?post=24728"}],"curies":[{"name":"wp","href":"https:\/\/api.w.org\/{rel}","templated":true}]}}