{"id":24724,"date":"2023-04-28T12:06:54","date_gmt":"2023-04-28T10:06:54","guid":{"rendered":"https:\/\/printagram.com\/?post_type=product&#038;p=24724"},"modified":"2025-01-26T20:30:41","modified_gmt":"2025-01-26T19:30:41","slug":"wizytowki-kaszerowane-dowolny-papier","status":"publish","type":"product","link":"https:\/\/printagram.com\/pl\/produkt\/wizytowki-kaszerowane-dowolny-papier\/","title":{"rendered":"Wizyt\u00f3wki kaszerowane dowolny papier &#8211; konfigurator"},"content":{"rendered":"<p><strong><i>Wizyt\u00f3wki kaszerowane<\/i><\/strong> z\u0142o\u017cone s\u0105 z wi\u0119cej ni\u017c jednej warstwy papieru. Ich podstawow\u0105 cech\u0105 jest to, \u017ce s\u0105 grubsze ni\u017c standardowe wizyt\u00f3wki.<\/p>\n<h5>Papiery<\/h5>\n<p>Mo\u017cna dobra\u0107 dowolny papier z kt\u00f3rych ma si\u0119 sk\u0142ada\u0107 wizyt\u00f3wka. Mo\u017cna stosowa\u0107 wszystkie techniki uszlachetniania \u0142\u0105cznie z t\u0142oczeniem wkl\u0119s\u0142ym i wypuk\u0142ym, kt\u00f3rego nie wida\u0107 na drugiej stronie. Warstwy papieru s\u0105 \u0142\u0105czone za pomoc\u0105 typowego kleju i nie mo\u017cna ich rozdzieli\u0107 bez zniszczenia wizyt\u00f3wki, jak to czasem bywa przy multiloft.<br \/>\n<p>Wi\u0119cej informacji mo\u017cesz znale\u017a\u0107 na stronie o <a href=\"\/pl\/category\/technologie\/\">technikach druku i uszlachetniania<\/a>.<\/p>\n<p class=\"szukasz\"><strong>Szukasz czego\u015b innego?<\/strong> Je\u015bli chcesz mo\u017cesz skonfigurowa\u0107 w\u0142asne wizyt\u00f3wki z wszystkimi mo\u017cliwymi opcjami i dowolnymi papierami korzystaj\u0105c z <a href=\"\/pl\/produkt\/wizytowki-ekskluzywne-konfigurator\/\">konfiguratora wizyt\u00f3wek ekskluzywnych<\/a>.<\/p>\n<\/p>\n","protected":false},"excerpt":{"rendered":"<p>Wizyt\u00f3wki kaszerowane (wielowarstwowe). Dowolnie dobrane papiery ozdobne. Sitodruk (kolory Pantone), hot-stamping, lakier UV, t\u0142oczenie wkl\u0119s\u0142e lub wypuk\u0142e. Z\u0142ote lub srebrne kraw\u0119dzie.<\/p>\n","protected":false},"featured_media":22472,"template":"","meta":{"_seopress_robots_primary_cat":"","_seopress_titles_title":"","_seopress_titles_desc":"","_seopress_robots_index":""},"product_brand":[],"product_cat":[415],"product_tag":[],"class_list":{"0":"post-24724","1":"product","2":"type-product","3":"status-publish","4":"has-post-thumbnail","6":"product_cat-wizytowki-kaszerowane","8":"first","9":"instock","10":"taxable","11":"shipping-taxable","12":"purchasable","13":"product-type-simple"},"_links":{"self":[{"href":"https:\/\/printagram.com\/pl\/wp-json\/wp\/v2\/product\/24724","targetHints":{"allow":["GET"]}}],"collection":[{"href":"https:\/\/printagram.com\/pl\/wp-json\/wp\/v2\/product"}],"about":[{"href":"https:\/\/printagram.com\/pl\/wp-json\/wp\/v2\/types\/product"}],"wp:featuredmedia":[{"embeddable":true,"href":"https:\/\/printagram.com\/pl\/wp-json\/wp\/v2\/media\/22472"}],"wp:attachment":[{"href":"https:\/\/printagram.com\/pl\/wp-json\/wp\/v2\/media?parent=24724"}],"wp:term":[{"taxonomy":"product_brand","embeddable":true,"href":"https:\/\/printagram.com\/pl\/wp-json\/wp\/v2\/product_brand?post=24724"},{"taxonomy":"product_cat","embeddable":true,"href":"https:\/\/printagram.com\/pl\/wp-json\/wp\/v2\/product_cat?post=24724"},{"taxonomy":"product_tag","embeddable":true,"href":"https:\/\/printagram.com\/pl\/wp-json\/wp\/v2\/product_tag?post=24724"}],"curies":[{"name":"wp","href":"https:\/\/api.w.org\/{rel}","templated":true}]}}