{"id":24699,"date":"2023-04-28T11:23:31","date_gmt":"2023-04-28T09:23:31","guid":{"rendered":"https:\/\/printagram.com\/?post_type=product&#038;p=24699"},"modified":"2026-04-16T20:27:08","modified_gmt":"2026-04-16T18:27:08","slug":"konfigurator-wizytowki-lakier-uv-standard","status":"publish","type":"product","link":"https:\/\/printagram.com\/pl\/produkt\/konfigurator-wizytowki-lakier-uv-standard\/","title":{"rendered":"Konfigurator &#8211; Wizyt\u00f3wki lakier UV standard"},"content":{"rendered":"<p>Wizyt\u00f3wki z wybranymi elementami pokrytymi b\u0142yszcz\u0105cym lakierem selektywnym (wybi\u00f3rczym, punktowym). Lakier utrwalany jest promieniami UV (ultrafioletowymi). Dzi\u0119ki niemu mo\u017cna podkre\u015bli\u0107 niekt\u00f3re elementy projektu &#8211; np. b\u0142yszcz\u0105ce logo &#8211; lub utworzy\u0107 nowe elementy, kt\u00f3re uzupe\u0142ni\u0105 i wzbogac\u0105 wygl\u0105d wizyt\u00f3wki. Lakier UV na\u0142o\u017cony na foli\u0119 matow\u0105 standardow\u0105 lub soft-touch wyr\u00f3\u017cnia si\u0119 co mo\u017cna wykorzysta\u0107 do tworzenia deseni, tekstury itp.<\/p>\n<p>Wizyt\u00f3wki z lakierem UV wypuk\u0142ym ogl\u0105dane pod r\u00f3\u017cnym k\u0105tem i w r\u00f3\u017cnych warunkach o\u015bwietlenia odpowiadaj\u0105 inaczej ni\u017c p\u0142aska matowa powierzchnia wprowadzaj\u0105c dodatkowe &#8220;\u017cycie&#8221; do projekt\u00f3w.<\/p>\n","protected":false},"excerpt":{"rendered":"<p>Konfigurator wizyt\u00f3wek ze standardowym lakierem UV \u2013 p\u0142askim (nie wypuk\u0142ym). Druk 1- lub 2-stronny, wybrany rodzaj laminacji &#8211; soft-touch (mi\u0142e w dotyku) lub matowe standard. P\u0142aski lakier UV na wybranych stronach. T\u0142oczenie, zaokr\u0105glanie naro\u017cnik\u00f3w i dziurkowanie. Gramatura papieru 350 g\/m2<\/p>\n","protected":false},"featured_media":29040,"template":"","meta":{"_seopress_robots_primary_cat":"none","_seopress_titles_title":"","_seopress_titles_desc":"","_seopress_robots_index":""},"product_brand":[],"product_cat":[412],"product_tag":[444,448,437,446],"class_list":{"0":"post-24699","1":"product","2":"type-product","3":"status-publish","4":"has-post-thumbnail","6":"product_cat-wizytowki-lakier-uv","7":"product_tag-firma-biuro","8":"product_tag-konferencje-kursy-szkolenia","9":"product_tag-lakier-uv-selektywny","10":"product_tag-promowanie","12":"first","13":"instock","14":"taxable","15":"shipping-taxable","16":"purchasable","17":"product-type-simple"},"_links":{"self":[{"href":"https:\/\/printagram.com\/pl\/wp-json\/wp\/v2\/product\/24699","targetHints":{"allow":["GET"]}}],"collection":[{"href":"https:\/\/printagram.com\/pl\/wp-json\/wp\/v2\/product"}],"about":[{"href":"https:\/\/printagram.com\/pl\/wp-json\/wp\/v2\/types\/product"}],"wp:featuredmedia":[{"embeddable":true,"href":"https:\/\/printagram.com\/pl\/wp-json\/wp\/v2\/media\/29040"}],"wp:attachment":[{"href":"https:\/\/printagram.com\/pl\/wp-json\/wp\/v2\/media?parent=24699"}],"wp:term":[{"taxonomy":"product_brand","embeddable":true,"href":"https:\/\/printagram.com\/pl\/wp-json\/wp\/v2\/product_brand?post=24699"},{"taxonomy":"product_cat","embeddable":true,"href":"https:\/\/printagram.com\/pl\/wp-json\/wp\/v2\/product_cat?post=24699"},{"taxonomy":"product_tag","embeddable":true,"href":"https:\/\/printagram.com\/pl\/wp-json\/wp\/v2\/product_tag?post=24699"}],"curies":[{"name":"wp","href":"https:\/\/api.w.org\/{rel}","templated":true}]}}