{"id":23898,"date":"2023-04-06T13:21:28","date_gmt":"2023-04-06T11:21:28","guid":{"rendered":"https:\/\/printagram.com\/?post_type=product&#038;p=23898"},"modified":"2025-12-17T14:28:13","modified_gmt":"2025-12-17T13:28:13","slug":"wizytowki-folia-srebrna-i-czerwona-metallic-fast-and-luxurious-1025","status":"publish","type":"product","link":"https:\/\/printagram.com\/pl\/produkt\/wizytowki-folia-srebrna-i-czerwona-metallic-fast-and-luxurious-1025\/","title":{"rendered":"Wizyt\u00f3wki folia srebrna i czerwona metalic &#8220;Fast and Luxurious&#8221; #1025"},"content":{"rendered":"<p>Wizyt\u00f3wki z efektem metalicznej wypuk\u0142o\u015bci. Dotykaj\u0105c tak\u0105 wizyt\u00f3wk\u0119 ma si\u0119 wra\u017cenie zastygni\u0119tego p\u0142ynnego metalu. Jaskrawe metaliczne kolory wyra\u017anie odbijaj\u0105 \u015bwiat\u0142o i ju\u017c z daleka daj\u0105 wra\u017cenie wypuk\u0142o\u015bci i wyj\u0105tkowo\u015bci.<\/p>\n<p class=\"szukasz\"><strong>Szukasz innych opcji?<\/strong> Je\u015bli chcesz mo\u017cesz skonfigurowa\u0107 w\u0142asne wizyt\u00f3wki tego typu z wszystkimi mo\u017cliwymi opcjami korzystaj\u0105c z <a href=\"\/pl\/produkt\/konfigurator-wizytowki-zlocone-i-lakier-uv\/\">konfiguratora wizyt\u00f3wek z\u0142oconych i UV<\/a><\/p>\n<h5>Z\u0142ocenie wypuk\u0142e<\/h5>\n<p><em>Metaliczna folia wypuk\u0142a<\/em>. Ta technika to bezmatrycowe nak\u0142adanie metalizowanej folii. Przy pomocy bardzo silnych wa\u0142k\u00f3w dociskowych jest nak\u0142adana na ca\u0142\u0105 powierzchni\u0119. Metalizowana folia przylega tylko do wypuk\u0142ego specjalnego materia\u0142u daj\u0105c pi\u0119kny efekt grubej wypuk\u0142ej warstwy z\u0142ota, srebra lub innego koloru. Mo\u017cesz przeczyta\u0107 wiecej o tej technice w <a href=\"\/pl\/metallic-3d-zlocenie\/\">artykule o z\u0142oceniu wypuk\u0142ym<\/a>.<\/p>\n\n","protected":false},"excerpt":{"rendered":"<p>Wizyt\u00f3wki o gramaturze 350, pe\u0142nokolorowa, laminowana soft-touch (mi\u0142a w dotyku). Z przodu folia metaliczna wypuk\u0142a srebrna oraz czerwona.<\/p>\n","protected":false},"featured_media":24551,"template":"","meta":{"_seopress_robots_primary_cat":"","_seopress_titles_title":"","_seopress_titles_desc":"","_seopress_robots_index":""},"product_brand":[],"product_cat":[410],"product_tag":[444,448,434,446],"class_list":{"0":"post-23898","1":"product","2":"type-product","3":"status-publish","4":"has-post-thumbnail","6":"product_cat-wizytowki-zlocone","7":"product_tag-firma-biuro","8":"product_tag-konferencje-kursy-szkolenia","9":"product_tag-metallic-3d-zlocenie","10":"product_tag-promowanie","12":"first","13":"instock","14":"taxable","15":"shipping-taxable","16":"purchasable","17":"product-type-simple"},"_links":{"self":[{"href":"https:\/\/printagram.com\/pl\/wp-json\/wp\/v2\/product\/23898","targetHints":{"allow":["GET"]}}],"collection":[{"href":"https:\/\/printagram.com\/pl\/wp-json\/wp\/v2\/product"}],"about":[{"href":"https:\/\/printagram.com\/pl\/wp-json\/wp\/v2\/types\/product"}],"wp:featuredmedia":[{"embeddable":true,"href":"https:\/\/printagram.com\/pl\/wp-json\/wp\/v2\/media\/24551"}],"wp:attachment":[{"href":"https:\/\/printagram.com\/pl\/wp-json\/wp\/v2\/media?parent=23898"}],"wp:term":[{"taxonomy":"product_brand","embeddable":true,"href":"https:\/\/printagram.com\/pl\/wp-json\/wp\/v2\/product_brand?post=23898"},{"taxonomy":"product_cat","embeddable":true,"href":"https:\/\/printagram.com\/pl\/wp-json\/wp\/v2\/product_cat?post=23898"},{"taxonomy":"product_tag","embeddable":true,"href":"https:\/\/printagram.com\/pl\/wp-json\/wp\/v2\/product_tag?post=23898"}],"curies":[{"name":"wp","href":"https:\/\/api.w.org\/{rel}","templated":true}]}}