{"id":23884,"date":"2023-04-06T12:03:44","date_gmt":"2023-04-06T10:03:44","guid":{"rendered":"https:\/\/printagram.com\/produkt\/ski-pass-z-karabinczykiem-niebieski-srebrny-copy-copy-2\/"},"modified":"2025-02-07T15:20:27","modified_gmt":"2025-02-07T14:20:27","slug":"wizytowki-bawelniane-tloczone-legum-magister-1010","status":"publish","type":"product","link":"https:\/\/printagram.com\/pl\/produkt\/wizytowki-bawelniane-tloczone-legum-magister-1010\/","title":{"rendered":"Wizyt\u00f3wki bawe\u0142niane t\u0142oczone &#8220;Legum magister&#8221; #1010"},"content":{"rendered":"<p><strong><i>T\u0142oczenie<\/i><\/strong> to uwypuklenie dowolnego elementu indywidualnie przygotowan\u0105 matryc\u0105. Mo\u017ce to by\u0107 logo, tekst, ornament itd.<br \/>\n<p>Wi\u0119cej informacji mo\u017cesz znale\u017a\u0107 na stronie o <a href=\"\/pl\/category\/technologie\/\">technikach druku i uszlachetniania<\/a>.<\/p>\n<p class=\"szukasz\"><strong>Szukasz czego\u015b innego?<\/strong> Je\u015bli chcesz mo\u017cesz skonfigurowa\u0107 w\u0142asne wizyt\u00f3wki z wszystkimi mo\u017cliwymi opcjami i dowolnymi papierami korzystaj\u0105c z <a href=\"\/pl\/produkt\/wizytowki-ekskluzywne-konfigurator\/\">konfiguratora wizyt\u00f3wek ekskluzywnych<\/a>.<\/p>\n<\/p>\n","protected":false},"excerpt":{"rendered":"<p>Wizyt\u00f3wki t\u0142oczone technik\u0105 letterpress na bawe\u0142nianym papierze Wild white 450g\/m2. Nadruk jednobarwny na jednej stronie.<\/p>\n","protected":false},"featured_media":22494,"template":"","meta":{"_seopress_robots_primary_cat":"none","_seopress_titles_title":"","_seopress_titles_desc":"","_seopress_robots_index":""},"product_brand":[],"product_cat":[414],"product_tag":[444,448,441,446,443],"class_list":{"0":"post-23884","1":"product","2":"type-product","3":"status-publish","4":"has-post-thumbnail","6":"product_cat-wizytowki-tloczone","7":"product_tag-firma-biuro","8":"product_tag-konferencje-kursy-szkolenia","9":"product_tag-letterpress","10":"product_tag-promowanie","11":"product_tag-sitodruk","13":"first","14":"instock","15":"taxable","16":"shipping-taxable","17":"purchasable","18":"product-type-simple"},"_links":{"self":[{"href":"https:\/\/printagram.com\/pl\/wp-json\/wp\/v2\/product\/23884","targetHints":{"allow":["GET"]}}],"collection":[{"href":"https:\/\/printagram.com\/pl\/wp-json\/wp\/v2\/product"}],"about":[{"href":"https:\/\/printagram.com\/pl\/wp-json\/wp\/v2\/types\/product"}],"wp:featuredmedia":[{"embeddable":true,"href":"https:\/\/printagram.com\/pl\/wp-json\/wp\/v2\/media\/22494"}],"wp:attachment":[{"href":"https:\/\/printagram.com\/pl\/wp-json\/wp\/v2\/media?parent=23884"}],"wp:term":[{"taxonomy":"product_brand","embeddable":true,"href":"https:\/\/printagram.com\/pl\/wp-json\/wp\/v2\/product_brand?post=23884"},{"taxonomy":"product_cat","embeddable":true,"href":"https:\/\/printagram.com\/pl\/wp-json\/wp\/v2\/product_cat?post=23884"},{"taxonomy":"product_tag","embeddable":true,"href":"https:\/\/printagram.com\/pl\/wp-json\/wp\/v2\/product_tag?post=23884"}],"curies":[{"name":"wp","href":"https:\/\/api.w.org\/{rel}","templated":true}]}}