{"id":23842,"date":"2023-04-04T11:51:27","date_gmt":"2023-04-04T09:51:27","guid":{"rendered":"https:\/\/printagram.com\/produkt\/testowy-input-output-logic-copy-copy-copy-copy\/"},"modified":"2025-01-26T20:27:17","modified_gmt":"2025-01-26T19:27:17","slug":"wizytowka-tloczona-kropka-nad-pik-1005","status":"publish","type":"product","link":"https:\/\/printagram.com\/pl\/produkt\/wizytowka-tloczona-kropka-nad-pik-1005\/","title":{"rendered":"Wizyt\u00f3wka t\u0142oczona #1005 Kropka nad Pik"},"content":{"rendered":"<p><strong><i>Hot-stamping<\/i><\/strong> to t\u0142oczona na gor\u0105co folia idealnie kontrastuj\u0105ca z powierzchni\u0105 wizyt\u00f3wki, tworz\u0105c atrakcyjny efekt wizualny.<br \/>\n<strong><i>T\u0142oczenie<\/i><\/strong> to uwypuklenie dowolnego elementu indywidualnie przygotowan\u0105 matryc\u0105. Mo\u017ce to by\u0107 logo, tekst, ornament itd.<br \/>\n<p>Wi\u0119cej informacji mo\u017cesz znale\u017a\u0107 na stronie o <a href=\"\/pl\/category\/technologie\/\">technikach druku i uszlachetniania<\/a>.<\/p>\n<p class=\"szukasz\"><strong>Szukasz czego\u015b innego?<\/strong> Je\u015bli chcesz mo\u017cesz skonfigurowa\u0107 w\u0142asne wizyt\u00f3wki z wszystkimi mo\u017cliwymi opcjami i dowolnymi papierami korzystaj\u0105c z <a href=\"\/pl\/produkt\/wizytowki-ekskluzywne-konfigurator\/\">konfiguratora wizyt\u00f3wek ekskluzywnych<\/a>.<\/p>\n<\/p>\n","protected":false},"excerpt":{"rendered":"<p>Wizyt\u00f3wka 1-warstwowa na papierze matowym soft-touch. Nadruk farb\u0105 w dowolnym kolorze z przodu. Hot-stamping w dowolnym kolorze na przodzie. T\u0142oczenie wypuk\u0142e. Opcjonalnie dodatkowy kolor hot-stampingu z przodu.<\/p>\n","protected":false},"featured_media":21854,"template":"","meta":{"_seopress_robots_primary_cat":"","_seopress_titles_title":"","_seopress_titles_desc":"","_seopress_robots_index":""},"product_brand":[],"product_cat":[413,414],"product_tag":[444,438,448,446,443,440],"class_list":{"0":"post-23842","1":"product","2":"type-product","3":"status-publish","4":"has-post-thumbnail","6":"product_cat-wizytowki-hot-stamping","7":"product_cat-wizytowki-tloczone","8":"product_tag-firma-biuro","9":"product_tag-hot-stamping","10":"product_tag-konferencje-kursy-szkolenia","11":"product_tag-promowanie","12":"product_tag-sitodruk","13":"product_tag-tloczenie-wypukle","15":"first","16":"instock","17":"taxable","18":"shipping-taxable","19":"purchasable","20":"product-type-simple"},"_links":{"self":[{"href":"https:\/\/printagram.com\/pl\/wp-json\/wp\/v2\/product\/23842","targetHints":{"allow":["GET"]}}],"collection":[{"href":"https:\/\/printagram.com\/pl\/wp-json\/wp\/v2\/product"}],"about":[{"href":"https:\/\/printagram.com\/pl\/wp-json\/wp\/v2\/types\/product"}],"wp:featuredmedia":[{"embeddable":true,"href":"https:\/\/printagram.com\/pl\/wp-json\/wp\/v2\/media\/21854"}],"wp:attachment":[{"href":"https:\/\/printagram.com\/pl\/wp-json\/wp\/v2\/media?parent=23842"}],"wp:term":[{"taxonomy":"product_brand","embeddable":true,"href":"https:\/\/printagram.com\/pl\/wp-json\/wp\/v2\/product_brand?post=23842"},{"taxonomy":"product_cat","embeddable":true,"href":"https:\/\/printagram.com\/pl\/wp-json\/wp\/v2\/product_cat?post=23842"},{"taxonomy":"product_tag","embeddable":true,"href":"https:\/\/printagram.com\/pl\/wp-json\/wp\/v2\/product_tag?post=23842"}],"curies":[{"name":"wp","href":"https:\/\/api.w.org\/{rel}","templated":true}]}}