{"id":23415,"date":"2023-03-16T21:14:03","date_gmt":"2023-03-16T20:14:03","guid":{"rendered":"https:\/\/printagram.com\/?post_type=product&#038;p=23415"},"modified":"2025-01-26T20:04:03","modified_gmt":"2025-01-26T19:04:03","slug":"konfigurator-wizytowki-lakier-uv-wypukly","status":"publish","type":"product","link":"https:\/\/printagram.com\/pl\/produkt\/konfigurator-wizytowki-lakier-uv-wypukly\/","title":{"rendered":"Konfigurator &#8211; Wizyt\u00f3wki lakier UV wypuk\u0142y"},"content":{"rendered":"<p>Wizyt\u00f3wki pe\u0142nokolorowe z elementami projektu pokrytymi wypuk\u0142ym przezroczystym lakierem. Lakier UV nadaje blasku wyr\u00f3\u017cnionym na wizyt\u00f3wce elementom (na przyk\u0142ad logo). Pokryte nim obiekty wydaj\u0105 si\u0119 jakby &#8220;namalowane&#8221; g\u0119st\u0105, plastyczn\u0105, b\u0142yszcz\u0105c\u0105 farb\u0105. Promienie \u015bwiat\u0142a odbijaj\u0105c si\u0119 podkre\u015blaj\u0105 wypuk\u0142o\u015b\u0107, kt\u00f3r\u0105 \u0142atwo wyczu\u0107. Przy dotykaniu wyczuwa si\u0119 \u015blisko\u015b\u0107 i g\u0142adko\u015b\u0107 lakieru UV, kt\u00f3ry kontrastuje z aksamitn\u0105 &#8220;mi\u0119kk\u0105&#8221; powierzchni\u0105 papieru pokrytego foli\u0105 soft-touch.<br \/>\n<h5>Lakierowanie UV wybi\u00f3rcze<\/h5>\n<p>Lakier na\u0142o\u017cony na matow\u0105 powierzchni\u0119 powoduje \u017ce wybrane elementy takie jak logo, grafika, nazwisko itp s\u0105 b\u0142yszcz\u0105ce i \u0142adnie uwydatnione. Mo\u017cna te\u017c utworzy\u0107 nowe elementy graficzne widoczne pod odpowiednim k\u0105tem wzbogacaj\u0105ce projekt. Dzi\u0119ki temu mo\u017cna stosowa\u0107 lakierowane t\u0142a, \"znaki wodne\", desenie, tekstury itp. Wi\u0119cej o samej technice mo\u017cna przeczyta\u0107 w <a href=\"\/pl\/lakier-uv-selektywny\/\">artykule o lakierowaniu UV<\/a>.<\/p>\n<\/p>\n","protected":false},"excerpt":{"rendered":"<p>Skonfiguruj samodzielnie wizyt\u00f3wki pod w\u0142asne potrzeby. Druk 1- lub 2-stronny, wybrany rodzaj laminacji &#8211; soft-touch (mi\u0142e w dotyku) lub matowe standard. Lakier UV wypuk\u0142y na wybranych stronach. Mo\u017cliwa personalizacja \u2013 czyli numerowanie lub dodawanie indywidualnych kod\u00f3w, zaokr\u0105glanie naro\u017cnik\u00f3w i dziurkowanie. Gramatura papieru 350 g\/m2<\/p>\n","protected":false},"featured_media":35205,"template":"","meta":{"_seopress_robots_primary_cat":"none","_seopress_titles_title":"","_seopress_titles_desc":"","_seopress_robots_index":""},"product_brand":[],"product_cat":[412],"product_tag":[444,448,437,446],"class_list":{"0":"post-23415","1":"product","2":"type-product","3":"status-publish","4":"has-post-thumbnail","6":"product_cat-wizytowki-lakier-uv","7":"product_tag-firma-biuro","8":"product_tag-konferencje-kursy-szkolenia","9":"product_tag-lakier-uv-selektywny","10":"product_tag-promowanie","12":"first","13":"instock","14":"taxable","15":"shipping-taxable","16":"purchasable","17":"product-type-simple"},"_links":{"self":[{"href":"https:\/\/printagram.com\/pl\/wp-json\/wp\/v2\/product\/23415","targetHints":{"allow":["GET"]}}],"collection":[{"href":"https:\/\/printagram.com\/pl\/wp-json\/wp\/v2\/product"}],"about":[{"href":"https:\/\/printagram.com\/pl\/wp-json\/wp\/v2\/types\/product"}],"wp:featuredmedia":[{"embeddable":true,"href":"https:\/\/printagram.com\/pl\/wp-json\/wp\/v2\/media\/35205"}],"wp:attachment":[{"href":"https:\/\/printagram.com\/pl\/wp-json\/wp\/v2\/media?parent=23415"}],"wp:term":[{"taxonomy":"product_brand","embeddable":true,"href":"https:\/\/printagram.com\/pl\/wp-json\/wp\/v2\/product_brand?post=23415"},{"taxonomy":"product_cat","embeddable":true,"href":"https:\/\/printagram.com\/pl\/wp-json\/wp\/v2\/product_cat?post=23415"},{"taxonomy":"product_tag","embeddable":true,"href":"https:\/\/printagram.com\/pl\/wp-json\/wp\/v2\/product_tag?post=23415"}],"curies":[{"name":"wp","href":"https:\/\/api.w.org\/{rel}","templated":true}]}}