{"id":23132,"date":"2023-03-02T20:43:44","date_gmt":"2023-03-02T19:43:44","guid":{"rendered":"https:\/\/printagram.com\/?post_type=product&#038;p=23132"},"modified":"2024-04-02T18:08:07","modified_gmt":"2024-04-02T16:08:07","slug":"pieczatki-standardowe-prostokatne","status":"publish","type":"product","link":"https:\/\/printagram.com\/pl\/produkt\/pieczatki-standardowe-prostokatne\/","title":{"rendered":"Piecz\u0105tki Standardowe prostok\u0105tne"},"content":{"rendered":"<p>Piecz\u0105tka\u00a0firmy COLOP \u0142\u0105czy w sobie funkcjonalno\u015b\u0107 oraz klasyczny kszta\u0142t. Liczne techniczne i innowacyjne szczeg\u00f3\u0142y piecz\u0105tki gwarantuj\u0105 jej precyzyjno\u015b\u0107 oraz \u0142atwo\u015b\u0107 u\u017cytkowania.\u00a0Zatyczka w kolorze obudowy skutecznie chroni przed zabrudzeniem i uszkodzeniem gumkii tekstowej piecz\u0105tki. Prosty kszta\u0142t obudowy u\u0142atwia wykonanie precyzyjnego odbicia. Stopki antypo\u015blizgowe zapobiegaj\u0105 przesuwaniu si\u0119 piecz\u0105tki podczas jej u\u017cytkowania, gwarantuj\u0105c przy tym precyzyjne, wyra\u017ane i czytelne odbicie. Niezwykle trwa\u0142a piecz\u0105tka, wykonana z tworzyw najwy\u017cszej jako\u015bci.<\/p>\n<p>Piecz\u0105tki s\u0105 dost\u0119pne w r\u00f3\u017cnych kszta\u0142tach i podkre\u015blaj\u0105 specyficzny charakter odbijanych tre\u015bci. R\u00f3\u017cnorodne rozmiary sprawiaj\u0105, \u017ce doskonale sprawdz\u0105 si\u0119 na karnetach lojalno\u015bciowych, biletach, dokumentach, czy \u015bwiadectwach.<\/p>\n","protected":false},"excerpt":{"rendered":"<p>Piecz\u0105tki Standardowe (prostokatne)<\/p>\n","protected":false},"featured_media":694,"template":"","meta":{"_seopress_robots_primary_cat":"","_seopress_titles_title":"","_seopress_titles_desc":"","_seopress_robots_index":""},"product_brand":[],"product_cat":[318],"product_tag":[444],"class_list":{"0":"post-23132","1":"product","2":"type-product","3":"status-publish","4":"has-post-thumbnail","6":"product_cat-pieczatki","7":"product_tag-firma-biuro","9":"first","10":"instock","11":"taxable","12":"shipping-taxable","13":"purchasable","14":"product-type-simple"},"_links":{"self":[{"href":"https:\/\/printagram.com\/pl\/wp-json\/wp\/v2\/product\/23132","targetHints":{"allow":["GET"]}}],"collection":[{"href":"https:\/\/printagram.com\/pl\/wp-json\/wp\/v2\/product"}],"about":[{"href":"https:\/\/printagram.com\/pl\/wp-json\/wp\/v2\/types\/product"}],"wp:featuredmedia":[{"embeddable":true,"href":"https:\/\/printagram.com\/pl\/wp-json\/wp\/v2\/media\/694"}],"wp:attachment":[{"href":"https:\/\/printagram.com\/pl\/wp-json\/wp\/v2\/media?parent=23132"}],"wp:term":[{"taxonomy":"product_brand","embeddable":true,"href":"https:\/\/printagram.com\/pl\/wp-json\/wp\/v2\/product_brand?post=23132"},{"taxonomy":"product_cat","embeddable":true,"href":"https:\/\/printagram.com\/pl\/wp-json\/wp\/v2\/product_cat?post=23132"},{"taxonomy":"product_tag","embeddable":true,"href":"https:\/\/printagram.com\/pl\/wp-json\/wp\/v2\/product_tag?post=23132"}],"curies":[{"name":"wp","href":"https:\/\/api.w.org\/{rel}","templated":true}]}}