{"id":21279,"date":"2023-01-15T22:17:52","date_gmt":"2023-01-15T21:17:52","guid":{"rendered":"https:\/\/printagram.com\/produkt\/vouchery-zlocone-srebrzone\/"},"modified":"2026-01-10T18:59:46","modified_gmt":"2026-01-10T17:59:46","slug":"konfigurator-vouchery-zlocone-lakierowane-uv-wypukle","status":"publish","type":"product","link":"https:\/\/printagram.com\/pl\/produkt\/konfigurator-vouchery-zlocone-lakierowane-uv-wypukle\/","title":{"rendered":"Vouchery z\u0142ocone i lakierowane UV wypuk\u0142e &#8211; konfigurator"},"content":{"rendered":"<p><strong>Vouchery upominkowe <\/strong>lub<strong> prezentowe<\/strong>\u00a0to \u015bwietne narz\u0119dzie, dzi\u0119ki kt\u00f3remu \u0142atwo zach\u0119cisz klient\u00f3w do skorzystania z us\u0142ug firmy. Przekazane w formie nagrody za wsp\u00f3\u0142prac\u0119, przedp\u0142aconej us\u0142ugi albo zwrotu cz\u0119\u015bci koszt\u00f3w zakup\u00f3w sprawiaj\u0105, \u017ce klienci ch\u0119tnie powr\u00f3c\u0105 by skorzysta\u0107 jeszcze raz, b\u0105d\u017a sprezentuj\u0105 voucher swoim bliskim lub znajomym.<\/p>\n<p>Dobrze si\u0119 sprawdza w promowaniu nowych us\u0142ug dla dotychczasowych klient\u00f3w, kt\u00f3rzy by\u0107 mo\u017ce nigdy nie zdecydowaliby si\u0119 na wydanie dodatkowych pieni\u0119dzy.<\/p>\n<h5>Z\u0142ocenie wypuk\u0142e<\/h5>\n<p><em>Metaliczna folia wypuk\u0142a<\/em>. Ta technika to bezmatrycowe nak\u0142adanie metalizowanej folii. Przy pomocy bardzo silnych wa\u0142k\u00f3w dociskowych jest nak\u0142adana na ca\u0142\u0105 powierzchni\u0119. Metalizowana folia przylega tylko do wypuk\u0142ego specjalnego materia\u0142u daj\u0105c pi\u0119kny efekt grubej wypuk\u0142ej warstwy z\u0142ota, srebra lub innego koloru. Mo\u017cesz przeczyta\u0107 wiecej o tej technice w <a href=\"\/pl\/metallic-3d-zlocenie\/\">artykule o z\u0142oceniu wypuk\u0142ym<\/a>.<\/p>\n\n<h5>Lakierowanie UV wybi\u00f3rcze<\/h5>\n<p>Lakier na\u0142o\u017cony na matow\u0105 powierzchni\u0119 powoduje \u017ce wybrane elementy takie jak logo, grafika, nazwisko itp s\u0105 b\u0142yszcz\u0105ce i \u0142adnie uwydatnione. Mo\u017cna te\u017c utworzy\u0107 nowe elementy graficzne widoczne pod odpowiednim k\u0105tem wzbogacaj\u0105ce projekt. Dzi\u0119ki temu mo\u017cna stosowa\u0107 lakierowane t\u0142a, \"znaki wodne\", desenie, tekstury itp. Wi\u0119cej o samej technice mo\u017cna przeczyta\u0107 w <a href=\"\/pl\/lakier-uv-selektywny\/\">artykule o lakierowaniu UV<\/a>.<\/p>\n\n","protected":false},"excerpt":{"rendered":"<p>Vouchery o gramaturze 350, pe\u0142nokolorowe, laminowane foli\u0105 mat standard lub soft-touch (mi\u0142e w dotyku). Do wyboru folia metaliczna wypuk\u0142a z przodu i z ty\u0142u. Opcjonalnie lakier UV wypuk\u0142y.<\/p>\n","protected":false},"featured_media":30075,"template":"","meta":{"_seopress_robots_primary_cat":"none","_seopress_titles_title":"","_seopress_titles_desc":"","_seopress_robots_index":""},"product_brand":[],"product_cat":[280],"product_tag":[447,437,434,446,445],"class_list":{"0":"post-21279","1":"product","2":"type-product","3":"status-publish","4":"has-post-thumbnail","6":"product_cat-vouchery-bony","7":"product_tag-eventy","8":"product_tag-lakier-uv-selektywny","9":"product_tag-metallic-3d-zlocenie","10":"product_tag-promowanie","11":"product_tag-sprzedaz-handel","13":"first","14":"instock","15":"taxable","16":"shipping-taxable","17":"purchasable","18":"product-type-simple"},"_links":{"self":[{"href":"https:\/\/printagram.com\/pl\/wp-json\/wp\/v2\/product\/21279","targetHints":{"allow":["GET"]}}],"collection":[{"href":"https:\/\/printagram.com\/pl\/wp-json\/wp\/v2\/product"}],"about":[{"href":"https:\/\/printagram.com\/pl\/wp-json\/wp\/v2\/types\/product"}],"wp:featuredmedia":[{"embeddable":true,"href":"https:\/\/printagram.com\/pl\/wp-json\/wp\/v2\/media\/30075"}],"wp:attachment":[{"href":"https:\/\/printagram.com\/pl\/wp-json\/wp\/v2\/media?parent=21279"}],"wp:term":[{"taxonomy":"product_brand","embeddable":true,"href":"https:\/\/printagram.com\/pl\/wp-json\/wp\/v2\/product_brand?post=21279"},{"taxonomy":"product_cat","embeddable":true,"href":"https:\/\/printagram.com\/pl\/wp-json\/wp\/v2\/product_cat?post=21279"},{"taxonomy":"product_tag","embeddable":true,"href":"https:\/\/printagram.com\/pl\/wp-json\/wp\/v2\/product_tag?post=21279"}],"curies":[{"name":"wp","href":"https:\/\/api.w.org\/{rel}","templated":true}]}}