{"id":8680,"date":"2021-11-04T14:52:53","date_gmt":"2021-11-04T13:52:53","guid":{"rendered":"http:\/\/dummy.xtemos.com\/woodmart2\/elementor\/?page_id=8680"},"modified":"2023-10-25T17:00:58","modified_gmt":"2023-10-25T15:00:58","slug":"o-nas","status":"publish","type":"page","link":"https:\/\/printagram.com\/pl\/o-nas\/","title":{"rendered":"O nas"},"content":{"rendered":"\t\t<div data-elementor-type=\"wp-page\" data-elementor-id=\"8680\" class=\"elementor elementor-8680\">\n\t\t\t\t\t\t<section class=\"wd-negative-gap elementor-section elementor-top-section elementor-element elementor-element-5299ba63 elementor-reverse-mobile elementor-section-boxed elementor-section-height-default elementor-section-height-default\" data-id=\"5299ba63\" data-element_type=\"section\" data-e-type=\"section\">\n\t\t\t\t\t\t<div class=\"elementor-container elementor-column-gap-default\">\n\t\t\t\t\t<div class=\"elementor-column elementor-col-100 elementor-top-column elementor-element elementor-element-4c5b7bc4\" data-id=\"4c5b7bc4\" data-element_type=\"column\" data-e-type=\"column\">\n\t\t\t<div class=\"elementor-widget-wrap elementor-element-populated\">\n\t\t\t\t\t\t<div class=\"elementor-element elementor-element-3149b12f wd-width-100 elementor-widget elementor-widget-wd_title\" data-id=\"3149b12f\" data-element_type=\"widget\" data-e-type=\"widget\" data-widget_type=\"wd_title.default\">\n\t\t\t\t<div class=\"elementor-widget-container\">\n\t\t\t\t\t\t\t<div class=\"title-wrapper wd-set-mb reset-last-child wd-title-color-default wd-title-style-default wd-title-size-large text-left\">\n\n\t\t\t\n\t\t\t<div class=\"liner-continer\">\n\t\t\t\t<h4 class=\"woodmart-title-container title wd-fontsize-xxl\"><\/h4> \n\t\t\t\t\t\t\t<\/div>\n\n\t\t\t\t\t\t\t<div class=\"title-after_title reset-last-child wd-fontsize-s\">\n\t\t\t\t\t<p>Serwis PRINTAGRAM powsta\u0142 z my\u015bl\u0105 o tych u\u017cytkownikach, kt\u00f3rzy pragn\u0105 swobodnie i w wygodny spos\u00f3b korzysta\u0107 z us\u0142ug drukarskich. Zdobyte w ci\u0105gu lat do\u015bwiadczenie pozwoli\u0142o nam stworzy\u0107 serwis, kt\u00f3ry, mamy nadziej\u0119, pozwoli Pa\u0144stwa komfortowo i fachowo obs\u0142u\u017cy\u0107.<\/p><p>W ka\u017cdym momencie mog\u0105 Pa\u0144stwo liczy\u0107 na nasze do\u015bwiadczenie i pomoc w przygotowywaniu prac do druku. B\u0142\u0119dy i ewentualne zagro\u017cenia s\u0105 przewa\u017cnie wychwytywane przez nas na etapie projektu i konsultowane z klientem. Je\u015bli zauwa\u017cymy jakiekolwiek niejasno\u015bci\u00a0<span style=\"font-weight: 600\">ZAWSZE\u00a0<\/span>do Pa\u0144stwa zadzwonimy lub napiszemy by je wyja\u015bni\u0107 -\u00a0<span style=\"font-weight: 600\">NIGDY\u00a0<\/span>w takiej sytuacji nie zastosujemy zasady \"tak by\u0142o przys\u0142ane to tak wydrukowane\".<\/p><p>Spos\u00f3b zamawiania wyrob\u00f3w w naszej drukarni jest prosty. R\u00f3\u017cni si\u0119 on tym od tradycyjnych zakup\u00f3w internetowych, \u017ce dodatkowo nale\u017cy przes\u0142a\u0107 dane do druku lub te\u017c gotowy plik (procedury przesy\u0142ania materia\u0142\u00f3w do druku s\u0105 opisane na stronie informacyjnej\u00a0Przesy\u0142anie plik\u00f3w). Z uwagi na specyfik\u0119 wyrob\u00f3w poligraficznych (np. wizyt\u00f3wka z wydrukowanym nazwiskiem w przeciwie\u0144stwie do kosmetyku mo\u017ce znale\u017a\u0107 tylko jednego klienta) zakupy w naszej drukarni s\u0105 obwarowane pewnymi zabezpieczeniami. Zawarte s\u0105 one w\u00a0regulaminie, z kt\u00f3rym nale\u017cy si\u0119 zapozna\u0107.<\/p>\t\t\t\t<\/div>\n\t\t\t\t\t<\/div>\n\t\t\t\t\t\t<\/div>\n\t\t\t\t<\/div>\n\t\t\t\t\t<\/div>\n\t\t<\/div>\n\t\t\t\t\t<\/div>\n\t\t<\/section>\n\t\t\t\t<\/div>\n\t\t","protected":false},"excerpt":{"rendered":"<p>Serwis PRINTAGRAM powsta\u0142 z my\u015bl\u0105 o tych u\u017cytkownikach, kt\u00f3rzy pragn\u0105 swobodnie i w wygodny spos\u00f3b korzysta\u0107 z us\u0142ug drukarskich. Zdobyte<\/p>\n","protected":false},"author":12,"featured_media":0,"parent":0,"menu_order":0,"comment_status":"closed","ping_status":"closed","template":"","meta":{"_seopress_robots_primary_cat":"","_seopress_titles_title":"","_seopress_titles_desc":"","_seopress_robots_index":"","footnotes":""},"class_list":["post-8680","page","type-page","status-publish","hentry"],"_links":{"self":[{"href":"https:\/\/printagram.com\/pl\/wp-json\/wp\/v2\/pages\/8680","targetHints":{"allow":["GET"]}}],"collection":[{"href":"https:\/\/printagram.com\/pl\/wp-json\/wp\/v2\/pages"}],"about":[{"href":"https:\/\/printagram.com\/pl\/wp-json\/wp\/v2\/types\/page"}],"author":[{"embeddable":true,"href":"https:\/\/printagram.com\/pl\/wp-json\/wp\/v2\/users\/12"}],"replies":[{"embeddable":true,"href":"https:\/\/printagram.com\/pl\/wp-json\/wp\/v2\/comments?post=8680"}],"version-history":[{"count":0,"href":"https:\/\/printagram.com\/pl\/wp-json\/wp\/v2\/pages\/8680\/revisions"}],"wp:attachment":[{"href":"https:\/\/printagram.com\/pl\/wp-json\/wp\/v2\/media?parent=8680"}],"curies":[{"name":"wp","href":"https:\/\/api.w.org\/{rel}","templated":true}]}}