{"id":21479,"date":"2023-01-26T11:45:43","date_gmt":"2023-01-26T10:45:43","guid":{"rendered":"https:\/\/printagram.com\/?page_id=21479"},"modified":"2024-03-26T22:48:13","modified_gmt":"2024-03-26T21:48:13","slug":"wysylka-towarow","status":"publish","type":"page","link":"https:\/\/printagram.com\/pl\/wysylka-towarow\/","title":{"rendered":"Wysy\u0142ka towar\u00f3w"},"content":{"rendered":"\t\t<div data-elementor-type=\"wp-page\" data-elementor-id=\"21479\" class=\"elementor elementor-21479\">\n\t\t\t\t\t\t<section class=\"wd-negative-gap elementor-section elementor-top-section elementor-element elementor-element-89554e5 elementor-section-boxed elementor-section-height-default elementor-section-height-default\" data-id=\"89554e5\" data-element_type=\"section\" data-e-type=\"section\">\n\t\t\t\t\t\t<div class=\"elementor-container elementor-column-gap-default\">\n\t\t\t\t\t<div class=\"elementor-column elementor-col-100 elementor-top-column elementor-element elementor-element-22b5ab6\" data-id=\"22b5ab6\" data-element_type=\"column\" data-e-type=\"column\">\n\t\t\t<div class=\"elementor-widget-wrap elementor-element-populated\">\n\t\t\t\t\t\t<div class=\"elementor-element elementor-element-fc1daec elementor-widget elementor-widget-wd_text_block\" data-id=\"fc1daec\" data-element_type=\"widget\" data-e-type=\"widget\" data-widget_type=\"wd_text_block.default\">\n\t\t\t\t<div class=\"elementor-widget-container\">\n\t\t\t\t\t\t\t<div class=\"wd-text-block reset-last-child text-left\">\n\t\t\t\n\t\t\t<h3>Opakowanie<\/h3><p>Przesy\u0142ki s\u0105 zabezpieczane w spos\u00f3b rzetelny. Du\u017ce paczki wysy\u0142amy w pud\u0142ach z grubej tektury 5-warstwowej, a mniejsze w specjalnych kopertach b\u0105belkowych lub mniejszych pude\u0142kach z tektury 3-warstwowej.<\/p><h3>Przewo\u017anicy<\/h3><p>Spos\u00f3b w jaki wysy\u0142ane sa produkty wybiera klient w trakcie procesu finalizacji zam\u00f3wienia. Aktualnie paczki wysy\u0142amy za pomoc\u0105:<\/p><div>UPS<\/div><div>DHL <br>Inpost Kurier <br>Inpost Paczkomaty<\/div><div>Standardowa Poczta<\/div><div>&nbsp;<\/div><h3>Koszty dostawy<\/h3><p>Koszty wysy\u0142ki kalkulowane s\u0105 dla ca\u0142o\u015bci danego zam\u00f3wienia. Zale\u017c\u0105 one od wagi, rodzaju opakowania wszystkich produkt\u00f3w w koszyku. Koszty opakowania zawarte s\u0105 w cenie przesy\u0142ki.<\/p><h3>Termin dostawy<\/h3><p>Terminy dostawy wynosz\u0105 w znacznej wi\u0119kszo\u015bci przypadk\u00f3w 1 dzie\u0144 roboczy na terenie Polski. Nie gwarantujemy jednak zawsze takich termin\u00f3w. Mog\u0105 one si\u0119 wyd\u0142u\u017cy\u0107 nawet do 3 dni roboczych w zale\u017cno\u015bci od wybranego przewo\u017anika. Czas dostwy paczek zagranicznych przez UPS wynosi od 1 do 5 dni roboczych na terenie Europy. Standardowa Poczta to czas dostawy 6-14 dni (Europa), 7-28 dni (Reszta \u015bwiata)<\/p><h3>Tracking (\u015aledzenie)<\/h3><p>Ka\u017cda przesy\u0142ka , kt\u00f3ra od nas jest wysy\u0142ana posiada sw\u00f3j numer i mo\u017ce by\u0107 monitorowana na stronach firm przewozowych.<\/p>\n\t\t\t\t\t<\/div>\n\t\t\t\t\t\t<\/div>\n\t\t\t\t<\/div>\n\t\t\t\t\t<\/div>\n\t\t<\/div>\n\t\t\t\t\t<\/div>\n\t\t<\/section>\n\t\t\t\t<\/div>\n\t\t","protected":false},"excerpt":{"rendered":"<p>Opakowanie Przesy\u0142ki s\u0105 zabezpieczane w spos\u00f3b rzetelny. Du\u017ce paczki wysy\u0142amy w pud\u0142ach z grubej tektury 5-warstwowej, a mniejsze w specjalnych<\/p>\n","protected":false},"author":3445,"featured_media":0,"parent":0,"menu_order":3,"comment_status":"closed","ping_status":"closed","template":"","meta":{"_seopress_robots_primary_cat":"","_seopress_titles_title":"","_seopress_titles_desc":"","_seopress_robots_index":"","footnotes":""},"class_list":["post-21479","page","type-page","status-publish","hentry"],"_links":{"self":[{"href":"https:\/\/printagram.com\/pl\/wp-json\/wp\/v2\/pages\/21479","targetHints":{"allow":["GET"]}}],"collection":[{"href":"https:\/\/printagram.com\/pl\/wp-json\/wp\/v2\/pages"}],"about":[{"href":"https:\/\/printagram.com\/pl\/wp-json\/wp\/v2\/types\/page"}],"author":[{"embeddable":true,"href":"https:\/\/printagram.com\/pl\/wp-json\/wp\/v2\/users\/3445"}],"replies":[{"embeddable":true,"href":"https:\/\/printagram.com\/pl\/wp-json\/wp\/v2\/comments?post=21479"}],"version-history":[{"count":0,"href":"https:\/\/printagram.com\/pl\/wp-json\/wp\/v2\/pages\/21479\/revisions"}],"wp:attachment":[{"href":"https:\/\/printagram.com\/pl\/wp-json\/wp\/v2\/media?parent=21479"}],"curies":[{"name":"wp","href":"https:\/\/api.w.org\/{rel}","templated":true}]}}