{"id":21477,"date":"2023-01-26T11:44:50","date_gmt":"2023-01-26T10:44:50","guid":{"rendered":"https:\/\/printagram.com\/?page_id=21477"},"modified":"2023-11-17T14:21:00","modified_gmt":"2023-11-17T13:21:00","slug":"termin-realizacji","status":"publish","type":"page","link":"https:\/\/printagram.com\/pl\/termin-realizacji\/","title":{"rendered":"Termin realizacji"},"content":{"rendered":"\t\t<div data-elementor-type=\"wp-page\" data-elementor-id=\"21477\" class=\"elementor elementor-21477\">\n\t\t\t\t\t\t<section class=\"wd-negative-gap elementor-section elementor-top-section elementor-element elementor-element-d86c5be elementor-section-boxed elementor-section-height-default elementor-section-height-default\" data-id=\"d86c5be\" data-element_type=\"section\" data-e-type=\"section\">\n\t\t\t\t\t\t<div class=\"elementor-container elementor-column-gap-default\">\n\t\t\t\t\t<div class=\"elementor-column elementor-col-100 elementor-top-column elementor-element elementor-element-b890833\" data-id=\"b890833\" data-element_type=\"column\" data-e-type=\"column\">\n\t\t\t<div class=\"elementor-widget-wrap elementor-element-populated\">\n\t\t\t\t\t\t<div class=\"elementor-element elementor-element-baba614 elementor-widget elementor-widget-wd_text_block\" data-id=\"baba614\" data-element_type=\"widget\" data-e-type=\"widget\" data-widget_type=\"wd_text_block.default\">\n\t\t\t\t<div class=\"elementor-widget-container\">\n\t\t\t\t\t\t\t<div class=\"wd-text-block reset-last-child text-left\">\n\t\t\t\n\t\t\t<p>(wyci\u0105g z <span style=\"text-decoration: underline;\"><a href=\"\/pl\/regulamin\/\">regulaminu<\/a><\/span>)<\/p><p>5.4. Termin realizacji liczony jest od momentu poprawnego z\u0142o\u017cenia zam\u00f3wienia, czyli od przyj\u0119cia i potwierdzenia.<br \/>5.4.1. Terminy realizacji r\u00f3\u017cni\u0105 si\u0119 w zale\u017cno\u015bci od wybranego produktu oraz opcji wybieranych w danym produkcie. Terminy realizacji (okre\u015blane w dniach roboczych) podawane s\u0105 online w trakcie przegl\u0105dania produkt\u00f3w w sklepie lub w podsumowaniu zam\u00f3wienia.<br \/>5.4.2. W przypadku Produkt\u00f3w o r\u00f3\u017cnych terminach dostawy, terminem dostawy jest najd\u0142u\u017cszy podany termin.<br \/>5.5. Pocz\u0105tek biegu terminu dostawy Produktu do Klienta liczy si\u0119 od potwierdzenia wp\u0142aty za zam\u00f3wienie oraz potwierdzenie prawid\u0142owo\u015bci z\u0142o\u017conego zam\u00f3wienia.<br \/>5.5.1. Za potwierdzenie wp\u0142aty \u2013 w przypadku wyboru przez Klienta sposobu p\u0142atno\u015bci przelewem, p\u0142atno\u015bci elektronicznych lub kart\u0105 p\u0142atnicz\u0105\u00a0\u2013 uznaje si\u0119 wp\u0142yw na rachunek bankowy lub rachunek rozliczeniowy Sprzedawcy.<br \/>5.5.2. Potwierdzenie prawid\u0142owo\u015bci z\u0142o\u017conego zam\u00f3wienia. Pracownik Sprzedawcy osobi\u015bcie potwierdza prawid\u0142owo\u015b\u0107 z\u0142o\u017conego zam\u00f3wienia wraz z dostarczonymi materia\u0142ami. Prawid\u0142owo\u015b\u0107 z\u0142o\u017conego zam\u00f3wienia sprawdzana jest wy\u0142\u0105cznie dla zam\u00f3wie\u0144, kt\u00f3re s\u0105 op\u0142acone.<br \/>5.5.2.1. W przypadku gdy do zrealizowania zlecenia konieczne jest wykonanie prac przygotowawczych lub adaptacyjnych (np. opracowanie i akceptacja projektu, przygotowanie plik\u00f3w lub innych prac niezb\u0119dnych do realizacji) pocz\u0105tek biegu terminu realizacji mo\u017ce si\u0119 przesun\u0105\u0107 o czas potrzebny na te prace.<br \/>5.5.2.2. Informacja o poprawno\u015bci i przyj\u0119ciu zam\u00f3wienia do realizacji dokumentowana jest wys\u0142aniem emaila potwierdzajacego przyj\u0119cie do realizacji.<br \/>5.5.2.3. Obowi\u0105zuj\u0105cym terminem realizacji zam\u00f3wienia (planowana data wysy\u0142ki) pozostaje zawsze informacja przes\u0142ana w emailu potwierdzaj\u0105cym przyj\u0119cie zam\u00f3wienia do realizacji.<br \/>5.6. Drukarnia nie odpowiada za wady i op\u00f3\u017anienia w realizacji zlece\u0144 wynikaj\u0105ce z niew\u0142a\u015bciwego przygotowania przez Klienta pliku wymaganego do realizacji zam\u00f3wienia (niezgodnego ze specyfikacj\u0105 techniczn\u0105 podan\u0105 w zaleceniach) lub innego powodu kt\u00f3ry uniemo\u017cliwia jego wykorzystanie do poprawnej realizacji zam\u00f3wienia.<br \/>5.7. Termin realizacji zam\u00f3wienia lub jednej z jego pozycji mo\u017ce by\u0107 niedotrzymany ze strony Sprzedawcy w przypadku wyst\u0105pienia si\u0142y wy\u017cszej (np. awaria). W takim przypadku Klient jest o tym fakcie niezw\u0142ocznie informowany.<\/p>\n\t\t\t\t\t<\/div>\n\t\t\t\t\t\t<\/div>\n\t\t\t\t<\/div>\n\t\t\t\t\t<\/div>\n\t\t<\/div>\n\t\t\t\t\t<\/div>\n\t\t<\/section>\n\t\t\t\t<\/div>\n\t\t","protected":false},"excerpt":{"rendered":"<p>(wyci\u0105g z regulaminu) 5.4. Termin realizacji liczony jest od momentu poprawnego z\u0142o\u017cenia zam\u00f3wienia, czyli od przyj\u0119cia i potwierdzenia.5.4.1. Terminy realizacji<\/p>\n","protected":false},"author":3445,"featured_media":0,"parent":0,"menu_order":2,"comment_status":"closed","ping_status":"closed","template":"","meta":{"_seopress_robots_primary_cat":"","_seopress_titles_title":"","_seopress_titles_desc":"","_seopress_robots_index":"","footnotes":""},"class_list":["post-21477","page","type-page","status-publish","hentry"],"_links":{"self":[{"href":"https:\/\/printagram.com\/pl\/wp-json\/wp\/v2\/pages\/21477","targetHints":{"allow":["GET"]}}],"collection":[{"href":"https:\/\/printagram.com\/pl\/wp-json\/wp\/v2\/pages"}],"about":[{"href":"https:\/\/printagram.com\/pl\/wp-json\/wp\/v2\/types\/page"}],"author":[{"embeddable":true,"href":"https:\/\/printagram.com\/pl\/wp-json\/wp\/v2\/users\/3445"}],"replies":[{"embeddable":true,"href":"https:\/\/printagram.com\/pl\/wp-json\/wp\/v2\/comments?post=21477"}],"version-history":[{"count":0,"href":"https:\/\/printagram.com\/pl\/wp-json\/wp\/v2\/pages\/21477\/revisions"}],"wp:attachment":[{"href":"https:\/\/printagram.com\/pl\/wp-json\/wp\/v2\/media?parent=21477"}],"curies":[{"name":"wp","href":"https:\/\/api.w.org\/{rel}","templated":true}]}}