{"id":689,"date":"2022-10-23T21:12:31","date_gmt":"2022-10-23T19:12:31","guid":{"rendered":"https:\/\/printagram.com\/produkt\/pocztowki-kartki-widokowki\/"},"modified":"2025-04-03T15:30:07","modified_gmt":"2025-04-03T13:30:07","slug":"pocztowki-kartki-widokowki","status":"publish","type":"product","link":"https:\/\/printagram.com\/it\/prodotto\/cartoline-postali\/","title":{"rendered":"Cartoline, cartoline, cartoline"},"content":{"rendered":"<p>Le cartoline sono popolari da oltre 100 anni. Sono un prodotto estremamente economico e di grande qualit\u00e0. La piccola tiratura permette di realizzare progetti molto economici per attivit\u00e0 artistiche, commemorazioni, viaggi turistici di gruppo, ecc. Le nostre cartoline sono utilizzate da fotografi e artisti visivi che desiderano divulgare il proprio lavoro, hotel, aziende agrituristiche, organizzatori di campeggi e colonie, uffici turistici, realizzatori di progetti ecologici, associazioni, dipartimenti di promozione di vari enti.<\/p>\n<p>Nonostante il fatto che, nell'era delle e-mail, sempre meno persone utilizzino la posta tradizionale per inviare lettere e cartoline, si pu\u00f2 essere certi che le cartoline (o postcard) non smetteranno mai di essere di moda. Per di pi\u00f9, stanno assumendo qualit\u00e0 stravaganti e lussuose. Perch\u00e9 si possono paragonare gli auguri inviati per cartolina con quelli inviati per e-mail \ud83d\ude42 .<\/p>","protected":false},"excerpt":{"rendered":"<p>Cartoline tradizionali in cartoncino bianco da 300 g\/m2. Formato 105 mm x 148 mm. Stampa fronte\/retro - 4 colori CMYK (tavolozza colori completa), rivestita su un lato con laminato lucido.<\/p>","protected":false},"featured_media":22161,"template":"","meta":{"_seopress_robots_primary_cat":"none","_seopress_titles_title":"","_seopress_titles_desc":"","_seopress_robots_index":""},"product_brand":[],"product_cat":[308],"product_tag":[447,446],"class_list":{"0":"post-689","1":"product","2":"type-product","3":"status-publish","4":"has-post-thumbnail","6":"product_cat-pocztowki-karnety","7":"product_tag-eventy","8":"product_tag-promowanie","10":"first","11":"instock","12":"taxable","13":"shipping-taxable","14":"purchasable","15":"product-type-simple"},"_links":{"self":[{"href":"https:\/\/printagram.com\/it\/wp-json\/wp\/v2\/product\/689","targetHints":{"allow":["GET"]}}],"collection":[{"href":"https:\/\/printagram.com\/it\/wp-json\/wp\/v2\/product"}],"about":[{"href":"https:\/\/printagram.com\/it\/wp-json\/wp\/v2\/types\/product"}],"wp:featuredmedia":[{"embeddable":true,"href":"https:\/\/printagram.com\/it\/wp-json\/wp\/v2\/media\/22161"}],"wp:attachment":[{"href":"https:\/\/printagram.com\/it\/wp-json\/wp\/v2\/media?parent=689"}],"wp:term":[{"taxonomy":"product_brand","embeddable":true,"href":"https:\/\/printagram.com\/it\/wp-json\/wp\/v2\/product_brand?post=689"},{"taxonomy":"product_cat","embeddable":true,"href":"https:\/\/printagram.com\/it\/wp-json\/wp\/v2\/product_cat?post=689"},{"taxonomy":"product_tag","embeddable":true,"href":"https:\/\/printagram.com\/it\/wp-json\/wp\/v2\/product_tag?post=689"}],"curies":[{"name":"wp","href":"https:\/\/api.w.org\/{rel}","templated":true}]}}