{"id":683,"date":"2022-10-23T21:12:25","date_gmt":"2022-10-23T19:12:25","guid":{"rendered":"https:\/\/printagram.com\/produkt\/papier-firmowy\/"},"modified":"2024-09-29T23:57:08","modified_gmt":"2024-09-29T21:57:08","slug":"papier-firmowy","status":"publish","type":"product","link":"https:\/\/printagram.com\/it\/prodotto\/carta-intestata\/","title":{"rendered":"Carta intestata"},"content":{"rendered":"<p>Carta per corrispondenza commerciale. Stampa offset. Gamma completa di colori CMYK. Carta offset standard\u00a0<strong>grammatura 90 o 170 g\/m<sup>2<\/sup>.\u00a0<\/strong>La stampa su tutta la superficie pu\u00f2 essere effettuata senza perdita di qualit\u00e0. Ideale per l'utilizzo con stampanti e fotocopiatrici laser e a getto d'inchiostro.<\/p>\n<p><strong>QUESTA NON \u00c8 UNA STAMPA DIGITALE!<\/strong><\/p>\n<p>\u00c8 possibile utilizzarlo liberamente su tutti i tipi di apparecchiature!<br \/>\nPerfetto per tutti i tipi di stampanti, comprese quelle laser e le fotocopiatrici.<\/p>\n<p><small>\u00c8 possibile acquistare carta intestata a un prezzo inferiore in alcuni negozi e aste online, ma si tratta per lo pi\u00f9 di stampa digitale, che pu\u00f2 essere utilizzata solo con macchine a getto d'inchiostro. Non possono essere utilizzate in stampanti laser o fotocopiatrici. La stampa digitale si scioglie a causa delle alte temperature e pu\u00f2 danneggiare la stampante. Per la vostra sicurezza, controllate sempre la tecnologia di stampa.\u00a0<\/small><\/p>","protected":false},"excerpt":{"rendered":"<p>Carta intestata da utilizzare nella corrispondenza aziendale.<\/p>","protected":false},"featured_media":22424,"template":"","meta":{"_seopress_robots_primary_cat":"","_seopress_titles_title":"","_seopress_titles_desc":"","_seopress_robots_index":""},"product_brand":[],"product_cat":[299],"product_tag":[444],"class_list":{"0":"post-683","1":"product","2":"type-product","3":"status-publish","4":"has-post-thumbnail","6":"product_cat-papeteria-papier-koperty","7":"product_tag-firma-biuro","9":"first","10":"instock","11":"taxable","12":"shipping-taxable","13":"purchasable","14":"product-type-simple"},"_links":{"self":[{"href":"https:\/\/printagram.com\/it\/wp-json\/wp\/v2\/product\/683","targetHints":{"allow":["GET"]}}],"collection":[{"href":"https:\/\/printagram.com\/it\/wp-json\/wp\/v2\/product"}],"about":[{"href":"https:\/\/printagram.com\/it\/wp-json\/wp\/v2\/types\/product"}],"wp:featuredmedia":[{"embeddable":true,"href":"https:\/\/printagram.com\/it\/wp-json\/wp\/v2\/media\/22424"}],"wp:attachment":[{"href":"https:\/\/printagram.com\/it\/wp-json\/wp\/v2\/media?parent=683"}],"wp:term":[{"taxonomy":"product_brand","embeddable":true,"href":"https:\/\/printagram.com\/it\/wp-json\/wp\/v2\/product_brand?post=683"},{"taxonomy":"product_cat","embeddable":true,"href":"https:\/\/printagram.com\/it\/wp-json\/wp\/v2\/product_cat?post=683"},{"taxonomy":"product_tag","embeddable":true,"href":"https:\/\/printagram.com\/it\/wp-json\/wp\/v2\/product_tag?post=683"}],"curies":[{"name":"wp","href":"https:\/\/api.w.org\/{rel}","templated":true}]}}