{"id":3480,"date":"2023-01-02T13:59:21","date_gmt":"2023-01-02T12:59:21","guid":{"rendered":"https:\/\/printagram.com\/produkt\/bloczki-notesy-firmowe\/"},"modified":"2025-03-28T12:10:41","modified_gmt":"2025-03-28T11:10:41","slug":"bloczki-notesy-firmowe","status":"publish","type":"product","link":"https:\/\/printagram.com\/it\/prodotto\/blocchi-note-imprese\/","title":{"rendered":"Block notes aziendali"},"content":{"rendered":"<p>Blocchi di colla da 25, 50 o 100 fogli. Ogni blocco ha un supporto di cartone ed eventualmente una copertina. I blocchi vengono incollati lungo il bordo pi\u00f9 corto o pi\u00f9 lungo. Carta offset. Ritaglio dell'intera pila di blocchi su una macchina da taglio industriale. \u00c8 possibile anche arrotondare gli angoli.<\/p>\n<p>I blocchetti sono ideali come: carte di servizio, fatture, rapporti di accettazione, ordini di servizio, quaderni, blocchi per appunti aziendali, ecc.<\/p>","protected":false},"excerpt":{"rendered":"<p>Blocchi per appunti aziendali. A colori su ogni foglio. Incollati in 25, 50 o 100 fogli con supporto in cartone.<\/p>","protected":false},"featured_media":20806,"template":"","meta":{"_seopress_robots_primary_cat":"none","_seopress_titles_title":"","_seopress_titles_desc":"","_seopress_robots_index":""},"product_brand":[],"product_cat":[297],"product_tag":[444,448,446],"class_list":{"0":"post-3480","1":"product","2":"type-product","3":"status-publish","4":"has-post-thumbnail","6":"product_cat-bloczki-notesy","7":"product_tag-firma-biuro","8":"product_tag-konferencje-kursy-szkolenia","9":"product_tag-promowanie","11":"first","12":"instock","13":"taxable","14":"shipping-taxable","15":"purchasable","16":"product-type-simple"},"_links":{"self":[{"href":"https:\/\/printagram.com\/it\/wp-json\/wp\/v2\/product\/3480","targetHints":{"allow":["GET"]}}],"collection":[{"href":"https:\/\/printagram.com\/it\/wp-json\/wp\/v2\/product"}],"about":[{"href":"https:\/\/printagram.com\/it\/wp-json\/wp\/v2\/types\/product"}],"wp:featuredmedia":[{"embeddable":true,"href":"https:\/\/printagram.com\/it\/wp-json\/wp\/v2\/media\/20806"}],"wp:attachment":[{"href":"https:\/\/printagram.com\/it\/wp-json\/wp\/v2\/media?parent=3480"}],"wp:term":[{"taxonomy":"product_brand","embeddable":true,"href":"https:\/\/printagram.com\/it\/wp-json\/wp\/v2\/product_brand?post=3480"},{"taxonomy":"product_cat","embeddable":true,"href":"https:\/\/printagram.com\/it\/wp-json\/wp\/v2\/product_cat?post=3480"},{"taxonomy":"product_tag","embeddable":true,"href":"https:\/\/printagram.com\/it\/wp-json\/wp\/v2\/product_tag?post=3480"}],"curies":[{"name":"wp","href":"https:\/\/api.w.org\/{rel}","templated":true}]}}