{"id":30564,"date":"2023-10-01T21:59:17","date_gmt":"2023-10-01T19:59:17","guid":{"rendered":"https:\/\/printagram.com\/produkt\/metki-zawieszki-ekskluzywne-konfigurator-copy\/"},"modified":"2026-01-10T19:08:47","modified_gmt":"2026-01-10T18:08:47","slug":"vouchery-ekskluzywne-konfigurator","status":"publish","type":"product","link":"https:\/\/printagram.com\/it\/prodotto\/buoni-esclusivi-configuratore\/","title":{"rendered":"Buoni esclusivi - configuratore"},"content":{"rendered":"<p><strong>Carte regalo, buoni regalo, voucher<\/strong> sono talvolta un elemento inevitabile nelle strategie e nelle campagne di marketing. Beni eccezionali e servizi di valore possono essere offerti ai clienti sotto forma di carta, buono o voucher. Il cliente stesso pu\u00f2 decidere in quale momento riscattare il regalo, il premio o il servizio pre-acquistato. I prodotti che offriamo sono pensati per i clienti pi\u00f9 esigenti e vengono utilizzati soprattutto per la commercializzazione di prodotti o servizi di alta qualit\u00e0. Carta esclusiva, stampa di qualit\u00e0 e i migliori metodi di finitura offrono un'alternativa di lusso per il vostro programma di marketing o di fidelizzazione.<\/p>\n<h5>Tecniche di stampa<\/h5>\n<p>\u00c8 possibile utilizzare tecniche di stampa e finitura come la laminazione (combinando le carte), la serigrafia, la stampa digitale, la vernice UV, la stampa a caldo, la stampa tipografica (rotocalco) e la goffratura. Ulteriori informazioni sono disponibili sul sito <a href=\"https:\/\/printagram.com\/it\/stampa-e-finitura-2\/\">tecniche di stampa e finitura<\/a>.<\/p>\n<h5>Tipi di carta<\/h5>\n<p>\u00c8 possibile scegliere la carta di cui deve essere composto il buono. Gli strati di carta vengono uniti (laminazione) con la tipica colla. Non possono essere separati senza distruggerli.<\/p>\n<p>Funziona bene per promuovere nuovi servizi a clienti gi\u00e0 esistenti che potrebbero non aver mai scelto di spendere soldi in pi\u00f9.<\/p>","protected":false},"excerpt":{"rendered":"<p>Buoni regalo o buoni di rappresentanza. \u00c8 possibile utilizzare tutte le tecniche di stampa e finitura disponibili, come laminazione, rilievo e calcografia, stampa a caldo, verniciatura UV.<\/p>","protected":false},"featured_media":22516,"template":"","meta":{"_seopress_robots_primary_cat":"none","_seopress_titles_title":"","_seopress_titles_desc":"","_seopress_robots_index":""},"product_brand":[],"product_cat":[280],"product_tag":[447,438,439,437,441,446,443,445,440],"class_list":{"0":"post-30564","1":"product","2":"type-product","3":"status-publish","4":"has-post-thumbnail","6":"product_cat-vouchery-bony","7":"product_tag-eventy","8":"product_tag-hot-stamping","9":"product_tag-kaszerowanie","10":"product_tag-lakier-uv-selektywny","11":"product_tag-letterpress","12":"product_tag-promowanie","13":"product_tag-sitodruk","14":"product_tag-sprzedaz-handel","15":"product_tag-tloczenie-wypukle","17":"first","18":"instock","19":"taxable","20":"shipping-taxable","21":"purchasable","22":"product-type-simple"},"_links":{"self":[{"href":"https:\/\/printagram.com\/it\/wp-json\/wp\/v2\/product\/30564","targetHints":{"allow":["GET"]}}],"collection":[{"href":"https:\/\/printagram.com\/it\/wp-json\/wp\/v2\/product"}],"about":[{"href":"https:\/\/printagram.com\/it\/wp-json\/wp\/v2\/types\/product"}],"wp:featuredmedia":[{"embeddable":true,"href":"https:\/\/printagram.com\/it\/wp-json\/wp\/v2\/media\/22516"}],"wp:attachment":[{"href":"https:\/\/printagram.com\/it\/wp-json\/wp\/v2\/media?parent=30564"}],"wp:term":[{"taxonomy":"product_brand","embeddable":true,"href":"https:\/\/printagram.com\/it\/wp-json\/wp\/v2\/product_brand?post=30564"},{"taxonomy":"product_cat","embeddable":true,"href":"https:\/\/printagram.com\/it\/wp-json\/wp\/v2\/product_cat?post=30564"},{"taxonomy":"product_tag","embeddable":true,"href":"https:\/\/printagram.com\/it\/wp-json\/wp\/v2\/product_tag?post=30564"}],"curies":[{"name":"wp","href":"https:\/\/api.w.org\/{rel}","templated":true}]}}