{"id":30546,"date":"2023-10-01T14:43:13","date_gmt":"2023-10-01T12:43:13","guid":{"rendered":"https:\/\/printagram.com\/produkt\/teczki-firmowe-ekskluzywne-copy\/"},"modified":"2025-01-26T19:29:28","modified_gmt":"2025-01-26T18:29:28","slug":"metki-zawieszki-ekskluzywne-konfigurator","status":"publish","type":"product","link":"https:\/\/printagram.com\/it\/prodotto\/configuratore-di-collage-etichette-esclusive\/","title":{"rendered":"Etichette da appendere esclusive - configuratore"},"content":{"rendered":"<div class=\"row\">\n<div class=\"col-12 card description-text shadow-none bg-transparent\">\n<div class=\"card-body pt-0 pb-0\">\n<p><strong>Cartellini esclusivi, etichette, cartellini da appendere, targhette.<\/strong> Prodotti eccezionali richiedono un'etichettatura eccezionale. Quando si producono articoli di valore e costosi, \u00e8 importante etichettarli correttamente. L'etichetta deve essere unica e sottolineare il valore del prodotto su cui viene apposta. Le applicazioni possono essere molto diverse: etichette per capi di lusso, etichette per tessuti progettati e realizzati a mano in piccole o singole tirature, etichette per prodotti di alta gamma, ecc. Alle etichette possono essere applicati tutti i tipi di stampa e finitura possibili. Le etichette stesse possono essere laminate, cio\u00e8 composte da diversi strati di carta decorativa. L'etichetta pu\u00f2 essere molto spessa. Pu\u00f2 essere realizzata in carta speciale di cotone. L'etichetta pu\u00f2 avere una forma specifica. Il foro dell'etichetta pu\u00f2 essere piccolo o grande e pu\u00f2 anche essere occhiellato, cio\u00e8 fissato con un occhiello metallico.<\/p>\n<h5>Tecniche di stampa<\/h5>\n<p>\u00c8 possibile utilizzare tecniche di stampa e finitura come la serigrafia, la stampa digitale, la vernice UV, la stampa a caldo, la stampa tipografica (goffratura concava) e la goffratura a rilievo, che non \u00e8 visibile sull'altro lato. Per maggiori informazioni, visitate la pagina <a href=\"https:\/\/printagram.com\/it\/stampa-e-finitura-2\/\">tecniche di stampa e finitura<\/a>.<\/p>\n<h5>Tipi di carta<\/h5>\n<p>\u00c8 possibile scegliere la carta di cui deve essere composto il buono. Gli strati di carta vengono uniti (laminazione) con la tipica colla. Non possono essere separati senza distruggerli.<\/p>\n<\/div>\n<\/div>\n<\/div>","protected":false},"excerpt":{"rendered":"<p>Prodotti eccezionali richiedono un'etichettatura eccezionale. Tutte le tecniche di stampa e finitura, come la laminazione, la goffratura a rilievo e calcografica, la stampa a caldo, la verniciatura UV, possono essere utilizzate sulle etichette.<\/p>","protected":false},"featured_media":30553,"template":"","meta":{"_seopress_robots_primary_cat":"","_seopress_titles_title":"","_seopress_titles_desc":"","_seopress_robots_index":""},"product_brand":[],"product_cat":[289],"product_tag":[438,439,437,441,449,446,443,445,440,442],"class_list":{"0":"post-30546","1":"product","2":"type-product","3":"status-publish","4":"has-post-thumbnail","6":"product_cat-metki-zawieszki","7":"product_tag-hot-stamping","8":"product_tag-kaszerowanie","9":"product_tag-lakier-uv-selektywny","10":"product_tag-letterpress","11":"product_tag-produkcja","12":"product_tag-promowanie","13":"product_tag-sitodruk","14":"product_tag-sprzedaz-handel","15":"product_tag-tloczenie-wypukle","16":"product_tag-zlote-krawedzie","18":"first","19":"instock","20":"taxable","21":"shipping-taxable","22":"purchasable","23":"product-type-simple"},"_links":{"self":[{"href":"https:\/\/printagram.com\/it\/wp-json\/wp\/v2\/product\/30546","targetHints":{"allow":["GET"]}}],"collection":[{"href":"https:\/\/printagram.com\/it\/wp-json\/wp\/v2\/product"}],"about":[{"href":"https:\/\/printagram.com\/it\/wp-json\/wp\/v2\/types\/product"}],"wp:featuredmedia":[{"embeddable":true,"href":"https:\/\/printagram.com\/it\/wp-json\/wp\/v2\/media\/30553"}],"wp:attachment":[{"href":"https:\/\/printagram.com\/it\/wp-json\/wp\/v2\/media?parent=30546"}],"wp:term":[{"taxonomy":"product_brand","embeddable":true,"href":"https:\/\/printagram.com\/it\/wp-json\/wp\/v2\/product_brand?post=30546"},{"taxonomy":"product_cat","embeddable":true,"href":"https:\/\/printagram.com\/it\/wp-json\/wp\/v2\/product_cat?post=30546"},{"taxonomy":"product_tag","embeddable":true,"href":"https:\/\/printagram.com\/it\/wp-json\/wp\/v2\/product_tag?post=30546"}],"curies":[{"name":"wp","href":"https:\/\/api.w.org\/{rel}","templated":true}]}}