{"id":27868,"date":"2023-05-26T10:56:40","date_gmt":"2023-05-26T08:56:40","guid":{"rendered":"https:\/\/printagram.com\/produkt\/voucher-wypukle-zlocenie-folia-soft-touch-2014-niebieska-nieskonczonosc-copy-copy\/"},"modified":"2026-02-12T12:48:47","modified_gmt":"2026-02-12T11:48:47","slug":"voucher-dwie-warstwy-malmero-cedre-sitodruk-tloczenie-2016-voucher-jaki-jest-kazdy-widzi","status":"publish","type":"product","link":"https:\/\/printagram.com\/it\/prodotto\/voucher-a-due-strati-malmero-cedre-serigrafia-rilievo-2016-bono-cosi-come-e-tutti-possono-vederla\/","title":{"rendered":"Buoni in rilievo \"Il buono cos\u00ec com'\u00e8, tutti possono vederlo\" #2016"},"content":{"rendered":"<p>I buoni regalo o gli omaggi sono un ottimo strumento per incoraggiare facilmente i clienti a utilizzare i servizi di un'azienda.<br \/>\n<strong><i>Buoni multistrati<\/i><\/strong> sono composti da pi\u00f9 di uno strato di carta. La loro caratteristica principale \u00e8 che sono pi\u00f9 spessi dei buoni standard.<br \/>\n<strong><i>Rilievo<\/i><\/strong> \u00e8 l'evidenziazione di qualsiasi elemento con una matrice preparata individualmente. Pu\u00f2 trattarsi di un logo, di un testo, di un ornamento, ecc.<br \/>\n<p>Ulteriori informazioni sono disponibili alla pagina <a href=\"https:\/\/printagram.com\/it\/stampa-e-finitura-2\/\">tecniche di stampa e finitura<\/a>.<\/p>\n<p class=\"szukasz\"><strong>Cercate qualcosa di diverso?<\/strong> Se lo desiderate, potete configurare i vostri buoni esclusivi con tutte le opzioni e le carte possibili utilizzando la funzione <a href=\"https:\/\/printagram.com\/it\/prodotto\/buoni-esclusivi-configuratore\/\">configuratore di voucher esclusivo<\/a>.<\/p>\n<\/p>","protected":false},"excerpt":{"rendered":"<p>Buono a 2 strati laminati. Carta naturale opaca sul fronte e sul retro. Stampa con inchiostro di qualsiasi colore su fronte e retro. Goffratura opzionale.<\/p>","protected":false},"featured_media":26695,"template":"","meta":{"_seopress_robots_primary_cat":"","_seopress_titles_title":"","_seopress_titles_desc":"","_seopress_robots_index":""},"product_brand":[],"product_cat":[538],"product_tag":[447,441,446,443,445,440],"class_list":{"0":"post-27868","1":"product","2":"type-product","3":"status-publish","4":"has-post-thumbnail","6":"product_cat-vouchery-ekskluzywne","7":"product_tag-eventy","8":"product_tag-letterpress","9":"product_tag-promowanie","10":"product_tag-sitodruk","11":"product_tag-sprzedaz-handel","12":"product_tag-tloczenie-wypukle","14":"first","15":"instock","16":"taxable","17":"shipping-taxable","18":"purchasable","19":"product-type-simple"},"_links":{"self":[{"href":"https:\/\/printagram.com\/it\/wp-json\/wp\/v2\/product\/27868","targetHints":{"allow":["GET"]}}],"collection":[{"href":"https:\/\/printagram.com\/it\/wp-json\/wp\/v2\/product"}],"about":[{"href":"https:\/\/printagram.com\/it\/wp-json\/wp\/v2\/types\/product"}],"wp:featuredmedia":[{"embeddable":true,"href":"https:\/\/printagram.com\/it\/wp-json\/wp\/v2\/media\/26695"}],"wp:attachment":[{"href":"https:\/\/printagram.com\/it\/wp-json\/wp\/v2\/media?parent=27868"}],"wp:term":[{"taxonomy":"product_brand","embeddable":true,"href":"https:\/\/printagram.com\/it\/wp-json\/wp\/v2\/product_brand?post=27868"},{"taxonomy":"product_cat","embeddable":true,"href":"https:\/\/printagram.com\/it\/wp-json\/wp\/v2\/product_cat?post=27868"},{"taxonomy":"product_tag","embeddable":true,"href":"https:\/\/printagram.com\/it\/wp-json\/wp\/v2\/product_tag?post=27868"}],"curies":[{"name":"wp","href":"https:\/\/api.w.org\/{rel}","templated":true}]}}