{"id":25731,"date":"2023-05-12T12:10:42","date_gmt":"2023-05-12T10:10:42","guid":{"rendered":"https:\/\/printagram.com\/produkt\/certyfikat-ukonczenia-szkolenia-zlocony-soft-touch-4015-znak-zasluzonego-zawodowca-copy\/"},"modified":"2025-03-10T14:30:08","modified_gmt":"2025-03-10T13:30:08","slug":"zaproszenia-slubne-wypukle-zloto-soft-touch-6001-zaproszenia-piekne-jak-panna-mloda","status":"publish","type":"product","link":"https:\/\/printagram.com\/it\/prodotto\/inviti-di-matrimonio-in-rilievo-oro-soft-touch-6001-inviti-bella-come-una-sposa\/","title":{"rendered":"Partecipazioni di nozze dorate \"Inviti belli come gli sposi\" #6001"},"content":{"rendered":"<p>Inviti con effetto metallico in rilievo. Quando si tocca un prodotto del genere, si ha l'impressione di metallo liquido solidificato. I colori metallici brillanti riflettono chiaramente la luce e gi\u00e0 da lontano danno l'impressione di convessit\u00e0 e unicit\u00e0.<br \/>\n<h5>Doratura convessa<\/h5>\n<p><em>Foglio metallizzato in rilievo<\/em>. Questa tecnica consiste nell'applicazione senza matrice di pellicole metallizzate. Utilizzando rulli di pressione molto forti, viene applicata su tutta la superficie. La lamina metallizzata aderisce solo al materiale speciale convesso, dando il bellissimo effetto di uno spesso strato convesso di oro, argento o altro colore. Per saperne di pi\u00f9 su questa tecnica, consultare il sito <a href=\"https:\/\/printagram.com\/it\/foglio-metallizzato-in-rilievo\/\">articolo sulla doratura a rilievo<\/a>.<\/p>\n<\/p>","protected":false},"excerpt":{"rendered":"<p>Inviti formato A6, peso 350, a colori, laminati soft-touch (piacevoli al tatto). Lamina metallica convessa di qualsiasi colore sul fronte. Personalizzazione opzionale, ovvero stampa dei nomi degli invitati. <i>(*Stampiamo i nomi solo con la tecnica tradizionale, non con lamina metallica).<\/i><\/p>","protected":false},"featured_media":25945,"template":"","meta":{"_seopress_robots_primary_cat":"none","_seopress_titles_title":"","_seopress_titles_desc":"","_seopress_robots_index":""},"product_brand":[],"product_cat":[305],"product_tag":[447,434],"class_list":{"0":"post-25731","1":"product","2":"type-product","3":"status-publish","4":"has-post-thumbnail","6":"product_cat-zaproszenia","7":"product_tag-eventy","8":"product_tag-metallic-3d-zlocenie","10":"first","11":"instock","12":"taxable","13":"shipping-taxable","14":"purchasable","15":"product-type-simple"},"_links":{"self":[{"href":"https:\/\/printagram.com\/it\/wp-json\/wp\/v2\/product\/25731","targetHints":{"allow":["GET"]}}],"collection":[{"href":"https:\/\/printagram.com\/it\/wp-json\/wp\/v2\/product"}],"about":[{"href":"https:\/\/printagram.com\/it\/wp-json\/wp\/v2\/types\/product"}],"wp:featuredmedia":[{"embeddable":true,"href":"https:\/\/printagram.com\/it\/wp-json\/wp\/v2\/media\/25945"}],"wp:attachment":[{"href":"https:\/\/printagram.com\/it\/wp-json\/wp\/v2\/media?parent=25731"}],"wp:term":[{"taxonomy":"product_brand","embeddable":true,"href":"https:\/\/printagram.com\/it\/wp-json\/wp\/v2\/product_brand?post=25731"},{"taxonomy":"product_cat","embeddable":true,"href":"https:\/\/printagram.com\/it\/wp-json\/wp\/v2\/product_cat?post=25731"},{"taxonomy":"product_tag","embeddable":true,"href":"https:\/\/printagram.com\/it\/wp-json\/wp\/v2\/product_tag?post=25731"}],"curies":[{"name":"wp","href":"https:\/\/api.w.org\/{rel}","templated":true}]}}