{"id":25377,"date":"2023-05-11T13:55:51","date_gmt":"2023-05-11T11:55:51","guid":{"rendered":"https:\/\/printagram.com\/produkt\/voucher-wypukle-zloto-folia-soft-touch-czern-i-zloto-4005-viva-la-vizaz-2-copy\/"},"modified":"2025-01-26T19:46:49","modified_gmt":"2025-01-26T18:46:49","slug":"metki-biale-na-grubym-papierze-sirio-white-5002-tagi-trendow","status":"publish","type":"product","link":"https:\/\/printagram.com\/it\/prodotto\/tags-bianco-su-spessore-carta-sirio-bianco-5002-trend-tags-2\/","title":{"rendered":"Tag Trend #5002"},"content":{"rendered":"<p><strong><i>Etichette laminate<\/i><\/strong> sono composti da pi\u00f9 di uno strato di carta. La loro caratteristica principale \u00e8 che sono pi\u00f9 spessi dei cartellini standard.<br \/>\n<p>Ulteriori informazioni sono disponibili alla pagina <a href=\"https:\/\/printagram.com\/it\/stampa-e-finitura-2\/\">tecniche di stampa e finitura<\/a>.<\/p>\n<p class=\"szukasz\"><strong>Cercate qualcosa di diverso?<\/strong> Se lo si desidera, \u00e8 possibile configurare i propri tag con tutte le opzioni possibili e con qualsiasi carta, utilizzando l'opzione <a href=\"https:\/\/printagram.com\/it\/prodotto\/configuratore-di-collage-etichette-esclusive\/\">configuratore esclusivo di tag<\/a>.<\/p>\n<\/p>","protected":false},"excerpt":{"rendered":"<p>Etichetta laminata - composta da due strati di carta Sirio colorata bianca da 400 g. Stampa monocolore su entrambi i lati. Doratura o argentatura dei bordi opzionale.<\/p>","protected":false},"featured_media":25108,"template":"","meta":{"_seopress_robots_primary_cat":"","_seopress_titles_title":"","_seopress_titles_desc":"","_seopress_robots_index":""},"product_brand":[],"product_cat":[289],"product_tag":[439,449,446,443,445,442],"class_list":{"0":"post-25377","1":"product","2":"type-product","3":"status-publish","4":"has-post-thumbnail","6":"product_cat-metki-zawieszki","7":"product_tag-kaszerowanie","8":"product_tag-produkcja","9":"product_tag-promowanie","10":"product_tag-sitodruk","11":"product_tag-sprzedaz-handel","12":"product_tag-zlote-krawedzie","14":"first","15":"instock","16":"taxable","17":"shipping-taxable","18":"purchasable","19":"product-type-simple"},"_links":{"self":[{"href":"https:\/\/printagram.com\/it\/wp-json\/wp\/v2\/product\/25377","targetHints":{"allow":["GET"]}}],"collection":[{"href":"https:\/\/printagram.com\/it\/wp-json\/wp\/v2\/product"}],"about":[{"href":"https:\/\/printagram.com\/it\/wp-json\/wp\/v2\/types\/product"}],"wp:featuredmedia":[{"embeddable":true,"href":"https:\/\/printagram.com\/it\/wp-json\/wp\/v2\/media\/25108"}],"wp:attachment":[{"href":"https:\/\/printagram.com\/it\/wp-json\/wp\/v2\/media?parent=25377"}],"wp:term":[{"taxonomy":"product_brand","embeddable":true,"href":"https:\/\/printagram.com\/it\/wp-json\/wp\/v2\/product_brand?post=25377"},{"taxonomy":"product_cat","embeddable":true,"href":"https:\/\/printagram.com\/it\/wp-json\/wp\/v2\/product_cat?post=25377"},{"taxonomy":"product_tag","embeddable":true,"href":"https:\/\/printagram.com\/it\/wp-json\/wp\/v2\/product_tag?post=25377"}],"curies":[{"name":"wp","href":"https:\/\/api.w.org\/{rel}","templated":true}]}}