{"id":25020,"date":"2023-05-08T11:45:13","date_gmt":"2023-05-08T09:45:13","guid":{"rendered":"https:\/\/printagram.com\/?post_type=product&#038;p=25020"},"modified":"2025-01-26T19:39:31","modified_gmt":"2025-01-26T18:39:31","slug":"konfigurator-certyfikaty-dyplomy-zlocone-lakier-uv","status":"publish","type":"product","link":"https:\/\/printagram.com\/it\/prodotto\/configuratore-certificati-diplomi-oro-rilievo-vernice-uv\/","title":{"rendered":"Configuratore - Certificati placcati oro + vernice UV"},"content":{"rendered":"<p>Certificati di diploma con effetto metallico in rilievo e vernice UV. Quando si tocca questo prodotto, si ha l'impressione di metallo liquido solidificato. I colori metallici brillanti riflettono chiaramente la luce e gi\u00e0 da lontano danno l'impressione di sporgenza e unicit\u00e0.<br \/>\nLa vernice UV aggiunge brillantezza agli elementi in evidenza. Gli oggetti ricoperti con questa vernice sembrano \"dipinti\" con una vernice spessa, plastica e lucida. I raggi di luce riflessi enfatizzano la convessit\u00e0, che \u00e8 facile da percepire. Al tatto, la scivolosit\u00e0 e la levigatezza della vernice UV contrastano con la superficie vellutata e \"morbida\" della carta rivestita con pellicola soft-touch.<\n\n<h5>Doratura convessa<\/h5>\n<p><em>Foglio metallizzato in rilievo<\/em>. Questa tecnica consiste nell'applicazione senza matrice di pellicole metallizzate. Utilizzando rulli di pressione molto forti, viene applicata su tutta la superficie. La lamina metallizzata aderisce solo al materiale speciale convesso, dando il bellissimo effetto di uno spesso strato convesso di oro, argento o altro colore. Per saperne di pi\u00f9 su questa tecnica, consultare il sito <a href=\"https:\/\/printagram.com\/it\/foglio-metallizzato-in-rilievo\/\">articolo sulla doratura a rilievo<\/a>.<\/p>\n\n<h5>Verniciatura selettiva UV<\/h5>\n<p>La vernice applicata su una superficie opaca rende lucidi e ben evidenziati elementi selezionati come loghi, grafiche, nomi, ecc. \u00c8 anche possibile creare nuovi elementi grafici visibili dalla giusta angolazione per arricchire il design. In questo modo \u00e8 possibile utilizzare sfondi laccati, 'filigrane', motivi, texture, ecc. Per saperne di pi\u00f9 sulla tecnica stessa, consultare <a href=\"https:\/\/printagram.com\/it\/vernice-uv-puntuale\/\">articolo sulla verniciatura UV<\/a>.<\/p>\n\n\n<\/p>","protected":false},"excerpt":{"rendered":"<p>Certificati e diplomi dorati e laccati UV - tutte le opzioni.<\/p>","protected":false},"featured_media":34095,"template":"","meta":{"_seopress_robots_primary_cat":"none","_seopress_titles_title":"","_seopress_titles_desc":"","_seopress_robots_index":""},"product_brand":[],"product_cat":[425],"product_tag":[447,448,437,434],"class_list":{"0":"post-25020","1":"product","2":"type-product","3":"status-publish","4":"has-post-thumbnail","6":"product_cat-certyfikaty-dyplomy","7":"product_tag-eventy","8":"product_tag-konferencje-kursy-szkolenia","9":"product_tag-lakier-uv-selektywny","10":"product_tag-metallic-3d-zlocenie","12":"first","13":"instock","14":"taxable","15":"shipping-taxable","16":"purchasable","17":"product-type-simple"},"_links":{"self":[{"href":"https:\/\/printagram.com\/it\/wp-json\/wp\/v2\/product\/25020","targetHints":{"allow":["GET"]}}],"collection":[{"href":"https:\/\/printagram.com\/it\/wp-json\/wp\/v2\/product"}],"about":[{"href":"https:\/\/printagram.com\/it\/wp-json\/wp\/v2\/types\/product"}],"wp:featuredmedia":[{"embeddable":true,"href":"https:\/\/printagram.com\/it\/wp-json\/wp\/v2\/media\/34095"}],"wp:attachment":[{"href":"https:\/\/printagram.com\/it\/wp-json\/wp\/v2\/media?parent=25020"}],"wp:term":[{"taxonomy":"product_brand","embeddable":true,"href":"https:\/\/printagram.com\/it\/wp-json\/wp\/v2\/product_brand?post=25020"},{"taxonomy":"product_cat","embeddable":true,"href":"https:\/\/printagram.com\/it\/wp-json\/wp\/v2\/product_cat?post=25020"},{"taxonomy":"product_tag","embeddable":true,"href":"https:\/\/printagram.com\/it\/wp-json\/wp\/v2\/product_tag?post=25020"}],"curies":[{"name":"wp","href":"https:\/\/api.w.org\/{rel}","templated":true}]}}