{"id":24962,"date":"2023-05-07T18:58:18","date_gmt":"2023-05-07T16:58:18","guid":{"rendered":"https:\/\/printagram.com\/?post_type=product&#038;p=24962"},"modified":"2025-01-26T20:23:54","modified_gmt":"2025-01-26T19:23:54","slug":"wizytowka-hotstamping-ceo-el-presidente-1002","status":"publish","type":"product","link":"https:\/\/printagram.com\/it\/prodotto\/biglietto-da-visita-hotstamping-ceo-el-presidente-1002\/","title":{"rendered":"Biglietto da visita con stampa a caldo \"The C.E.O.. - El Presidente\" #1002"},"content":{"rendered":"<p><strong><i>Biglietti da visita multistrato<\/i><\/strong> sono composti da pi\u00f9 di uno strato di carta. La loro caratteristica principale \u00e8 che sono pi\u00f9 spessi dei normali biglietti da visita.<br \/>\n<strong><i>Hot-stamping<\/i><\/strong> \u00e8 una lamina stampata a caldo che contrasta perfettamente con la superficie del biglietto da visita, creando un effetto visivo accattivante.<br \/>\n<p>Ulteriori informazioni sono disponibili alla pagina <a href=\"\/it\/category\/technologie\/\">tecniche di stampa e finitura<\/a>.<\/p>\n<p class=\"szukasz\"><strong>Cercate qualcosa di diverso?<\/strong> Se lo si desidera, \u00e8 possibile configurare i propri biglietti da visita con tutte le opzioni possibili e con qualsiasi carta utilizzando l'opzione <a href=\"https:\/\/printagram.com\/it\/prodotto\/configuratore-di-carte-aziendali-esclusive\/\">configuratore esclusivo di biglietti da visita<\/a>.<\/p>\n<\/p>","protected":false},"excerpt":{"rendered":"<p>Biglietto da visita laminato a 2 strati. Carta Sirio colore blu scuro da 290 g (totale 580 g\/m2). Stampa a caldo in qualsiasi colore su entrambi i lati. Bordi dorati. Stampa a inchiostro opzionale sul fronte.<\/p>","protected":false},"featured_media":22468,"template":"","meta":{"_seopress_robots_primary_cat":"","_seopress_titles_title":"","_seopress_titles_desc":"","_seopress_robots_index":""},"product_brand":[],"product_cat":[413,415],"product_tag":[444,438,439,448,446,443,442],"class_list":{"0":"post-24962","1":"product","2":"type-product","3":"status-publish","4":"has-post-thumbnail","6":"product_cat-wizytowki-hot-stamping","7":"product_cat-wizytowki-kaszerowane","8":"product_tag-firma-biuro","9":"product_tag-hot-stamping","10":"product_tag-kaszerowanie","11":"product_tag-konferencje-kursy-szkolenia","12":"product_tag-promowanie","13":"product_tag-sitodruk","14":"product_tag-zlote-krawedzie","16":"first","17":"instock","18":"taxable","19":"shipping-taxable","20":"purchasable","21":"product-type-simple"},"_links":{"self":[{"href":"https:\/\/printagram.com\/it\/wp-json\/wp\/v2\/product\/24962","targetHints":{"allow":["GET"]}}],"collection":[{"href":"https:\/\/printagram.com\/it\/wp-json\/wp\/v2\/product"}],"about":[{"href":"https:\/\/printagram.com\/it\/wp-json\/wp\/v2\/types\/product"}],"wp:featuredmedia":[{"embeddable":true,"href":"https:\/\/printagram.com\/it\/wp-json\/wp\/v2\/media\/22468"}],"wp:attachment":[{"href":"https:\/\/printagram.com\/it\/wp-json\/wp\/v2\/media?parent=24962"}],"wp:term":[{"taxonomy":"product_brand","embeddable":true,"href":"https:\/\/printagram.com\/it\/wp-json\/wp\/v2\/product_brand?post=24962"},{"taxonomy":"product_cat","embeddable":true,"href":"https:\/\/printagram.com\/it\/wp-json\/wp\/v2\/product_cat?post=24962"},{"taxonomy":"product_tag","embeddable":true,"href":"https:\/\/printagram.com\/it\/wp-json\/wp\/v2\/product_tag?post=24962"}],"curies":[{"name":"wp","href":"https:\/\/api.w.org\/{rel}","templated":true}]}}