{"id":24785,"date":"2023-05-04T14:09:07","date_gmt":"2023-05-04T12:09:07","guid":{"rendered":"https:\/\/printagram.com\/produkt\/wizytowki-tloczone-wklesle-kaszerowane-iluzja-w-twojej-kieszeni-1013-copy\/"},"modified":"2025-01-26T20:24:14","modified_gmt":"2025-01-26T19:24:14","slug":"wizytowki-tloczone-czarne-kaszerowane-graphic-guru-1006","status":"publish","type":"product","link":"https:\/\/printagram.com\/it\/prodotto\/biglietto-da-visita-in-rilievo-nero-multistrato-graphic-guru-1006\/","title":{"rendered":"Biglietti da visita laminati neri in rilievo \"Graphic Guru\" #1006"},"content":{"rendered":"<p><strong><i>Biglietti da visita multistrato<\/i><\/strong> sono composti da pi\u00f9 di uno strato di carta. La loro caratteristica principale \u00e8 che sono pi\u00f9 spessi dei normali biglietti da visita.<br \/>\n<strong><i>Hot-stamping<\/i><\/strong> \u00e8 una lamina stampata a caldo che contrasta perfettamente con la superficie del biglietto da visita, creando un effetto visivo accattivante.<br \/>\n<strong><i>Rilievo<\/i><\/strong> \u00e8 l'evidenziazione di qualsiasi elemento con una matrice preparata individualmente. Pu\u00f2 trattarsi di un logo, di un testo, di un ornamento, ecc.<br \/>\n<p>Ulteriori informazioni sono disponibili alla pagina <a href=\"\/it\/category\/technologie\/\">tecniche di stampa e finitura<\/a>.<\/p>\n<p class=\"szukasz\"><strong>Cercate qualcosa di diverso?<\/strong> Se lo si desidera, \u00e8 possibile configurare i propri biglietti da visita con tutte le opzioni possibili e con qualsiasi carta utilizzando l'opzione <a href=\"https:\/\/printagram.com\/it\/prodotto\/configuratore-di-carte-aziendali-esclusive\/\">configuratore esclusivo di biglietti da visita<\/a>.<\/p>\n<\/p>","protected":false},"excerpt":{"rendered":"<p>Biglietto da visita laminato a 2 strati su carta Plike nera 330 g\/m2 soft-touch (totale 660 g\/m2), stampa a caldo e rotocalco nero sul fronte e stampa a 1 colore su entrambi i lati.<\/p>","protected":false},"featured_media":22473,"template":"","meta":{"_seopress_robots_primary_cat":"","_seopress_titles_title":"","_seopress_titles_desc":"","_seopress_robots_index":""},"product_brand":[],"product_cat":[413,415,414],"product_tag":[444,438,439,448,441,446,443],"class_list":{"0":"post-24785","1":"product","2":"type-product","3":"status-publish","4":"has-post-thumbnail","6":"product_cat-wizytowki-hot-stamping","7":"product_cat-wizytowki-kaszerowane","8":"product_cat-wizytowki-tloczone","9":"product_tag-firma-biuro","10":"product_tag-hot-stamping","11":"product_tag-kaszerowanie","12":"product_tag-konferencje-kursy-szkolenia","13":"product_tag-letterpress","14":"product_tag-promowanie","15":"product_tag-sitodruk","17":"first","18":"instock","19":"taxable","20":"shipping-taxable","21":"purchasable","22":"product-type-simple"},"_links":{"self":[{"href":"https:\/\/printagram.com\/it\/wp-json\/wp\/v2\/product\/24785","targetHints":{"allow":["GET"]}}],"collection":[{"href":"https:\/\/printagram.com\/it\/wp-json\/wp\/v2\/product"}],"about":[{"href":"https:\/\/printagram.com\/it\/wp-json\/wp\/v2\/types\/product"}],"wp:featuredmedia":[{"embeddable":true,"href":"https:\/\/printagram.com\/it\/wp-json\/wp\/v2\/media\/22473"}],"wp:attachment":[{"href":"https:\/\/printagram.com\/it\/wp-json\/wp\/v2\/media?parent=24785"}],"wp:term":[{"taxonomy":"product_brand","embeddable":true,"href":"https:\/\/printagram.com\/it\/wp-json\/wp\/v2\/product_brand?post=24785"},{"taxonomy":"product_cat","embeddable":true,"href":"https:\/\/printagram.com\/it\/wp-json\/wp\/v2\/product_cat?post=24785"},{"taxonomy":"product_tag","embeddable":true,"href":"https:\/\/printagram.com\/it\/wp-json\/wp\/v2\/product_tag?post=24785"}],"curies":[{"name":"wp","href":"https:\/\/api.w.org\/{rel}","templated":true}]}}