{"id":24728,"date":"2023-04-28T12:14:10","date_gmt":"2023-04-28T10:14:10","guid":{"rendered":"https:\/\/printagram.com\/?post_type=product&#038;p=24728"},"modified":"2026-02-12T13:28:39","modified_gmt":"2026-02-12T12:28:39","slug":"wizytowki-plastikowe-przezroczyste","status":"publish","type":"product","link":"https:\/\/printagram.com\/it\/prodotto\/biglietti-da-visita-plastica-trasparente\/","title":{"rendered":"Biglietti da visita in plastica trasparente"},"content":{"rendered":"<p>Stampiamo biglietti di plastica di 0,8 mm di spessore su plastica PP, traslucida con texture. Stampa con pigmenti a polimerizzazione UV, stampa in quadricromia su un lato e colore bianco opzionale. I biglietti da visita in plastica trasparente sono caratterizzati da una durata eccezionale e da una rigidit\u00e0 paragonabile a quella di una carta di credito. Dimensioni 85\u00d754 mm, angoli arrotondati. Ideali per biglietti da visita, carte fedelt\u00e0, carte club, carte sconto, carte fedelt\u00e0, ecc.<\/p>\n<p class=\"woocommerce-error\">ATTENZIONE: si sconsiglia di disegnare la stampa fino al bordo, poich\u00e9 la vernice UV \u00e8 molto dura e la fustellatrice la schegger\u00e0 quando arrotonder\u00e0 gli angoli.<br \/>\n\"uscire\" dalla carta. Si consiglia di mantenere un margine di 3 mm intorno al bordo. A causa di una possibile tolleranza di fustellatura di 1-2 mm, non consigliamo di disegnare una cornice.<\/p>","protected":false},"excerpt":{"rendered":"<p>Carte plastiche semitrasparenti di 0,8 mm di spessore su PP (polipropilene) ViPrint trasparente. Superficie ruvida con texture a sabbia fine. Certificati: Standard sui giocattoli EN 71\/3; 94\/62 Direttiva: RoHS - Direttiva DEEE, REACH, Direttiva UE N\u00b010\/2011.<\/p>","protected":false},"featured_media":28653,"template":"","meta":{"_seopress_robots_primary_cat":"none","_seopress_titles_title":"","_seopress_titles_desc":"","_seopress_robots_index":""},"product_brand":[],"product_cat":[416],"product_tag":[444,448,446],"class_list":{"0":"post-24728","1":"product","2":"type-product","3":"status-publish","4":"has-post-thumbnail","6":"product_cat-wizytowki-plastikowe","7":"product_tag-firma-biuro","8":"product_tag-konferencje-kursy-szkolenia","9":"product_tag-promowanie","11":"first","12":"instock","13":"taxable","14":"shipping-taxable","15":"purchasable","16":"product-type-simple"},"_links":{"self":[{"href":"https:\/\/printagram.com\/it\/wp-json\/wp\/v2\/product\/24728","targetHints":{"allow":["GET"]}}],"collection":[{"href":"https:\/\/printagram.com\/it\/wp-json\/wp\/v2\/product"}],"about":[{"href":"https:\/\/printagram.com\/it\/wp-json\/wp\/v2\/types\/product"}],"wp:featuredmedia":[{"embeddable":true,"href":"https:\/\/printagram.com\/it\/wp-json\/wp\/v2\/media\/28653"}],"wp:attachment":[{"href":"https:\/\/printagram.com\/it\/wp-json\/wp\/v2\/media?parent=24728"}],"wp:term":[{"taxonomy":"product_brand","embeddable":true,"href":"https:\/\/printagram.com\/it\/wp-json\/wp\/v2\/product_brand?post=24728"},{"taxonomy":"product_cat","embeddable":true,"href":"https:\/\/printagram.com\/it\/wp-json\/wp\/v2\/product_cat?post=24728"},{"taxonomy":"product_tag","embeddable":true,"href":"https:\/\/printagram.com\/it\/wp-json\/wp\/v2\/product_tag?post=24728"}],"curies":[{"name":"wp","href":"https:\/\/api.w.org\/{rel}","templated":true}]}}