{"id":8680,"date":"2021-11-04T14:52:53","date_gmt":"2021-11-04T13:52:53","guid":{"rendered":"http:\/\/dummy.xtemos.com\/woodmart2\/elementor\/?page_id=8680"},"modified":"2023-10-25T17:00:58","modified_gmt":"2023-10-25T15:00:58","slug":"o-nas","status":"publish","type":"page","link":"https:\/\/printagram.com\/it\/chi-siamo\/","title":{"rendered":"Chi siamo"},"content":{"rendered":"<div data-elementor-type=\"wp-page\" data-elementor-id=\"8680\" class=\"elementor elementor-8680\">\n\t\t\t\t\t\t<section class=\"wd-negative-gap elementor-section elementor-top-section elementor-element elementor-element-5299ba63 elementor-reverse-mobile elementor-section-boxed elementor-section-height-default elementor-section-height-default\" data-id=\"5299ba63\" data-element_type=\"section\" data-e-type=\"section\">\n\t\t\t\t\t\t<div class=\"elementor-container elementor-column-gap-default\">\n\t\t\t\t\t<div class=\"elementor-column elementor-col-100 elementor-top-column elementor-element elementor-element-4c5b7bc4\" data-id=\"4c5b7bc4\" data-element_type=\"column\" data-e-type=\"column\">\n\t\t\t<div class=\"elementor-widget-wrap elementor-element-populated\">\n\t\t\t\t\t\t<div class=\"elementor-element elementor-element-3149b12f wd-width-100 elementor-widget elementor-widget-wd_title\" data-id=\"3149b12f\" data-element_type=\"widget\" data-e-type=\"widget\" data-widget_type=\"wd_title.default\">\n\t\t\t\t<div class=\"elementor-widget-container\">\n\t\t\t\t\t\t\t<div class=\"title-wrapper wd-set-mb reset-last-child wd-title-color-default wd-title-style-default wd-title-size-large text-left\">\n\n\t\t\t\n\t\t\t<div class=\"liner-continer\">\n\t\t\t\t<h4 class=\"woodmart-title-container title wd-fontsize-xxl\"><\/h4> \n\t\t\t\t\t\t\t<\/div>\n\n\t\t\t\t\t\t\t<div class=\"title-after_title reset-last-child wd-fontsize-s\">\n\t\t\t\t\t<p>Il servizio PRINTAGRAM \u00e8 stato creato per gli utenti che desiderano utilizzare i servizi di stampa in modo libero e conveniente. L'esperienza maturata nel corso degli anni ci ha permesso di creare un servizio che speriamo possa servirvi comodamente e con competenza.<\/p><p>Potete sempre contare sulla nostra esperienza e sulla nostra assistenza nella preparazione del vostro lavoro per la stampa. Gli errori e i possibili rischi vengono solitamente rilevati da noi in fase di progettazione e consultati con il cliente. Se notiamo delle ambiguit\u00e0\u00a0<span style=\"font-weight: 600\">SEMPRE\u00a0<\/span>vi chiameremo o vi scriveremo per chiarire -\u00a0<span style=\"font-weight: 600\">MAI\u00a0<\/span>in una situazione del genere, non applicheremo il principio \"come inviato \u00e8 come stampato\".<\/p><p>Ordinare prodotti dalla nostra tipografia \u00e8 semplice. Si differenzia dal tradizionale shopping online per il fatto che, inoltre, \u00e8 necessario inviare i dati per la stampa o un file gi\u00e0 pronto (le procedure per l'invio dei materiali per la stampa sono descritte nella pagina informativa Trasferimento di file). A causa della natura specifica dei prodotti di stampa (ad esempio, un biglietto da visita con il nome stampato rispetto a un prodotto cosmetico pu\u00f2 trovare un solo cliente), gli acquisti nella nostra tipografia sono soggetti a determinate garanzie. Queste sono contenute nei termini e nelle condizioni, che vi invitiamo a conoscere.<\/p>\t\t\t\t<\/div>\n\t\t\t\t\t<\/div>\n\t\t\t\t\t\t<\/div>\n\t\t\t\t<\/div>\n\t\t\t\t\t<\/div>\n\t\t<\/div>\n\t\t\t\t\t<\/div>\n\t\t<\/section>\n\t\t\t\t<\/div>","protected":false},"excerpt":{"rendered":"<p>Il servizio PRINTAGRAM \u00e8 stato creato per gli utenti che desiderano utilizzare i servizi di stampa in modo libero e conveniente. Recuperato da<\/p>","protected":false},"author":12,"featured_media":0,"parent":0,"menu_order":0,"comment_status":"closed","ping_status":"closed","template":"","meta":{"_seopress_robots_primary_cat":"","_seopress_titles_title":"","_seopress_titles_desc":"","_seopress_robots_index":"","footnotes":""},"class_list":["post-8680","page","type-page","status-publish","hentry"],"_links":{"self":[{"href":"https:\/\/printagram.com\/it\/wp-json\/wp\/v2\/pages\/8680","targetHints":{"allow":["GET"]}}],"collection":[{"href":"https:\/\/printagram.com\/it\/wp-json\/wp\/v2\/pages"}],"about":[{"href":"https:\/\/printagram.com\/it\/wp-json\/wp\/v2\/types\/page"}],"author":[{"embeddable":true,"href":"https:\/\/printagram.com\/it\/wp-json\/wp\/v2\/users\/12"}],"replies":[{"embeddable":true,"href":"https:\/\/printagram.com\/it\/wp-json\/wp\/v2\/comments?post=8680"}],"version-history":[{"count":0,"href":"https:\/\/printagram.com\/it\/wp-json\/wp\/v2\/pages\/8680\/revisions"}],"wp:attachment":[{"href":"https:\/\/printagram.com\/it\/wp-json\/wp\/v2\/media?parent=8680"}],"curies":[{"name":"wp","href":"https:\/\/api.w.org\/{rel}","templated":true}]}}