{"id":722,"date":"2022-11-03T14:42:37","date_gmt":"2022-11-03T13:42:37","guid":{"rendered":"https:\/\/printagram.com\/?post_type=product&#038;p=722"},"modified":"2026-02-10T15:46:59","modified_gmt":"2026-02-10T14:46:59","slug":"teczki-firmowe-a4","status":"publish","type":"product","link":"https:\/\/printagram.com\/es\/producto\/carpetas-de-presentacion-a4\/","title":{"rendered":"Carpetas de presentaci\u00f3n A4"},"content":{"rendered":"<p>Gracias al r\u00e1pido desarrollo de la tecnolog\u00eda de impresi\u00f3n y a la reducci\u00f3n de los costes de preimpresi\u00f3n, podemos ofrecerle carpetas de ofertas muy asequibles. Para este tipo de carpeta de empresa disponemos de dos troqueladoras a elegir. La carpeta puede alojar hasta aprox. 10 o 30 hojas A4 est\u00e1ndar, dependiendo del corte que elija.<\/p>\n<p>Las carpetas de empresa se imprimen y luego se plastifican con pel\u00edcula brillante, mate o de tacto suave, o se lacan por fuera y finalmente se troquelan. En otras carpetas, el bolsillo para guardar documentos a veces est\u00e1 simplemente pegado. Nuestras carpetas tienen alas realmente s\u00f3lidas, sin encolar. Toda la carpeta est\u00e1 formada por una hoja de cart\u00f3n muy r\u00edgida. En el ala inferior se hacen muescas para tarjetas de visita. Las carpetas se entregan sin plegar.<\/p>","protected":false},"excerpt":{"rendered":"<p>Gracias al r\u00e1pido desarrollo de la tecnolog\u00eda de impresi\u00f3n y a la reducci\u00f3n de los costes de preimpresi\u00f3n, podemos ofrecerle carpetas de ofertas muy asequibles. Para este tipo de<\/p>","protected":false},"featured_media":21978,"template":"","meta":{"_seopress_robots_primary_cat":"none","_seopress_titles_title":"","_seopress_titles_desc":"","_seopress_robots_index":""},"product_brand":[],"product_cat":[292],"product_tag":[444,448,437,446],"class_list":{"0":"post-722","1":"product","2":"type-product","3":"status-publish","4":"has-post-thumbnail","6":"product_cat-teczki-segregatory","7":"product_tag-firma-biuro","8":"product_tag-konferencje-kursy-szkolenia","9":"product_tag-lakier-uv-selektywny","10":"product_tag-promowanie","12":"first","13":"instock","14":"taxable","15":"shipping-taxable","16":"purchasable","17":"product-type-simple"},"_links":{"self":[{"href":"https:\/\/printagram.com\/es\/wp-json\/wp\/v2\/product\/722","targetHints":{"allow":["GET"]}}],"collection":[{"href":"https:\/\/printagram.com\/es\/wp-json\/wp\/v2\/product"}],"about":[{"href":"https:\/\/printagram.com\/es\/wp-json\/wp\/v2\/types\/product"}],"wp:featuredmedia":[{"embeddable":true,"href":"https:\/\/printagram.com\/es\/wp-json\/wp\/v2\/media\/21978"}],"wp:attachment":[{"href":"https:\/\/printagram.com\/es\/wp-json\/wp\/v2\/media?parent=722"}],"wp:term":[{"taxonomy":"product_brand","embeddable":true,"href":"https:\/\/printagram.com\/es\/wp-json\/wp\/v2\/product_brand?post=722"},{"taxonomy":"product_cat","embeddable":true,"href":"https:\/\/printagram.com\/es\/wp-json\/wp\/v2\/product_cat?post=722"},{"taxonomy":"product_tag","embeddable":true,"href":"https:\/\/printagram.com\/es\/wp-json\/wp\/v2\/product_tag?post=722"}],"curies":[{"name":"wp","href":"https:\/\/api.w.org\/{rel}","templated":true}]}}