{"id":699,"date":"2022-10-23T21:12:44","date_gmt":"2022-10-23T19:12:44","guid":{"rendered":"https:\/\/printagram.com\/produkt\/projekt-graficzny\/"},"modified":"2025-07-11T11:27:24","modified_gmt":"2025-07-11T09:27:24","slug":"projekt-graficzny","status":"publish","type":"product","link":"https:\/\/printagram.com\/es\/producto\/diseno-grafico\/","title":{"rendered":"Dise\u00f1o gr\u00e1fico para un producto"},"content":{"rendered":"<p>Para el dise\u00f1o, necesitamos sus instrucciones y datos y, posiblemente, otros materiales (logotipos, gr\u00e1ficos, etc.).<br \/>\nGarantizamos total satisfacci\u00f3n. Nuestros dise\u00f1adores gr\u00e1ficos son profesionales experimentados. La primera propuesta generalmente se env\u00eda dentro de los 3 d\u00edas h\u00e1biles posteriores a la recepci\u00f3n de las instrucciones y materiales. A continuaci\u00f3n se presentan algunas preguntas frecuentes:<\/p>\n<ul>\n<li>\u00bfRecibir\u00e9 varias propuestas para elegir?<br \/>\nNo, hacemos una propuesta. Si no la considera suficiente, entonces prepararemos otra propuesta sobre la base de los comentarios que haya hecho, teniendo en cuenta las enmiendas.<\/li>\n<li>\u00bfY si no me gusta el proyecto?<br \/>\nTiene derecho a comentarlo. Entonces hacemos correcciones y lo enviamos de nuevo para su aprobaci\u00f3n. Y as\u00ed hasta el final feliz \ud83d\ude42 .<\/li>\n<li>Por cierto, \u00bfpuedes dise\u00f1arme un logotipo?<br \/>\n\u00a1NO! El servicio aplica \u00fanicamente para el dise\u00f1o de un producto espec\u00edfico. Los logotipos son dise\u00f1os conceptuales y se valoran de una manera completamente diferente.<\/li>\n<\/ul>","protected":false},"excerpt":{"rendered":"<p>Dise\u00f1o gr\u00e1fico y preparaci\u00f3n t\u00e9cnica para impresi\u00f3n.<\/p>","protected":false},"featured_media":30966,"template":"","meta":{"_seopress_robots_primary_cat":"none","_seopress_titles_title":"","_seopress_titles_desc":"","_seopress_robots_index":""},"product_brand":[],"product_cat":[435],"product_tag":[447,444,448,449,446,445],"class_list":{"0":"post-699","1":"product","2":"type-product","3":"status-publish","4":"has-post-thumbnail","6":"product_cat-uslugi-graficzne","7":"product_tag-eventy","8":"product_tag-firma-biuro","9":"product_tag-konferencje-kursy-szkolenia","10":"product_tag-produkcja","11":"product_tag-promowanie","12":"product_tag-sprzedaz-handel","13":"product_shipping_class-emailowo","15":"first","16":"instock","17":"taxable","18":"shipping-taxable","19":"purchasable","20":"product-type-simple"},"_links":{"self":[{"href":"https:\/\/printagram.com\/es\/wp-json\/wp\/v2\/product\/699","targetHints":{"allow":["GET"]}}],"collection":[{"href":"https:\/\/printagram.com\/es\/wp-json\/wp\/v2\/product"}],"about":[{"href":"https:\/\/printagram.com\/es\/wp-json\/wp\/v2\/types\/product"}],"wp:featuredmedia":[{"embeddable":true,"href":"https:\/\/printagram.com\/es\/wp-json\/wp\/v2\/media\/30966"}],"wp:attachment":[{"href":"https:\/\/printagram.com\/es\/wp-json\/wp\/v2\/media?parent=699"}],"wp:term":[{"taxonomy":"product_brand","embeddable":true,"href":"https:\/\/printagram.com\/es\/wp-json\/wp\/v2\/product_brand?post=699"},{"taxonomy":"product_cat","embeddable":true,"href":"https:\/\/printagram.com\/es\/wp-json\/wp\/v2\/product_cat?post=699"},{"taxonomy":"product_tag","embeddable":true,"href":"https:\/\/printagram.com\/es\/wp-json\/wp\/v2\/product_tag?post=699"}],"curies":[{"name":"wp","href":"https:\/\/api.w.org\/{rel}","templated":true}]}}