{"id":691,"date":"2022-10-23T21:12:33","date_gmt":"2022-10-23T19:12:33","guid":{"rendered":"https:\/\/printagram.com\/produkt\/plyty-okladki-cd-dvd\/"},"modified":"2024-09-30T00:01:48","modified_gmt":"2024-09-29T22:01:48","slug":"plyty-cd-dvd","status":"publish","type":"product","link":"https:\/\/printagram.com\/es\/producto\/cd-dvd-discos\/","title":{"rendered":"CD DVD discos"},"content":{"rendered":"<p>\u00bfTiene previsto publicar un \u00e1lbum de m\u00fasica, un CD o DVD de presentaci\u00f3n o una pel\u00edcula? Si es as\u00ed, \u00a1esta oferta es para usted! CDs de audio, CDs de v\u00eddeo, DVDs, presentaciones multimedia, discos de archivo... todo en ediciones de pocos a varios miles de ejemplares. Con su propia impresi\u00f3n profesional y exclusiva en el disco y la caja. Una forma vers\u00e1til y c\u00f3moda de almacenar grabaciones, pel\u00edculas y datos.<\/p>\n<p>Nuestra oferta se dirige principalmente a centros de diagn\u00f3stico m\u00e9dico, fot\u00f3grafos, empresas de videograf\u00eda o quienes crean presentaciones multimedia. Tambi\u00e9n es ideal para que los grupos de m\u00fasica publiquen una maqueta o su CD promocional. Tambi\u00e9n pueden servir al usuario corriente o al coleccionista de audio o v\u00eddeo.<\/p>\n<p>No deje de consultar la oferta en <a href=\"https:\/\/printagram.com\/es\/producto\/caratulas-para-cd-dvd\/\">car\u00e1tulas impresas para CD DVD<\/a>.<br \/>\nLos CD o DVD pueden ser pregrabados (grabados) o v\u00edrgenes (CD-R, DVD-R). Si los discos se van a grabar, facilite un archivo adicional en formato ISO con el contenido del disco. <\/p>","protected":false},"excerpt":{"rendered":"<p>CD DVD impresos y grabados (opcional)<\/p>","protected":false},"featured_media":22200,"template":"","meta":{"_seopress_robots_primary_cat":"","_seopress_titles_title":"","_seopress_titles_desc":"","_seopress_robots_index":""},"product_brand":[],"product_cat":[316],"product_tag":[448,449,446],"class_list":{"0":"post-691","1":"product","2":"type-product","3":"status-publish","4":"has-post-thumbnail","6":"product_cat-plyty-opakowania-cd-dvd","7":"product_tag-konferencje-kursy-szkolenia","8":"product_tag-produkcja","9":"product_tag-promowanie","11":"first","12":"instock","13":"taxable","14":"shipping-taxable","15":"purchasable","16":"product-type-simple"},"_links":{"self":[{"href":"https:\/\/printagram.com\/es\/wp-json\/wp\/v2\/product\/691","targetHints":{"allow":["GET"]}}],"collection":[{"href":"https:\/\/printagram.com\/es\/wp-json\/wp\/v2\/product"}],"about":[{"href":"https:\/\/printagram.com\/es\/wp-json\/wp\/v2\/types\/product"}],"wp:featuredmedia":[{"embeddable":true,"href":"https:\/\/printagram.com\/es\/wp-json\/wp\/v2\/media\/22200"}],"wp:attachment":[{"href":"https:\/\/printagram.com\/es\/wp-json\/wp\/v2\/media?parent=691"}],"wp:term":[{"taxonomy":"product_brand","embeddable":true,"href":"https:\/\/printagram.com\/es\/wp-json\/wp\/v2\/product_brand?post=691"},{"taxonomy":"product_cat","embeddable":true,"href":"https:\/\/printagram.com\/es\/wp-json\/wp\/v2\/product_cat?post=691"},{"taxonomy":"product_tag","embeddable":true,"href":"https:\/\/printagram.com\/es\/wp-json\/wp\/v2\/product_tag?post=691"}],"curies":[{"name":"wp","href":"https:\/\/api.w.org\/{rel}","templated":true}]}}