{"id":689,"date":"2022-10-23T21:12:31","date_gmt":"2022-10-23T19:12:31","guid":{"rendered":"https:\/\/printagram.com\/produkt\/pocztowki-kartki-widokowki\/"},"modified":"2025-04-03T15:30:07","modified_gmt":"2025-04-03T13:30:07","slug":"pocztowki-kartki-widokowki","status":"publish","type":"product","link":"https:\/\/printagram.com\/es\/producto\/tarjetas-postales\/","title":{"rendered":"Tarjetas postales"},"content":{"rendered":"<p>Las postales son populares desde hace m\u00e1s de 100 a\u00f1os. Son un producto muy barato y de gran calidad. La peque\u00f1a tirada permite realizar proyectos realmente baratos para actividades art\u00edsticas, conmemorar celebraciones, viajes tur\u00edsticos en grupo, etc. Nuestras postales son utilizadas por fot\u00f3grafos y artistas pl\u00e1sticos que desean divulgar su obra, hoteles, empresas de agroturismo, organizadores de campamentos y colonias de vacaciones, oficinas de turismo, ejecutores de proyectos ecol\u00f3gicos, asociaciones, departamentos de promoci\u00f3n de diversas administraciones.<\/p>\n<p>A pesar de que, en la era del correo electr\u00f3nico, cada vez menos gente utiliza el correo tradicional para enviar cartas y postales, puede estar seguro de que las postales (o tarjetas postales) nunca dejar\u00e1n de estar de moda. Es m\u00e1s: est\u00e1n adquiriendo cualidades extravagantes y lujosas. Porque \u00bfse pueden comparar las felicitaciones enviadas por postal con un correo electr\u00f3nico \ud83d\ude42 .<\/p>","protected":false},"excerpt":{"rendered":"<p>Tarjetas postales tradicionales de cart\u00f3n blanco de 300 g\/m2. Tama\u00f1o 105 mm x 148 mm. Impresi\u00f3n a doble cara - 4 colores CMYK (paleta de colores completa), cubierta por una cara con laminado brillante.<\/p>","protected":false},"featured_media":22161,"template":"","meta":{"_seopress_robots_primary_cat":"none","_seopress_titles_title":"","_seopress_titles_desc":"","_seopress_robots_index":""},"product_brand":[],"product_cat":[308],"product_tag":[447,446],"class_list":{"0":"post-689","1":"product","2":"type-product","3":"status-publish","4":"has-post-thumbnail","6":"product_cat-pocztowki-karnety","7":"product_tag-eventy","8":"product_tag-promowanie","10":"first","11":"instock","12":"taxable","13":"shipping-taxable","14":"purchasable","15":"product-type-simple"},"_links":{"self":[{"href":"https:\/\/printagram.com\/es\/wp-json\/wp\/v2\/product\/689","targetHints":{"allow":["GET"]}}],"collection":[{"href":"https:\/\/printagram.com\/es\/wp-json\/wp\/v2\/product"}],"about":[{"href":"https:\/\/printagram.com\/es\/wp-json\/wp\/v2\/types\/product"}],"wp:featuredmedia":[{"embeddable":true,"href":"https:\/\/printagram.com\/es\/wp-json\/wp\/v2\/media\/22161"}],"wp:attachment":[{"href":"https:\/\/printagram.com\/es\/wp-json\/wp\/v2\/media?parent=689"}],"wp:term":[{"taxonomy":"product_brand","embeddable":true,"href":"https:\/\/printagram.com\/es\/wp-json\/wp\/v2\/product_brand?post=689"},{"taxonomy":"product_cat","embeddable":true,"href":"https:\/\/printagram.com\/es\/wp-json\/wp\/v2\/product_cat?post=689"},{"taxonomy":"product_tag","embeddable":true,"href":"https:\/\/printagram.com\/es\/wp-json\/wp\/v2\/product_tag?post=689"}],"curies":[{"name":"wp","href":"https:\/\/api.w.org\/{rel}","templated":true}]}}