{"id":687,"date":"2022-10-23T21:12:28","date_gmt":"2022-10-23T19:12:28","guid":{"rendered":"https:\/\/printagram.com\/produkt\/komplimentki\/"},"modified":"2024-09-29T23:58:22","modified_gmt":"2024-09-29T21:58:22","slug":"komplimentki","status":"publish","type":"product","link":"https:\/\/printagram.com\/es\/producto\/tarjetas-de-cortesia\/","title":{"rendered":"Tarjetas de cortes\u00eda"},"content":{"rendered":"<p>Los denominados cumplidos, es decir, una nota de agradecimiento personalizada por un contacto o transacci\u00f3n, son el complemento perfecto para la comunicaci\u00f3n con sus clientes. Las notas de cortes\u00eda pueden pedirse en tama\u00f1o DL (99\u00d7210 mm) o A6 (148\u00d7105 mm), por lo que caben perfectamente en sobres est\u00e1ndar.<\/p>\n<p>La gama de colores es la paleta CMYK completa. Papel offset est\u00e1ndar\u00a0<strong>90 o 170 g\/m<sup>2<\/sup>.<\/strong><\/p>","protected":false},"excerpt":{"rendered":"<p>Elogios, es decir, un agradecimiento por un contacto o transacci\u00f3n.<\/p>","protected":false},"featured_media":22430,"template":"","meta":{"_seopress_robots_primary_cat":"","_seopress_titles_title":"","_seopress_titles_desc":"","_seopress_robots_index":""},"product_brand":[],"product_cat":[299,311],"product_tag":[444],"class_list":{"0":"post-687","1":"product","2":"type-product","3":"status-publish","4":"has-post-thumbnail","6":"product_cat-papeteria-papier-koperty","7":"product_cat-ulotki-plakaty","8":"product_tag-firma-biuro","10":"first","11":"instock","12":"taxable","13":"shipping-taxable","14":"purchasable","15":"product-type-simple"},"_links":{"self":[{"href":"https:\/\/printagram.com\/es\/wp-json\/wp\/v2\/product\/687","targetHints":{"allow":["GET"]}}],"collection":[{"href":"https:\/\/printagram.com\/es\/wp-json\/wp\/v2\/product"}],"about":[{"href":"https:\/\/printagram.com\/es\/wp-json\/wp\/v2\/types\/product"}],"wp:featuredmedia":[{"embeddable":true,"href":"https:\/\/printagram.com\/es\/wp-json\/wp\/v2\/media\/22430"}],"wp:attachment":[{"href":"https:\/\/printagram.com\/es\/wp-json\/wp\/v2\/media?parent=687"}],"wp:term":[{"taxonomy":"product_brand","embeddable":true,"href":"https:\/\/printagram.com\/es\/wp-json\/wp\/v2\/product_brand?post=687"},{"taxonomy":"product_cat","embeddable":true,"href":"https:\/\/printagram.com\/es\/wp-json\/wp\/v2\/product_cat?post=687"},{"taxonomy":"product_tag","embeddable":true,"href":"https:\/\/printagram.com\/es\/wp-json\/wp\/v2\/product_tag?post=687"}],"curies":[{"name":"wp","href":"https:\/\/api.w.org\/{rel}","templated":true}]}}