{"id":683,"date":"2022-10-23T21:12:25","date_gmt":"2022-10-23T19:12:25","guid":{"rendered":"https:\/\/printagram.com\/produkt\/papier-firmowy\/"},"modified":"2024-09-29T23:57:08","modified_gmt":"2024-09-29T21:57:08","slug":"papier-firmowy","status":"publish","type":"product","link":"https:\/\/printagram.com\/es\/producto\/papel-para-cartas\/","title":{"rendered":"Papel para cartas"},"content":{"rendered":"<p>Papel para correspondencia comercial. Impresi\u00f3n offset. Gama completa de colores CMYK. Papel offset est\u00e1ndar\u00a0<strong>gramaje 90 o 170 g\/m<sup>2<\/sup>.\u00a0<\/strong>Se puede imprimir en toda la superficie sin p\u00e9rdida de calidad. Ideal para su uso en impresoras y copiadoras l\u00e1ser, as\u00ed como en impresoras de inyecci\u00f3n de tinta.<\/p>\n<p><strong>ESTO NO ES UNA IMPRESI\u00d3N DIGITAL<\/strong><\/p>\n<p>Puede utilizarlo libremente en todo tipo de equipos.<br \/>\nPerfecto para todo tipo de impresoras, incluidas impresoras l\u00e1ser y fotocopiadoras.<\/p>\n<p><small>Puede comprar papel con membrete m\u00e1s barato en algunas tiendas y subastas en l\u00ednea, pero se trata sobre todo de impresi\u00f3n digital, que solo puede utilizarse en m\u00e1quinas de inyecci\u00f3n de tinta. No pueden utilizarse en impresoras l\u00e1ser ni fotocopiadoras. La impresi\u00f3n digital se funde debido a las altas temperaturas y la impresora puede resultar da\u00f1ada por ello. Por tu propia seguridad, comprueba siempre la tecnolog\u00eda de impresi\u00f3n.\u00a0<\/small><\/p>","protected":false},"excerpt":{"rendered":"<p>Papel para cartas con membrete para uso en correspondencia corporativa.<\/p>","protected":false},"featured_media":22424,"template":"","meta":{"_seopress_robots_primary_cat":"","_seopress_titles_title":"","_seopress_titles_desc":"","_seopress_robots_index":""},"product_brand":[],"product_cat":[299],"product_tag":[444],"class_list":{"0":"post-683","1":"product","2":"type-product","3":"status-publish","4":"has-post-thumbnail","6":"product_cat-papeteria-papier-koperty","7":"product_tag-firma-biuro","9":"first","10":"instock","11":"taxable","12":"shipping-taxable","13":"purchasable","14":"product-type-simple"},"_links":{"self":[{"href":"https:\/\/printagram.com\/es\/wp-json\/wp\/v2\/product\/683","targetHints":{"allow":["GET"]}}],"collection":[{"href":"https:\/\/printagram.com\/es\/wp-json\/wp\/v2\/product"}],"about":[{"href":"https:\/\/printagram.com\/es\/wp-json\/wp\/v2\/types\/product"}],"wp:featuredmedia":[{"embeddable":true,"href":"https:\/\/printagram.com\/es\/wp-json\/wp\/v2\/media\/22424"}],"wp:attachment":[{"href":"https:\/\/printagram.com\/es\/wp-json\/wp\/v2\/media?parent=683"}],"wp:term":[{"taxonomy":"product_brand","embeddable":true,"href":"https:\/\/printagram.com\/es\/wp-json\/wp\/v2\/product_brand?post=683"},{"taxonomy":"product_cat","embeddable":true,"href":"https:\/\/printagram.com\/es\/wp-json\/wp\/v2\/product_cat?post=683"},{"taxonomy":"product_tag","embeddable":true,"href":"https:\/\/printagram.com\/es\/wp-json\/wp\/v2\/product_tag?post=683"}],"curies":[{"name":"wp","href":"https:\/\/api.w.org\/{rel}","templated":true}]}}