{"id":681,"date":"2022-10-23T21:12:22","date_gmt":"2022-10-23T19:12:22","guid":{"rendered":"https:\/\/printagram.com\/produkt\/metki-zawieszki-etykietki\/"},"modified":"2026-02-10T15:48:48","modified_gmt":"2026-02-10T14:48:48","slug":"metki-zawieszki-etykietki","status":"publish","type":"product","link":"https:\/\/printagram.com\/es\/producto\/tags-etiquetas-colgantes-estandar\/","title":{"rendered":"Etiquetas colgantes estandar"},"content":{"rendered":"<p>Etiquetas colgantes con tama\u00f1o de tarjeta de cr\u00e9dito 85\u00d754 mm. Esquinas redondeadas. A todo color por todos los lados. Papel liso con revestimiento de pizarra por ambas caras o por una cara (seg\u00fan el acabado elegido). Plastificado por una o ambas caras. Cuando se plastifica por una cara, la otra queda sin acabado para que pueda escribir o estampar en ella.<\/p>\n<p><strong>Son geniales para etiquetas, colgadores de mercanc\u00eda, colgadores para el cambio de aceite del coche, etc.<\/strong><\/p>\n<p>El troquelado se realiza con una troqueladora industrial que corta toda la pila de una sola vez, por lo que no quedan irregularidades. Debido a cierta tolerancia de la troqueladora, no recomendamos dise\u00f1ar marcos alrededor de la tarjeta.<\/p>\n<p>Las tarjetas llevan de serie\u00a0<a title=\"Plano de colocaci\u00f3n de los orificios en el proyecto\" href=\"\/\/www.printagram.com\/allegro\/zdjecia\/karty_1-stronnie_laminowane\/karta_z_dziura.gif\" target=\"_blank\" rel=\"noopener\">un agujero en el centro del borde m\u00e1s corto\u00a0<\/a>para colgar o fijar a la ropa como etiqueta, por ejemplo. Sin embargo, pueden tener un agujero en cualquier otro lugar que pueda marcarse en el dise\u00f1o.<\/p>","protected":false},"excerpt":{"rendered":"<p>Etiquetas de 85\u00d754 mm, esquinas redondeadas. Laminadas por una cara para escribir o estampar.<\/p>","protected":false},"featured_media":30037,"template":"","meta":{"_seopress_robots_primary_cat":"none","_seopress_titles_title":"","_seopress_titles_desc":"","_seopress_robots_index":""},"product_brand":[],"product_cat":[289],"product_tag":[449,446,445],"class_list":{"0":"post-681","1":"product","2":"type-product","3":"status-publish","4":"has-post-thumbnail","6":"product_cat-metki-zawieszki","7":"product_tag-produkcja","8":"product_tag-promowanie","9":"product_tag-sprzedaz-handel","11":"first","12":"instock","13":"taxable","14":"shipping-taxable","15":"purchasable","16":"product-type-simple"},"_links":{"self":[{"href":"https:\/\/printagram.com\/es\/wp-json\/wp\/v2\/product\/681","targetHints":{"allow":["GET"]}}],"collection":[{"href":"https:\/\/printagram.com\/es\/wp-json\/wp\/v2\/product"}],"about":[{"href":"https:\/\/printagram.com\/es\/wp-json\/wp\/v2\/types\/product"}],"wp:featuredmedia":[{"embeddable":true,"href":"https:\/\/printagram.com\/es\/wp-json\/wp\/v2\/media\/30037"}],"wp:attachment":[{"href":"https:\/\/printagram.com\/es\/wp-json\/wp\/v2\/media?parent=681"}],"wp:term":[{"taxonomy":"product_brand","embeddable":true,"href":"https:\/\/printagram.com\/es\/wp-json\/wp\/v2\/product_brand?post=681"},{"taxonomy":"product_cat","embeddable":true,"href":"https:\/\/printagram.com\/es\/wp-json\/wp\/v2\/product_cat?post=681"},{"taxonomy":"product_tag","embeddable":true,"href":"https:\/\/printagram.com\/es\/wp-json\/wp\/v2\/product_tag?post=681"}],"curies":[{"name":"wp","href":"https:\/\/api.w.org\/{rel}","templated":true}]}}