{"id":679,"date":"2022-10-23T21:12:19","date_gmt":"2022-10-23T19:12:19","guid":{"rendered":"https:\/\/printagram.com\/produkt\/karty-rabatowe-karnety-stalego-klienta\/"},"modified":"2025-11-09T17:50:55","modified_gmt":"2025-11-09T16:50:55","slug":"karty-rabatowe-karnety-stalego-klienta","status":"publish","type":"product","link":"https:\/\/printagram.com\/es\/producto\/tarjetas-de-descuento-tarjetas-de-fidelidad\/","title":{"rendered":"Tarjetas de descuento Tarjetas de fidelidad"},"content":{"rendered":"<p>Tarjetas de 85\u00d754 mm. Esquinas redondeadas. Dimensiones de una tarjeta de cr\u00e9dito o d\u00e9bito normal. A todo color por todas las caras. Papel liso con revestimiento de pizarra por ambas caras o por una cara (seg\u00fan el acabado elegido). Plastificado en una o ambas caras.<\/p>\n<p>Perfectas como tarjetas de descuento, tarjetas de visita, calendarios, tarjetas de club, etc. El corte se realiza con una troqueladora industrial que corta toda la pila de una sola vez, por lo que no quedan irregularidades de ning\u00fan tipo. Debido a cierta tolerancia de la troqueladora, no recomendamos dise\u00f1ar un borde alrededor de la tarjeta.<\/p>","protected":false},"excerpt":{"rendered":"<p>Perfectas como tarjetas de descuento, tarjetas de visita, calendarios, tarjetas de club, etc. Esquinas redondeadas<\/p>","protected":false},"featured_media":30954,"template":"","meta":{"_seopress_robots_primary_cat":"none","_seopress_titles_title":"","_seopress_titles_desc":"","_seopress_robots_index":""},"product_brand":[],"product_cat":[411],"product_tag":[444,448,446],"class_list":{"0":"post-679","1":"product","2":"type-product","3":"status-publish","4":"has-post-thumbnail","6":"product_cat-wizytowki-standard","7":"product_tag-firma-biuro","8":"product_tag-konferencje-kursy-szkolenia","9":"product_tag-promowanie","11":"first","12":"instock","13":"taxable","14":"shipping-taxable","15":"purchasable","16":"product-type-simple"},"_links":{"self":[{"href":"https:\/\/printagram.com\/es\/wp-json\/wp\/v2\/product\/679","targetHints":{"allow":["GET"]}}],"collection":[{"href":"https:\/\/printagram.com\/es\/wp-json\/wp\/v2\/product"}],"about":[{"href":"https:\/\/printagram.com\/es\/wp-json\/wp\/v2\/types\/product"}],"wp:featuredmedia":[{"embeddable":true,"href":"https:\/\/printagram.com\/es\/wp-json\/wp\/v2\/media\/30954"}],"wp:attachment":[{"href":"https:\/\/printagram.com\/es\/wp-json\/wp\/v2\/media?parent=679"}],"wp:term":[{"taxonomy":"product_brand","embeddable":true,"href":"https:\/\/printagram.com\/es\/wp-json\/wp\/v2\/product_brand?post=679"},{"taxonomy":"product_cat","embeddable":true,"href":"https:\/\/printagram.com\/es\/wp-json\/wp\/v2\/product_cat?post=679"},{"taxonomy":"product_tag","embeddable":true,"href":"https:\/\/printagram.com\/es\/wp-json\/wp\/v2\/product_tag?post=679"}],"curies":[{"name":"wp","href":"https:\/\/api.w.org\/{rel}","templated":true}]}}