{"id":677,"date":"2022-10-23T21:12:17","date_gmt":"2022-10-23T19:12:17","guid":{"rendered":"https:\/\/printagram.com\/produkt\/wizytowki-zlocone-srebrzone\/"},"modified":"2025-11-26T17:55:50","modified_gmt":"2025-11-26T16:55:50","slug":"konfigurator-wizytowki-zlocone","status":"publish","type":"product","link":"https:\/\/printagram.com\/es\/producto\/configurador-tarjetas-de-visita-doradas\/","title":{"rendered":"Configurador - Tarjetas de visita doradas"},"content":{"rendered":"<p>Tarjetas de visita con efecto met\u00e1lico convexo. Tocar una tarjeta de visita de este tipo da la impresi\u00f3n de metal l\u00edquido s\u00f3lido. Los brillantes colores met\u00e1licos reflejan claramente la luz y ya desde lejos dan la impresi\u00f3n de protuberancia y singularidad.<br \/>\n<h5>Dorado convexo<\/h5>\n<p><em>L\u00e1mina met\u00e1lica en relieve<\/em>. Esta t\u00e9cnica consiste en la aplicaci\u00f3n sin matriz de una l\u00e1mina metalizada. Utilizando rodillos de presi\u00f3n muy fuertes, se aplica sobre toda la superficie. La l\u00e1mina metalizada s\u00f3lo se adhiere al material especial convexo, dando un bello efecto de una gruesa capa convexa de oro, plata u otro color. Puede leer m\u00e1s sobre esta t\u00e9cnica en <a href=\"https:\/\/printagram.com\/es\/dorado-convexo\/\">art\u00edculo sobre el dorado en relieve<\/a>.<\/p>\n<\/p>","protected":false},"excerpt":{"rendered":"<p>Configurador de tarjetas de visita doradas. Impresi\u00f3n en 1 o 2 caras con plastificado soft-touch (agradable al tacto) o mate est\u00e1ndar. L\u00e1mina met\u00e1lica en relieve en colores seleccionados. Posibilidad de personalizaci\u00f3n: numeraci\u00f3n o adici\u00f3n de c\u00f3digos individuales, redondeo de esquinas y perforaci\u00f3n. Gramaje del papel 350 g\/m2<\/p>","protected":false},"featured_media":29032,"template":"","meta":{"_seopress_robots_primary_cat":"none","_seopress_titles_title":"","_seopress_titles_desc":"","_seopress_robots_index":""},"product_brand":[],"product_cat":[267],"product_tag":[444,448,434,446],"class_list":{"0":"post-677","1":"product","2":"type-product","3":"status-publish","4":"has-post-thumbnail","6":"product_cat-wizytowki","7":"product_tag-firma-biuro","8":"product_tag-konferencje-kursy-szkolenia","9":"product_tag-metallic-3d-zlocenie","10":"product_tag-promowanie","11":"product_shipping_class-lekkie","13":"first","14":"instock","15":"taxable","16":"shipping-taxable","17":"purchasable","18":"product-type-simple"},"_links":{"self":[{"href":"https:\/\/printagram.com\/es\/wp-json\/wp\/v2\/product\/677","targetHints":{"allow":["GET"]}}],"collection":[{"href":"https:\/\/printagram.com\/es\/wp-json\/wp\/v2\/product"}],"about":[{"href":"https:\/\/printagram.com\/es\/wp-json\/wp\/v2\/types\/product"}],"wp:featuredmedia":[{"embeddable":true,"href":"https:\/\/printagram.com\/es\/wp-json\/wp\/v2\/media\/29032"}],"wp:attachment":[{"href":"https:\/\/printagram.com\/es\/wp-json\/wp\/v2\/media?parent=677"}],"wp:term":[{"taxonomy":"product_brand","embeddable":true,"href":"https:\/\/printagram.com\/es\/wp-json\/wp\/v2\/product_brand?post=677"},{"taxonomy":"product_cat","embeddable":true,"href":"https:\/\/printagram.com\/es\/wp-json\/wp\/v2\/product_cat?post=677"},{"taxonomy":"product_tag","embeddable":true,"href":"https:\/\/printagram.com\/es\/wp-json\/wp\/v2\/product_tag?post=677"}],"curies":[{"name":"wp","href":"https:\/\/api.w.org\/{rel}","templated":true}]}}