{"id":669,"date":"2022-10-23T21:10:49","date_gmt":"2022-10-23T19:10:49","guid":{"rendered":"https:\/\/printagram.com\/produkt\/wizytowki-ekskluzywne-kaszerowane\/"},"modified":"2025-01-26T20:29:28","modified_gmt":"2025-01-26T19:29:28","slug":"wizytowki-ekskluzywne-konfigurator","status":"publish","type":"product","link":"https:\/\/printagram.com\/es\/producto\/tarjetas-de-visita-exclusivas-configurador\/","title":{"rendered":"Tarjetas de visita exclusivas - configurador"},"content":{"rendered":"<h5>T\u00e9cnicas de impresi\u00f3n<\/h5>\n<p>Se pueden utilizar t\u00e9cnicas de impresi\u00f3n y acabado como multicapa (combinaci\u00f3n de papeles), la serigraf\u00eda, la impresi\u00f3n digital, el barniz UV, la estampaci\u00f3n en caliente (hot stamping), letterpress (efecto hundido) y golpe seco. Encontrar\u00e1 m\u00e1s informaci\u00f3n en <a href=\"\/es\/category\/technologie\/\">t\u00e9cnicas de impresi\u00f3n y acabado<\/a>.<\/p>\n<h5>Tipos de papel<\/h5>\n<p>Se puede elegir cualquier papel del que vaya a estar compuesta la tarjeta de visita (Nota: si se opta por la impresi\u00f3n digital, la elecci\u00f3n de papeles es muy limitada). Al realizar multicapa, las capas de papel se unen con el pegamento t\u00edpico y no se pueden separar sin destruirlas.<\/p>","protected":false},"excerpt":{"rendered":"<p>Tarjetas de visita exclusivas. Multicapas, Pantone, hot-stamping, barniz UV, letterpress, golpe seco, bordes dorados, CMYK. Cualquier papel decorativo.<\/p>","protected":false},"featured_media":29036,"template":"","meta":{"_seopress_robots_primary_cat":"none","_seopress_titles_title":"","_seopress_titles_desc":"","_seopress_robots_index":""},"product_brand":[],"product_cat":[413,415,414],"product_tag":[444,438,439,448,437,441,446,443,440,442],"class_list":{"0":"post-669","1":"product","2":"type-product","3":"status-publish","4":"has-post-thumbnail","6":"product_cat-wizytowki-hot-stamping","7":"product_cat-wizytowki-kaszerowane","8":"product_cat-wizytowki-tloczone","9":"product_tag-firma-biuro","10":"product_tag-hot-stamping","11":"product_tag-kaszerowanie","12":"product_tag-konferencje-kursy-szkolenia","13":"product_tag-lakier-uv-selektywny","14":"product_tag-letterpress","15":"product_tag-promowanie","16":"product_tag-sitodruk","17":"product_tag-tloczenie-wypukle","18":"product_tag-zlote-krawedzie","20":"first","21":"instock","22":"taxable","23":"shipping-taxable","24":"purchasable","25":"product-type-simple"},"_links":{"self":[{"href":"https:\/\/printagram.com\/es\/wp-json\/wp\/v2\/product\/669","targetHints":{"allow":["GET"]}}],"collection":[{"href":"https:\/\/printagram.com\/es\/wp-json\/wp\/v2\/product"}],"about":[{"href":"https:\/\/printagram.com\/es\/wp-json\/wp\/v2\/types\/product"}],"wp:featuredmedia":[{"embeddable":true,"href":"https:\/\/printagram.com\/es\/wp-json\/wp\/v2\/media\/29036"}],"wp:attachment":[{"href":"https:\/\/printagram.com\/es\/wp-json\/wp\/v2\/media?parent=669"}],"wp:term":[{"taxonomy":"product_brand","embeddable":true,"href":"https:\/\/printagram.com\/es\/wp-json\/wp\/v2\/product_brand?post=669"},{"taxonomy":"product_cat","embeddable":true,"href":"https:\/\/printagram.com\/es\/wp-json\/wp\/v2\/product_cat?post=669"},{"taxonomy":"product_tag","embeddable":true,"href":"https:\/\/printagram.com\/es\/wp-json\/wp\/v2\/product_tag?post=669"}],"curies":[{"name":"wp","href":"https:\/\/api.w.org\/{rel}","templated":true}]}}