{"id":41052,"date":"2026-01-10T18:21:29","date_gmt":"2026-01-10T17:21:29","guid":{"rendered":"https:\/\/printagram.com\/?post_type=product&#038;p=41052"},"modified":"2026-01-10T19:34:14","modified_gmt":"2026-01-10T18:34:14","slug":"plakaty-zlocone-wypukle-3d","status":"publish","type":"product","link":"https:\/\/printagram.com\/es\/producto\/carteles-dorado-relieve-3d\/","title":{"rendered":"Carteles en relieve dorado en 3D"},"content":{"rendered":"<p>Carteles laminados con relieve met\u00e1lico.<\/p>\n<h5>Dorado convexo<\/h5>\n<p><em>L\u00e1mina met\u00e1lica en relieve<\/em>. Esta t\u00e9cnica consiste en la aplicaci\u00f3n sin matriz de una l\u00e1mina metalizada. Utilizando rodillos de presi\u00f3n muy fuertes, se aplica sobre toda la superficie. La l\u00e1mina metalizada s\u00f3lo se adhiere al material especial convexo, dando un bello efecto de una gruesa capa convexa de oro, plata u otro color. Puede leer m\u00e1s sobre esta t\u00e9cnica en <a href=\"https:\/\/printagram.com\/es\/dorado-convexo\/\">art\u00edculo sobre el dorado en relieve<\/a>.<\/p>\n\n<h5>Barnizado selectivo UV<\/h5>\n<p>El barniz aplicado sobre una superficie mate hace que los elementos seleccionados, como logotipos, gr\u00e1ficos, nombres, etc., brillen y queden bien resaltados. Tambi\u00e9n es posible crear nuevos elementos gr\u00e1ficos visibles desde el \u00e1ngulo adecuado para enriquecer el dise\u00f1o. Esto permite utilizar fondos lacados, \"marcas de agua\", motivos, texturas, etc. Puede leer m\u00e1s sobre la t\u00e9cnica en <a href=\"https:\/\/printagram.com\/es\/barniz-uv-sectorizado\/\">art\u00edculo sobre barnizado UV<\/a>.<\/p>","protected":false},"excerpt":{"rendered":"<p>Carteles laminados con pel\u00edcula met\u00e1lica en relieve. Barniz UV 3D opcional.<\/p>","protected":false},"featured_media":41053,"template":"","meta":{"_seopress_robots_primary_cat":"none","_seopress_titles_title":"","_seopress_titles_desc":"","_seopress_robots_index":""},"product_brand":[],"product_cat":[311],"product_tag":[447,437,434,449,446],"class_list":{"0":"post-41052","1":"product","2":"type-product","3":"status-publish","4":"has-post-thumbnail","6":"product_cat-ulotki-plakaty","7":"product_tag-eventy","8":"product_tag-lakier-uv-selektywny","9":"product_tag-metallic-3d-zlocenie","10":"product_tag-produkcja","11":"product_tag-promowanie","13":"first","14":"instock","15":"taxable","16":"shipping-taxable","17":"purchasable","18":"product-type-simple"},"_links":{"self":[{"href":"https:\/\/printagram.com\/es\/wp-json\/wp\/v2\/product\/41052","targetHints":{"allow":["GET"]}}],"collection":[{"href":"https:\/\/printagram.com\/es\/wp-json\/wp\/v2\/product"}],"about":[{"href":"https:\/\/printagram.com\/es\/wp-json\/wp\/v2\/types\/product"}],"wp:featuredmedia":[{"embeddable":true,"href":"https:\/\/printagram.com\/es\/wp-json\/wp\/v2\/media\/41053"}],"wp:attachment":[{"href":"https:\/\/printagram.com\/es\/wp-json\/wp\/v2\/media?parent=41052"}],"wp:term":[{"taxonomy":"product_brand","embeddable":true,"href":"https:\/\/printagram.com\/es\/wp-json\/wp\/v2\/product_brand?post=41052"},{"taxonomy":"product_cat","embeddable":true,"href":"https:\/\/printagram.com\/es\/wp-json\/wp\/v2\/product_cat?post=41052"},{"taxonomy":"product_tag","embeddable":true,"href":"https:\/\/printagram.com\/es\/wp-json\/wp\/v2\/product_tag?post=41052"}],"curies":[{"name":"wp","href":"https:\/\/api.w.org\/{rel}","templated":true}]}}