{"id":41048,"date":"2026-01-10T15:14:55","date_gmt":"2026-01-10T14:14:55","guid":{"rendered":"https:\/\/printagram.com\/?post_type=product&#038;p=41048"},"modified":"2026-01-10T19:45:52","modified_gmt":"2026-01-10T18:45:52","slug":"ulotki-lakier-uv-wypukle-3d","status":"publish","type":"product","link":"https:\/\/printagram.com\/es\/producto\/flyers-barniz-uv-relieve-3d\/","title":{"rendered":"Folletos 3D convexos UV"},"content":{"rendered":"<h5>Barnizado selectivo UV<\/h5>\n<p>El barniz aplicado sobre una superficie mate hace que los elementos seleccionados, como logotipos, gr\u00e1ficos, nombres, etc., brillen y queden bien resaltados. Tambi\u00e9n es posible crear nuevos elementos gr\u00e1ficos visibles desde el \u00e1ngulo adecuado para enriquecer el dise\u00f1o. Esto permite utilizar fondos lacados, \"marcas de agua\", motivos, texturas, etc. Puede leer m\u00e1s sobre la t\u00e9cnica en <a href=\"https:\/\/printagram.com\/es\/barniz-uv-sectorizado\/\">art\u00edculo sobre barnizado UV<\/a>.<\/p>","protected":false},"excerpt":{"rendered":"<p>Se utiliza con laminaci\u00f3n y barnizado UV 3d.<\/p>","protected":false},"featured_media":25935,"template":"","meta":{"_seopress_robots_primary_cat":"none","_seopress_titles_title":"","_seopress_titles_desc":"","_seopress_robots_index":""},"product_brand":[],"product_cat":[311],"product_tag":[447,437,449,446],"class_list":{"0":"post-41048","1":"product","2":"type-product","3":"status-publish","4":"has-post-thumbnail","6":"product_cat-ulotki-plakaty","7":"product_tag-eventy","8":"product_tag-lakier-uv-selektywny","9":"product_tag-produkcja","10":"product_tag-promowanie","12":"first","13":"instock","14":"taxable","15":"shipping-taxable","16":"purchasable","17":"product-type-simple"},"_links":{"self":[{"href":"https:\/\/printagram.com\/es\/wp-json\/wp\/v2\/product\/41048","targetHints":{"allow":["GET"]}}],"collection":[{"href":"https:\/\/printagram.com\/es\/wp-json\/wp\/v2\/product"}],"about":[{"href":"https:\/\/printagram.com\/es\/wp-json\/wp\/v2\/types\/product"}],"wp:featuredmedia":[{"embeddable":true,"href":"https:\/\/printagram.com\/es\/wp-json\/wp\/v2\/media\/25935"}],"wp:attachment":[{"href":"https:\/\/printagram.com\/es\/wp-json\/wp\/v2\/media?parent=41048"}],"wp:term":[{"taxonomy":"product_brand","embeddable":true,"href":"https:\/\/printagram.com\/es\/wp-json\/wp\/v2\/product_brand?post=41048"},{"taxonomy":"product_cat","embeddable":true,"href":"https:\/\/printagram.com\/es\/wp-json\/wp\/v2\/product_cat?post=41048"},{"taxonomy":"product_tag","embeddable":true,"href":"https:\/\/printagram.com\/es\/wp-json\/wp\/v2\/product_tag?post=41048"}],"curies":[{"name":"wp","href":"https:\/\/api.w.org\/{rel}","templated":true}]}}