{"id":40246,"date":"2025-10-07T23:14:22","date_gmt":"2025-10-07T21:14:22","guid":{"rendered":"https:\/\/printagram.com\/?post_type=product&#038;p=40246"},"modified":"2026-01-10T16:49:39","modified_gmt":"2026-01-10T15:49:39","slug":"kalendarz-3-dzielny","status":"publish","type":"product","link":"https:\/\/printagram.com\/es\/producto\/calendario-de-3-divisiones\/","title":{"rendered":"Calendario en 3 partes con relieve dorado en 3D"},"content":{"rendered":"<p><strong>Construcci\u00f3n del calendario<\/strong><br \/>\nUn pr\u00e1ctico calendario de 3 partes para su empresa o su familia. En el tablero grande una cabecera decorativa representativa y 3 calendarios anuales arrancables que cubren todos los meses del a\u00f1o. Ventana roja deslizante para marcar el d\u00eda en curso.<\/p>\n<p><strong>Personalizaci\u00f3n<br \/>\n<\/strong>Toda la impresi\u00f3n del calendario puede personalizarse: pegue sus propias fotos, gr\u00e1ficos, logotipos, etc. Utiliza la plantilla de dise\u00f1o que puedes descargar de esta p\u00e1gina o dise\u00f1a en Canva. Los calendarios no se personalizan, sino que tienen un dise\u00f1o est\u00e1ndar: cada mes en una hoja separable.<\/p>\n<p><strong>Acabado<\/strong><br \/>\nCabeza de calendario con barniz convexo UV y, opcionalmente, con dorado convexo 3D adicional.<br \/>\nLa superficie de la cabecera est\u00e1 laminada con una pel\u00edcula suave al tacto, ideal para suprimir los reflejos de la luz y resaltar la saturaci\u00f3n del color.<\/p>\n<p><strong>Aplicaci\u00f3n<\/strong><br \/>\nIdeal como accesorio corporativo y como regalo para contratistas, empleados de la empresa o familiares<\/p>\n<p>&nbsp;<\/p>","protected":false},"excerpt":{"rendered":"<p>Calendarios de 3 paneles con su propia impresi\u00f3n personalizada. Cabecera decorativa con dorado en relieve 3D y barniz UV en relieve adicional opcional. Laminado con l\u00e1mina suave al tacto. 3 calendarios arrancables divididos por meses.<\/p>","protected":false},"featured_media":41051,"template":"","meta":{"_seopress_robots_primary_cat":"none","_seopress_titles_title":"","_seopress_titles_desc":"","_seopress_robots_index":""},"product_brand":[],"product_cat":[514],"product_tag":[444,437,434,446,445],"class_list":{"0":"post-40246","1":"product","2":"type-product","3":"status-publish","4":"has-post-thumbnail","6":"product_cat-kalendarze","7":"product_tag-firma-biuro","8":"product_tag-lakier-uv-selektywny","9":"product_tag-metallic-3d-zlocenie","10":"product_tag-promowanie","11":"product_tag-sprzedaz-handel","13":"first","14":"instock","15":"taxable","16":"shipping-taxable","17":"purchasable","18":"product-type-simple"},"_links":{"self":[{"href":"https:\/\/printagram.com\/es\/wp-json\/wp\/v2\/product\/40246","targetHints":{"allow":["GET"]}}],"collection":[{"href":"https:\/\/printagram.com\/es\/wp-json\/wp\/v2\/product"}],"about":[{"href":"https:\/\/printagram.com\/es\/wp-json\/wp\/v2\/types\/product"}],"wp:featuredmedia":[{"embeddable":true,"href":"https:\/\/printagram.com\/es\/wp-json\/wp\/v2\/media\/41051"}],"wp:attachment":[{"href":"https:\/\/printagram.com\/es\/wp-json\/wp\/v2\/media?parent=40246"}],"wp:term":[{"taxonomy":"product_brand","embeddable":true,"href":"https:\/\/printagram.com\/es\/wp-json\/wp\/v2\/product_brand?post=40246"},{"taxonomy":"product_cat","embeddable":true,"href":"https:\/\/printagram.com\/es\/wp-json\/wp\/v2\/product_cat?post=40246"},{"taxonomy":"product_tag","embeddable":true,"href":"https:\/\/printagram.com\/es\/wp-json\/wp\/v2\/product_tag?post=40246"}],"curies":[{"name":"wp","href":"https:\/\/api.w.org\/{rel}","templated":true}]}}