{"id":39064,"date":"2025-07-03T15:46:58","date_gmt":"2025-07-03T13:46:58","guid":{"rendered":"https:\/\/printagram.com\/?post_type=product&#038;p=39064"},"modified":"2026-02-12T12:41:36","modified_gmt":"2026-02-12T11:41:36","slug":"2027-voucher-ktory-zostawia-slad","status":"publish","type":"product","link":"https:\/\/printagram.com\/es\/producto\/2027-bono-que-deja-huella\/","title":{"rendered":"#2027 Vale que deja huella"},"content":{"rendered":"<p>Vales fabricados en resistente papel pizarra de 350 g, con impresi\u00f3n digital CMYK a doble cara. Recubiertos con una llamativa l\u00e1mina roja en relieve y una l\u00e1mina suave al tacto, que aporta una elegancia \u00fanica.<\/p>\n<p class=\"szukasz\"><strong>\u00bfBusca otras opciones?<\/strong> Si lo desea, puede configurar los bonos de este tipo con todas las opciones posibles mediante la opci\u00f3n <a href=\"https:\/\/printagram.com\/es\/producto\/configurador-vales-lamina-metalica-elevada-y-barniz-uv-relieve\/\">Configurador de vales dorado y con relieve UV<\/a><\/p>\n<h5>Dorado convexo<\/h5>\n<p><em>L\u00e1mina met\u00e1lica en relieve<\/em>. Esta t\u00e9cnica consiste en la aplicaci\u00f3n sin matriz de una l\u00e1mina metalizada. Utilizando rodillos de presi\u00f3n muy fuertes, se aplica sobre toda la superficie. La l\u00e1mina metalizada s\u00f3lo se adhiere al material especial convexo, dando un bello efecto de una gruesa capa convexa de oro, plata u otro color. Puede leer m\u00e1s sobre esta t\u00e9cnica en <a href=\"https:\/\/printagram.com\/es\/dorado-convexo\/\">art\u00edculo sobre el dorado en relieve<\/a>.<\/p>","protected":false},"excerpt":{"rendered":"<p>Vales tama\u00f1o DL, peso 350, a todo color, plastificados con tacto suave (agradables al tacto). En el anverso <strong>Pel\u00edcula convexa roja.<\/strong><\/p>","protected":false},"featured_media":39062,"template":"","meta":{"_seopress_robots_primary_cat":"none","_seopress_titles_title":"","_seopress_titles_desc":"","_seopress_robots_index":""},"product_brand":[],"product_cat":[280,536],"product_tag":[447,437,446,445],"class_list":{"0":"post-39064","1":"product","2":"type-product","3":"status-publish","4":"has-post-thumbnail","6":"product_cat-vouchery-bony","7":"product_cat-vouchery-zlocone","8":"product_tag-eventy","9":"product_tag-lakier-uv-selektywny","10":"product_tag-promowanie","11":"product_tag-sprzedaz-handel","13":"first","14":"instock","15":"taxable","16":"shipping-taxable","17":"purchasable","18":"product-type-simple"},"_links":{"self":[{"href":"https:\/\/printagram.com\/es\/wp-json\/wp\/v2\/product\/39064","targetHints":{"allow":["GET"]}}],"collection":[{"href":"https:\/\/printagram.com\/es\/wp-json\/wp\/v2\/product"}],"about":[{"href":"https:\/\/printagram.com\/es\/wp-json\/wp\/v2\/types\/product"}],"wp:featuredmedia":[{"embeddable":true,"href":"https:\/\/printagram.com\/es\/wp-json\/wp\/v2\/media\/39062"}],"wp:attachment":[{"href":"https:\/\/printagram.com\/es\/wp-json\/wp\/v2\/media?parent=39064"}],"wp:term":[{"taxonomy":"product_brand","embeddable":true,"href":"https:\/\/printagram.com\/es\/wp-json\/wp\/v2\/product_brand?post=39064"},{"taxonomy":"product_cat","embeddable":true,"href":"https:\/\/printagram.com\/es\/wp-json\/wp\/v2\/product_cat?post=39064"},{"taxonomy":"product_tag","embeddable":true,"href":"https:\/\/printagram.com\/es\/wp-json\/wp\/v2\/product_tag?post=39064"}],"curies":[{"name":"wp","href":"https:\/\/api.w.org\/{rel}","templated":true}]}}