{"id":38215,"date":"2025-03-27T16:25:55","date_gmt":"2025-03-27T15:25:55","guid":{"rendered":"https:\/\/printagram.com\/produkt\/bloczki-notesy-firmowe-copy\/"},"modified":"2025-03-28T12:09:47","modified_gmt":"2025-03-28T11:09:47","slug":"bloczki-notesy-samokopiujace","status":"publish","type":"product","link":"https:\/\/printagram.com\/es\/producto\/blocks-de-notas-autocopiativos-ncr\/","title":{"rendered":"Blocs de notas autocopiativos NCR"},"content":{"rendered":"<p>Bloques de papel autocopiativo. Impresos en 1 color. Encolados en 25, 50 \u00f3 100 hojas.<br \/>\nCada bloque tiene un soporte de cart\u00f3n y posiblemente una cubierta. Los bloques se pegan a lo largo del borde m\u00e1s corto o m\u00e1s largo. Posibilidad de copia en distintos colores: amarillo, azul, verde o rosa. Recorte de toda la pila de bloques en una cortadora industrial. Tambi\u00e9n es posible redondear las esquinas.<br \/>\nLos bloques son ideales como: CMRs, tarjetas de servicio, facturas, informes de aceptaci\u00f3n, \u00f3rdenes de servicio.<\/p>","protected":false},"excerpt":{"rendered":"<p>Blocs autocopiativos NCR. Impresos a una tinta. Diferentes colores de copia. Encolados en 25, 50 o 100 hojas con soporte de cart\u00f3n y separador.<\/p>","protected":false},"featured_media":38217,"template":"","meta":{"_seopress_robots_primary_cat":"none","_seopress_titles_title":"","_seopress_titles_desc":"","_seopress_robots_index":""},"product_brand":[],"product_cat":[297],"product_tag":[444,448,446],"class_list":{"0":"post-38215","1":"product","2":"type-product","3":"status-publish","4":"has-post-thumbnail","6":"product_cat-bloczki-notesy","7":"product_tag-firma-biuro","8":"product_tag-konferencje-kursy-szkolenia","9":"product_tag-promowanie","11":"first","12":"instock","13":"taxable","14":"shipping-taxable","15":"purchasable","16":"product-type-simple"},"_links":{"self":[{"href":"https:\/\/printagram.com\/es\/wp-json\/wp\/v2\/product\/38215","targetHints":{"allow":["GET"]}}],"collection":[{"href":"https:\/\/printagram.com\/es\/wp-json\/wp\/v2\/product"}],"about":[{"href":"https:\/\/printagram.com\/es\/wp-json\/wp\/v2\/types\/product"}],"wp:featuredmedia":[{"embeddable":true,"href":"https:\/\/printagram.com\/es\/wp-json\/wp\/v2\/media\/38217"}],"wp:attachment":[{"href":"https:\/\/printagram.com\/es\/wp-json\/wp\/v2\/media?parent=38215"}],"wp:term":[{"taxonomy":"product_brand","embeddable":true,"href":"https:\/\/printagram.com\/es\/wp-json\/wp\/v2\/product_brand?post=38215"},{"taxonomy":"product_cat","embeddable":true,"href":"https:\/\/printagram.com\/es\/wp-json\/wp\/v2\/product_cat?post=38215"},{"taxonomy":"product_tag","embeddable":true,"href":"https:\/\/printagram.com\/es\/wp-json\/wp\/v2\/product_tag?post=38215"}],"curies":[{"name":"wp","href":"https:\/\/api.w.org\/{rel}","templated":true}]}}