{"id":37820,"date":"2025-02-26T15:12:59","date_gmt":"2025-02-26T14:12:59","guid":{"rendered":"https:\/\/printagram.com\/produkt\/voucher-wypukle-zlocenie-folia-soft-touch-2012-klucz-do-krainy-zdrowych-stawow-copy\/"},"modified":"2025-03-03T16:47:32","modified_gmt":"2025-03-03T15:47:32","slug":"etui-do-voucherow-konfigurator","status":"publish","type":"product","link":"https:\/\/printagram.com\/es\/producto\/configurador-de-sobre-personalizado-de-vales\/","title":{"rendered":"Fundas para vales - Configurador"},"content":{"rendered":"<p>Vales con efecto de relieve met\u00e1lico. Al tocar este producto da la impresi\u00f3n de metal l\u00edquido solidificado. Los brillantes colores met\u00e1licos reflejan claramente la luz y ya desde lejos dan la impresi\u00f3n de sobresalir y ser \u00fanicos.<\/p>\n<p class=\"szukasz\"><strong>\u00bfBusca otras opciones?<\/strong> Si lo desea, puede configurar los bonos de este tipo con todas las opciones posibles mediante la opci\u00f3n <a href=\"https:\/\/printagram.com\/es\/producto\/configurador-vales-lamina-metalica-elevada-y-barniz-uv-relieve\/\">Configurador de vales dorado y con relieve UV<\/a><\/p>\n<h5>Dorado convexo<\/h5>\n<p><em>L\u00e1mina met\u00e1lica en relieve<\/em>. Esta t\u00e9cnica consiste en la aplicaci\u00f3n sin matriz de una l\u00e1mina metalizada. Utilizando rodillos de presi\u00f3n muy fuertes, se aplica sobre toda la superficie. La l\u00e1mina metalizada s\u00f3lo se adhiere al material especial convexo, dando un bello efecto de una gruesa capa convexa de oro, plata u otro color. Puede leer m\u00e1s sobre esta t\u00e9cnica en <a href=\"https:\/\/printagram.com\/es\/dorado-convexo\/\">art\u00edculo sobre el dorado en relieve<\/a>.<\/p>","protected":false},"excerpt":{"rendered":"<p>Estuche tama\u00f1o DL, peso 350, a todo color, plastificado. Posibilidad de l\u00e1mina met\u00e1lica en relieve y lacado UV en relieve en el exterior.<\/p>","protected":false},"featured_media":37203,"template":"","meta":{"_seopress_robots_primary_cat":"none","_seopress_titles_title":"","_seopress_titles_desc":"","_seopress_robots_index":""},"product_brand":[],"product_cat":[280],"product_tag":[447,434,446,445],"class_list":{"0":"post-37820","1":"product","2":"type-product","3":"status-publish","4":"has-post-thumbnail","6":"product_cat-vouchery-bony","7":"product_tag-eventy","8":"product_tag-metallic-3d-zlocenie","9":"product_tag-promowanie","10":"product_tag-sprzedaz-handel","12":"first","13":"instock","14":"taxable","15":"shipping-taxable","16":"purchasable","17":"product-type-simple"},"_links":{"self":[{"href":"https:\/\/printagram.com\/es\/wp-json\/wp\/v2\/product\/37820","targetHints":{"allow":["GET"]}}],"collection":[{"href":"https:\/\/printagram.com\/es\/wp-json\/wp\/v2\/product"}],"about":[{"href":"https:\/\/printagram.com\/es\/wp-json\/wp\/v2\/types\/product"}],"wp:featuredmedia":[{"embeddable":true,"href":"https:\/\/printagram.com\/es\/wp-json\/wp\/v2\/media\/37203"}],"wp:attachment":[{"href":"https:\/\/printagram.com\/es\/wp-json\/wp\/v2\/media?parent=37820"}],"wp:term":[{"taxonomy":"product_brand","embeddable":true,"href":"https:\/\/printagram.com\/es\/wp-json\/wp\/v2\/product_brand?post=37820"},{"taxonomy":"product_cat","embeddable":true,"href":"https:\/\/printagram.com\/es\/wp-json\/wp\/v2\/product_cat?post=37820"},{"taxonomy":"product_tag","embeddable":true,"href":"https:\/\/printagram.com\/es\/wp-json\/wp\/v2\/product_tag?post=37820"}],"curies":[{"name":"wp","href":"https:\/\/api.w.org\/{rel}","templated":true}]}}