{"id":3500,"date":"2023-01-02T14:01:01","date_gmt":"2023-01-02T13:01:01","guid":{"rendered":"https:\/\/printagram.com\/produkt\/arkusze-cyfrowe-plano\/"},"modified":"2025-01-26T19:57:00","modified_gmt":"2025-01-26T18:57:00","slug":"arkusze-cyfrowe-plano","status":"publish","type":"product","link":"https:\/\/printagram.com\/es\/producto\/hojas-de-impresion-digital\/","title":{"rendered":"Hojas de impresi\u00f3n digitales"},"content":{"rendered":"<p>Impresi\u00f3n a hoja completa. Formato de impresi\u00f3n 670\u00d7470 mm. Posibilidad de plastificado brillante, mate o soft-touch. Los acabados incluyen 3D metalizado y barniz UV convexo. Varios colores met\u00e1licos posibles en una hoja: oro, plata, cobre, holograma y otros. Laminado suave al tacto, entre otros.<\/p>\n<p>Requerimos que los dise\u00f1os listos para imprimir se env\u00eden como archivos PDF cerrados.<\/p>\n<p>El c\u00e1lculo se aplica a la impresi\u00f3n de un dise\u00f1o.<\/p>","protected":false},"excerpt":{"rendered":"<p>Hojas de impresi\u00f3n B2 con dorado y barniz UV. El c\u00e1lculo se refiere a la impresi\u00f3n de un dise\u00f1o.<\/p>","protected":false},"featured_media":28648,"template":"","meta":{"_seopress_robots_primary_cat":"none","_seopress_titles_title":"","_seopress_titles_desc":"","_seopress_robots_index":""},"product_brand":[],"product_cat":[311],"product_tag":[437,434],"class_list":{"0":"post-3500","1":"product","2":"type-product","3":"status-publish","4":"has-post-thumbnail","6":"product_cat-ulotki-plakaty","7":"product_tag-lakier-uv-selektywny","8":"product_tag-metallic-3d-zlocenie","10":"first","11":"instock","12":"taxable","13":"shipping-taxable","14":"purchasable","15":"product-type-simple"},"_links":{"self":[{"href":"https:\/\/printagram.com\/es\/wp-json\/wp\/v2\/product\/3500","targetHints":{"allow":["GET"]}}],"collection":[{"href":"https:\/\/printagram.com\/es\/wp-json\/wp\/v2\/product"}],"about":[{"href":"https:\/\/printagram.com\/es\/wp-json\/wp\/v2\/types\/product"}],"wp:featuredmedia":[{"embeddable":true,"href":"https:\/\/printagram.com\/es\/wp-json\/wp\/v2\/media\/28648"}],"wp:attachment":[{"href":"https:\/\/printagram.com\/es\/wp-json\/wp\/v2\/media?parent=3500"}],"wp:term":[{"taxonomy":"product_brand","embeddable":true,"href":"https:\/\/printagram.com\/es\/wp-json\/wp\/v2\/product_brand?post=3500"},{"taxonomy":"product_cat","embeddable":true,"href":"https:\/\/printagram.com\/es\/wp-json\/wp\/v2\/product_cat?post=3500"},{"taxonomy":"product_tag","embeddable":true,"href":"https:\/\/printagram.com\/es\/wp-json\/wp\/v2\/product_tag?post=3500"}],"curies":[{"name":"wp","href":"https:\/\/api.w.org\/{rel}","templated":true}]}}