{"id":3496,"date":"2023-01-02T14:00:48","date_gmt":"2023-01-02T13:00:48","guid":{"rendered":"https:\/\/printagram.com\/produkt\/naklejki-samoprzylepne\/"},"modified":"2024-04-02T18:13:50","modified_gmt":"2024-04-02T16:13:50","slug":"naklejki-samoprzylepne","status":"publish","type":"product","link":"https:\/\/printagram.com\/es\/producto\/pegatinas-autoadhesivas\/","title":{"rendered":"Pegatinas autoadhesivas"},"content":{"rendered":"<p>Etiquetas autoadhesivas impresas a todo color. Las pegatinas se pueden cortar de forma que se despeguen f\u00e1cilmente. S\u00f3lo tiene que preparar un dise\u00f1o para una pegatina y enviarlo con su pedido. Si no est\u00e1 convencido de que el dise\u00f1o cumple nuestros requisitos t\u00e9cnicos, puede enviarlo por adelantado para su verificaci\u00f3n gratuita.<\/p>","protected":false},"excerpt":{"rendered":"<p>Etiquetas autoadhesivas de papel o vinilo. Cortadas y listas para usar.<\/p>","protected":false},"featured_media":28639,"template":"","meta":{"_seopress_robots_primary_cat":"","_seopress_titles_title":"","_seopress_titles_desc":"","_seopress_robots_index":""},"product_brand":[],"product_cat":[283],"product_tag":[449,446,445],"class_list":{"0":"post-3496","1":"product","2":"type-product","3":"status-publish","4":"has-post-thumbnail","6":"product_cat-naklejki-plomby","7":"product_tag-produkcja","8":"product_tag-promowanie","9":"product_tag-sprzedaz-handel","11":"first","12":"instock","13":"taxable","14":"shipping-taxable","15":"purchasable","16":"product-type-simple"},"_links":{"self":[{"href":"https:\/\/printagram.com\/es\/wp-json\/wp\/v2\/product\/3496","targetHints":{"allow":["GET"]}}],"collection":[{"href":"https:\/\/printagram.com\/es\/wp-json\/wp\/v2\/product"}],"about":[{"href":"https:\/\/printagram.com\/es\/wp-json\/wp\/v2\/types\/product"}],"wp:featuredmedia":[{"embeddable":true,"href":"https:\/\/printagram.com\/es\/wp-json\/wp\/v2\/media\/28639"}],"wp:attachment":[{"href":"https:\/\/printagram.com\/es\/wp-json\/wp\/v2\/media?parent=3496"}],"wp:term":[{"taxonomy":"product_brand","embeddable":true,"href":"https:\/\/printagram.com\/es\/wp-json\/wp\/v2\/product_brand?post=3496"},{"taxonomy":"product_cat","embeddable":true,"href":"https:\/\/printagram.com\/es\/wp-json\/wp\/v2\/product_cat?post=3496"},{"taxonomy":"product_tag","embeddable":true,"href":"https:\/\/printagram.com\/es\/wp-json\/wp\/v2\/product_tag?post=3496"}],"curies":[{"name":"wp","href":"https:\/\/api.w.org\/{rel}","templated":true}]}}