{"id":3494,"date":"2023-01-02T14:00:41","date_gmt":"2023-01-02T13:00:41","guid":{"rendered":"https:\/\/printagram.com\/produkt\/teczki-firmowe-zlocone\/"},"modified":"2026-04-25T00:19:41","modified_gmt":"2026-04-24T22:19:41","slug":"teczki-firmowe-zlocone","status":"publish","type":"product","link":"https:\/\/printagram.com\/es\/producto\/carpetas-corporativas-doradas\/","title":{"rendered":"Carpetas corporativas doradas"},"content":{"rendered":"<p>Carpetas de empresa de tacto suave, chapadas en oro y con soporte UV. Elegante acabado con elementos met\u00e1licos en relieve, por ejemplo logotipos. Colores de la l\u00e1mina met\u00e1lica: plata, oro, Para este tipo de carpeta de empresa de cart\u00f3n disponemos de dos troquelados a elegir. La carpeta puede contener hasta aproximadamente 10 o 30 hojas A4 est\u00e1ndar, dependiendo del corte que elija.<\/p>\n<p>Las carpetas de empresa se imprimen y luego se plastifican con l\u00e1mina est\u00e1ndar suave al tacto o mate. En la hoja inferior se hacen ranuras para tarjetas de visita. Las carpetas se suministran sin plegar.<\/p>","protected":false},"excerpt":{"rendered":"<p>Carpetas en relieve doradas. Plastificadas por una o dos caras con opci\u00f3n de barnizado adicional en relieve UV.<\/p>","protected":false},"featured_media":42473,"template":"","meta":{"_seopress_robots_primary_cat":"none","_seopress_titles_title":"","_seopress_titles_desc":"","_seopress_robots_index":""},"product_brand":[],"product_cat":[292],"product_tag":[444,448,437,434,446],"class_list":{"0":"post-3494","1":"product","2":"type-product","3":"status-publish","4":"has-post-thumbnail","6":"product_cat-teczki-segregatory","7":"product_tag-firma-biuro","8":"product_tag-konferencje-kursy-szkolenia","9":"product_tag-lakier-uv-selektywny","10":"product_tag-metallic-3d-zlocenie","11":"product_tag-promowanie","13":"first","14":"instock","15":"taxable","16":"shipping-taxable","17":"purchasable","18":"product-type-simple"},"_links":{"self":[{"href":"https:\/\/printagram.com\/es\/wp-json\/wp\/v2\/product\/3494","targetHints":{"allow":["GET"]}}],"collection":[{"href":"https:\/\/printagram.com\/es\/wp-json\/wp\/v2\/product"}],"about":[{"href":"https:\/\/printagram.com\/es\/wp-json\/wp\/v2\/types\/product"}],"wp:featuredmedia":[{"embeddable":true,"href":"https:\/\/printagram.com\/es\/wp-json\/wp\/v2\/media\/42473"}],"wp:attachment":[{"href":"https:\/\/printagram.com\/es\/wp-json\/wp\/v2\/media?parent=3494"}],"wp:term":[{"taxonomy":"product_brand","embeddable":true,"href":"https:\/\/printagram.com\/es\/wp-json\/wp\/v2\/product_brand?post=3494"},{"taxonomy":"product_cat","embeddable":true,"href":"https:\/\/printagram.com\/es\/wp-json\/wp\/v2\/product_cat?post=3494"},{"taxonomy":"product_tag","embeddable":true,"href":"https:\/\/printagram.com\/es\/wp-json\/wp\/v2\/product_tag?post=3494"}],"curies":[{"name":"wp","href":"https:\/\/api.w.org\/{rel}","templated":true}]}}