{"id":3492,"date":"2023-01-02T14:00:25","date_gmt":"2023-01-02T13:00:25","guid":{"rendered":"https:\/\/printagram.com\/produkt\/arkusze-naklejek\/"},"modified":"2024-04-02T18:13:50","modified_gmt":"2024-04-02T16:13:50","slug":"arkusze-naklejek","status":"publish","type":"product","link":"https:\/\/printagram.com\/es\/producto\/hojas-de-pegatinas\/","title":{"rendered":"Hojas de pegatinas"},"content":{"rendered":"<p>Una gran alternativa a las pegatinas sueltas. Extienda usted mismo una variedad de dise\u00f1os en una sola hoja. As\u00ed dispondr\u00e1s de un conjunto completo de los distintos dise\u00f1os de adhesivos que necesites. Ya no est\u00e1s limitado por la necesidad de pedir cada dise\u00f1o por separado. Ahora ganas dinero y tiempo.<\/p>\n<p>Recibir\u00e1 hojas con adhesivos incisos, listas para usar. Prepare sus propios dise\u00f1os y exti\u00e9ndalos como desee en la hoja. No est\u00e1 limitado por nada. S\u00f3lo el tama\u00f1o de la hoja.<\/p>","protected":false},"excerpt":{"rendered":"<p>Hojas con pegatinas recortadas, listas para usar, diferentes dise\u00f1os en una hoja<\/p>","protected":false},"featured_media":22313,"template":"","meta":{"_seopress_robots_primary_cat":"","_seopress_titles_title":"","_seopress_titles_desc":"","_seopress_robots_index":""},"product_brand":[],"product_cat":[283],"product_tag":[449,446,445],"class_list":{"0":"post-3492","1":"product","2":"type-product","3":"status-publish","4":"has-post-thumbnail","6":"product_cat-naklejki-plomby","7":"product_tag-produkcja","8":"product_tag-promowanie","9":"product_tag-sprzedaz-handel","11":"first","12":"instock","13":"taxable","14":"shipping-taxable","15":"purchasable","16":"product-type-simple"},"_links":{"self":[{"href":"https:\/\/printagram.com\/es\/wp-json\/wp\/v2\/product\/3492","targetHints":{"allow":["GET"]}}],"collection":[{"href":"https:\/\/printagram.com\/es\/wp-json\/wp\/v2\/product"}],"about":[{"href":"https:\/\/printagram.com\/es\/wp-json\/wp\/v2\/types\/product"}],"wp:featuredmedia":[{"embeddable":true,"href":"https:\/\/printagram.com\/es\/wp-json\/wp\/v2\/media\/22313"}],"wp:attachment":[{"href":"https:\/\/printagram.com\/es\/wp-json\/wp\/v2\/media?parent=3492"}],"wp:term":[{"taxonomy":"product_brand","embeddable":true,"href":"https:\/\/printagram.com\/es\/wp-json\/wp\/v2\/product_brand?post=3492"},{"taxonomy":"product_cat","embeddable":true,"href":"https:\/\/printagram.com\/es\/wp-json\/wp\/v2\/product_cat?post=3492"},{"taxonomy":"product_tag","embeddable":true,"href":"https:\/\/printagram.com\/es\/wp-json\/wp\/v2\/product_tag?post=3492"}],"curies":[{"name":"wp","href":"https:\/\/api.w.org\/{rel}","templated":true}]}}